{"id":131,"date":"2020-04-13T15:16:59","date_gmt":"2020-04-13T13:16:59","guid":{"rendered":"http:\/\/filariane.com\/?page_id=131"},"modified":"2022-05-27T10:22:10","modified_gmt":"2022-05-27T08:22:10","slug":"lactualite","status":"publish","type":"page","link":"https:\/\/filariane.com\/?page_id=131","title":{"rendered":"Notre actualit\u00e9"},"content":{"rendered":"\n<p><strong>On s\u2019adapte !!!!<\/strong><\/p>\n\n\n\n<div class=\"wp-block-image\"><figure class=\"alignleft size-large is-resized\"><img loading=\"lazy\" decoding=\"async\" src=\"https:\/\/filariane.com\/wp-content\/uploads\/2021\/02\/2-1.jpg\" alt=\"\" class=\"wp-image-25051\" width=\"317\" height=\"237\"\/><figcaption>\u00ab\u00a0Go\u00f9ter &#8211; cirque\u00a0\u00bb<\/figcaption><\/figure><\/div>\n\n\n\n<p>La situation sanitaire ne nous permet pas de pratiquer dans les salles municipales. <\/p>\n\n\n\n<p>Nous proposons des\u00a0\u00bb Go\u00fbter &#8211; Cirque\u00a0\u00bb chaque mercredis: Un moment convivial Parent &#8211; Enfant de pratique du cirque alli\u00e9e au plaisir de se retrouver autour d&rsquo;un jus de fruit et d&rsquo;une part de g\u00e2teau&#8230;.En respectant les gestes barri\u00e8res&#8230;<\/p>\n\n\n\n<p><\/p>\n\n\n\n<p><\/p>\n\n\n\n<p><strong>Une belle passation&#8230;<\/strong><\/p>\n\n\n\n<div class=\"wp-block-image\"><figure class=\"alignleft size-large\"><img loading=\"lazy\" decoding=\"async\" width=\"260\" height=\"98\" src=\"https:\/\/filariane.com\/wp-content\/uploads\/2021\/01\/logo-boulegue.jpg\" alt=\"boul\u00e8gue production\" class=\"wp-image-25037\"\/><\/figure><\/div>\n\n\n\n<p style=\"font-size:15px\">Le spectacle <em><a href=\"https:\/\/filariane.com\/?page_id=347\" target=\"_blank\" rel=\"noreferrer noopener\"><strong>\u00ab\u00a0l&rsquo;incroyable histoire de J\u00e9r\u00e9my Fisher\u00a0\u00bb<\/strong><\/a><\/em> fait d\u00e9sormais parti de <strong><a href=\"http:\/\/www.boulegueproduction.com\/spectacles\/lincroyable-histoire-de-jeremy-fisher\" target=\"_blank\" rel=\"noreferrer noopener\">Boul\u00e8gue production <\/a><\/strong>pour la diffusion et la production&#8230;Nous en sommes ravis!!<\/p>\n\n\n\n<p><\/p>\n\n\n\n<p><\/p>\n\n\n\n<p>Nous vous invitons \u00e0 consulter nos pages :<\/p>\n\n\n\n<p style=\"font-size:15px\"><strong><a rel=\"noreferrer noopener\" href=\"http:\/\/filariane.com\/?page_id=93\" target=\"_blank\">\u00ab\u00a0Un Cirque pour Tous\u00a0\u00bb<\/a><\/strong> : notre projet de territoire<\/p>\n\n\n\n<p style=\"font-size:15px\"><strong><a href=\"http:\/\/filariane.com\/?page_id=38\" target=\"_blank\" rel=\"noreferrer noopener\">Le projet \u00e9ducatif <\/a><\/strong>du FIL D&rsquo;ARIANE<\/p>\n\n\n\n<p style=\"font-size:15px\">Vous pouvez nous suivre sur les r\u00e9seaux sociaux : <strong><a rel=\"noreferrer noopener\" href=\"https:\/\/www.facebook.com\/lefildarianecirque\" target=\"_blank\">Facebook<\/a><\/strong> &amp; <strong><a rel=\"noreferrer noopener\" href=\"https:\/\/www.instagram.com\/filariane_cirque\/\" target=\"_blank\">Instagram<\/a><\/strong> et vous inscrire afin de recevoir notre newsletter.<\/p>\n\n\n\n<p>Au plaisir de vous retrouver!<\/p>\n\n\n\n<p style=\"font-size:15px\">LE FIL D&rsquo;ARIANE<\/p>\n","protected":false},"excerpt":{"rendered":"<p>On s\u2019adapte !!!! La situation sanitaire ne nous permet pas de pratiquer dans les salles municipales. Nous proposons des\u00a0\u00bb Go\u00fbter &#8211; Cirque\u00a0\u00bb chaque mercredis: Un moment convivial Parent &#8211; Enfant de pratique du cirque alli\u00e9e au plaisir de se retrouver autour d&rsquo;un jus de fruit et d&rsquo;une part de g\u00e2teau&#8230;.En respectant les gestes barri\u00e8res&#8230; Une &hellip; <\/p>\n<p class=\"link-more\"><a href=\"https:\/\/filariane.com\/?page_id=131\" class=\"more-link\">Continuer la lecture<span class=\"screen-reader-text\"> de &laquo;&nbsp;Notre actualit\u00e9&nbsp;&raquo;<\/span><\/a><\/p>\n","protected":false},"author":2,"featured_media":0,"parent":0,"menu_order":0,"comment_status":"closed","ping_status":"closed","template":"","meta":{"footnotes":""},"class_list":["post-131","page","type-page","status-publish","hentry"],"yoast_head":"<!-- This site is optimized with the Yoast SEO plugin v26.8 - https:\/\/yoast.com\/product\/yoast-seo-wordpress\/ -->\n<title>Le Fil d&#039;Ariane - Notre actualit\u00e9 - L&#039;actualit\u00e9 du Fil d&#039;Ariane<\/title>\n<meta name=\"description\" content=\"Le Fil d&#039;Ariane - Notre actualit\u00e9 - L&#039;actualit\u00e9 du Fil d&#039;Ariane - Les Arts du Cirque pour grandir ensemble \/ \u00e9cole du lien et de la cr\u00e9ativit\u00e9\" \/>\n<meta name=\"robots\" content=\"index, follow, max-snippet:-1, max-image-preview:large, max-video-preview:-1\" \/>\n<link rel=\"canonical\" href=\"https:\/\/filariane.com\/?page_id=131\" \/>\n<meta property=\"og:locale\" content=\"fr_FR\" \/>\n<meta property=\"og:type\" content=\"article\" \/>\n<meta property=\"og:title\" content=\"Le Fil d&#039;Ariane - Notre actualit\u00e9 - L&#039;actualit\u00e9 du Fil d&#039;Ariane\" \/>\n<meta property=\"og:description\" content=\"Le Fil d&#039;Ariane - Notre actualit\u00e9 - L&#039;actualit\u00e9 du Fil d&#039;Ariane - Les Arts du Cirque pour grandir ensemble \/ \u00e9cole du lien et de la cr\u00e9ativit\u00e9\" \/>\n<meta property=\"og:url\" content=\"https:\/\/filariane.com\/?page_id=131\" \/>\n<meta property=\"og:site_name\" content=\"Le Fil d&#039;Ariane\" \/>\n<meta property=\"article:publisher\" content=\"https:\/\/www.facebook.com\/lefildarianecirque\" \/>\n<meta property=\"article:modified_time\" content=\"2022-05-27T08:22:10+00:00\" \/>\n<meta property=\"og:image\" content=\"https:\/\/filariane.com\/wp-content\/uploads\/2021\/02\/2-1.jpg\" \/>\n<meta name=\"twitter:card\" content=\"summary_large_image\" \/>\n<meta name=\"twitter:label1\" content=\"Dur\u00e9e de lecture estim\u00e9e\" \/>\n\t<meta name=\"twitter:data1\" content=\"2 minutes\" \/>\n<script type=\"application\/ld+json\" class=\"yoast-schema-graph\">{\"@context\":\"https:\/\/schema.org\",\"@graph\":[{\"@type\":[\"WebPage\",\"CollectionPage\"],\"@id\":\"https:\/\/filariane.com\/?page_id=131\",\"url\":\"https:\/\/filariane.com\/?page_id=131\",\"name\":\"Le Fil d&#039;Ariane - Notre actualit\u00e9 - L'actualit\u00e9 du Fil d'Ariane\",\"isPartOf\":{\"@id\":\"https:\/\/filariane.com\/#website\"},\"primaryImageOfPage\":{\"@id\":\"https:\/\/filariane.com\/?page_id=131#primaryimage\"},\"image\":{\"@id\":\"https:\/\/filariane.com\/?page_id=131#primaryimage\"},\"thumbnailUrl\":\"https:\/\/filariane.com\/wp-content\/uploads\/2021\/02\/2-1.jpg\",\"datePublished\":\"2020-04-13T13:16:59+00:00\",\"dateModified\":\"2022-05-27T08:22:10+00:00\",\"description\":\"Le Fil d&#039;Ariane - Notre actualit\u00e9 - L'actualit\u00e9 du Fil d'Ariane - Les Arts du Cirque pour grandir ensemble \/ \u00e9cole du lien et de la cr\u00e9ativit\u00e9\",\"breadcrumb\":{\"@id\":\"https:\/\/filariane.com\/?page_id=131#breadcrumb\"},\"inLanguage\":\"fr-FR\"},{\"@type\":\"ImageObject\",\"inLanguage\":\"fr-FR\",\"@id\":\"https:\/\/filariane.com\/?page_id=131#primaryimage\",\"url\":\"https:\/\/filariane.com\/wp-content\/uploads\/2021\/02\/2-1.jpg\",\"contentUrl\":\"https:\/\/filariane.com\/wp-content\/uploads\/2021\/02\/2-1.jpg\",\"width\":1984,\"height\":1488},{\"@type\":\"BreadcrumbList\",\"@id\":\"https:\/\/filariane.com\/?page_id=131#breadcrumb\",\"itemListElement\":[{\"@type\":\"ListItem\",\"position\":1,\"name\":\"Accueil\",\"item\":\"https:\/\/filariane.com\/\"},{\"@type\":\"ListItem\",\"position\":2,\"name\":\"L'actualit\u00e9 du Fil d'Ariane\"}]},{\"@type\":\"WebSite\",\"@id\":\"https:\/\/filariane.com\/#website\",\"url\":\"https:\/\/filariane.com\/\",\"name\":\"Le Fil d&#039;Ariane\",\"description\":\"les Arts du cirque pour grandir ensemble\",\"publisher\":{\"@id\":\"https:\/\/filariane.com\/#organization\"},\"potentialAction\":[{\"@type\":\"SearchAction\",\"target\":{\"@type\":\"EntryPoint\",\"urlTemplate\":\"https:\/\/filariane.com\/?s={search_term_string}\"},\"query-input\":{\"@type\":\"PropertyValueSpecification\",\"valueRequired\":true,\"valueName\":\"search_term_string\"}}],\"inLanguage\":\"fr-FR\"},{\"@type\":\"Organization\",\"@id\":\"https:\/\/filariane.com\/#organization\",\"name\":\"Le Fil d'Ariane\",\"url\":\"https:\/\/filariane.com\/\",\"logo\":{\"@type\":\"ImageObject\",\"inLanguage\":\"fr-FR\",\"@id\":\"https:\/\/filariane.com\/#\/schema\/logo\/image\/\",\"url\":\"https:\/\/filariane.com\/wp-content\/uploads\/2020\/04\/Fichier-1@2x.png\",\"contentUrl\":\"https:\/\/filariane.com\/wp-content\/uploads\/2020\/04\/Fichier-1@2x.png\",\"width\":1103,\"height\":569,\"caption\":\"Le Fil d'Ariane\"},\"image\":{\"@id\":\"https:\/\/filariane.com\/#\/schema\/logo\/image\/\"},\"sameAs\":[\"https:\/\/www.facebook.com\/lefildarianecirque\",\"https:\/\/www.instagram.com\/filariane_cirque\/\"]}]}<\/script>\n<!-- \/ Yoast SEO plugin. -->","yoast_head_json":{"title":"Le Fil d&#039;Ariane - Notre actualit\u00e9 - L'actualit\u00e9 du Fil d'Ariane","description":"Le Fil d&#039;Ariane - Notre actualit\u00e9 - L'actualit\u00e9 du Fil d'Ariane - Les Arts du Cirque pour grandir ensemble \/ \u00e9cole du lien et de la cr\u00e9ativit\u00e9","robots":{"index":"index","follow":"follow","max-snippet":"max-snippet:-1","max-image-preview":"max-image-preview:large","max-video-preview":"max-video-preview:-1"},"canonical":"https:\/\/filariane.com\/?page_id=131","og_locale":"fr_FR","og_type":"article","og_title":"Le Fil d&#039;Ariane - Notre actualit\u00e9 - L'actualit\u00e9 du Fil d'Ariane","og_description":"Le Fil d&#039;Ariane - Notre actualit\u00e9 - L'actualit\u00e9 du Fil d'Ariane - Les Arts du Cirque pour grandir ensemble \/ \u00e9cole du lien et de la cr\u00e9ativit\u00e9","og_url":"https:\/\/filariane.com\/?page_id=131","og_site_name":"Le Fil d&#039;Ariane","article_publisher":"https:\/\/www.facebook.com\/lefildarianecirque","article_modified_time":"2022-05-27T08:22:10+00:00","og_image":[{"url":"https:\/\/filariane.com\/wp-content\/uploads\/2021\/02\/2-1.jpg","type":"","width":"","height":""}],"twitter_card":"summary_large_image","twitter_misc":{"Dur\u00e9e de lecture estim\u00e9e":"2 minutes"},"schema":{"@context":"https:\/\/schema.org","@graph":[{"@type":["WebPage","CollectionPage"],"@id":"https:\/\/filariane.com\/?page_id=131","url":"https:\/\/filariane.com\/?page_id=131","name":"Le Fil d&#039;Ariane - Notre actualit\u00e9 - L'actualit\u00e9 du Fil d'Ariane","isPartOf":{"@id":"https:\/\/filariane.com\/#website"},"primaryImageOfPage":{"@id":"https:\/\/filariane.com\/?page_id=131#primaryimage"},"image":{"@id":"https:\/\/filariane.com\/?page_id=131#primaryimage"},"thumbnailUrl":"https:\/\/filariane.com\/wp-content\/uploads\/2021\/02\/2-1.jpg","datePublished":"2020-04-13T13:16:59+00:00","dateModified":"2022-05-27T08:22:10+00:00","description":"Le Fil d&#039;Ariane - Notre actualit\u00e9 - L'actualit\u00e9 du Fil d'Ariane - Les Arts du Cirque pour grandir ensemble \/ \u00e9cole du lien et de la cr\u00e9ativit\u00e9","breadcrumb":{"@id":"https:\/\/filariane.com\/?page_id=131#breadcrumb"},"inLanguage":"fr-FR"},{"@type":"ImageObject","inLanguage":"fr-FR","@id":"https:\/\/filariane.com\/?page_id=131#primaryimage","url":"https:\/\/filariane.com\/wp-content\/uploads\/2021\/02\/2-1.jpg","contentUrl":"https:\/\/filariane.com\/wp-content\/uploads\/2021\/02\/2-1.jpg","width":1984,"height":1488},{"@type":"BreadcrumbList","@id":"https:\/\/filariane.com\/?page_id=131#breadcrumb","itemListElement":[{"@type":"ListItem","position":1,"name":"Accueil","item":"https:\/\/filariane.com\/"},{"@type":"ListItem","position":2,"name":"L'actualit\u00e9 du Fil d'Ariane"}]},{"@type":"WebSite","@id":"https:\/\/filariane.com\/#website","url":"https:\/\/filariane.com\/","name":"Le Fil d&#039;Ariane","description":"les Arts du cirque pour grandir ensemble","publisher":{"@id":"https:\/\/filariane.com\/#organization"},"potentialAction":[{"@type":"SearchAction","target":{"@type":"EntryPoint","urlTemplate":"https:\/\/filariane.com\/?s={search_term_string}"},"query-input":{"@type":"PropertyValueSpecification","valueRequired":true,"valueName":"search_term_string"}}],"inLanguage":"fr-FR"},{"@type":"Organization","@id":"https:\/\/filariane.com\/#organization","name":"Le Fil d'Ariane","url":"https:\/\/filariane.com\/","logo":{"@type":"ImageObject","inLanguage":"fr-FR","@id":"https:\/\/filariane.com\/#\/schema\/logo\/image\/","url":"https:\/\/filariane.com\/wp-content\/uploads\/2020\/04\/Fichier-1@2x.png","contentUrl":"https:\/\/filariane.com\/wp-content\/uploads\/2020\/04\/Fichier-1@2x.png","width":1103,"height":569,"caption":"Le Fil d'Ariane"},"image":{"@id":"https:\/\/filariane.com\/#\/schema\/logo\/image\/"},"sameAs":["https:\/\/www.facebook.com\/lefildarianecirque","https:\/\/www.instagram.com\/filariane_cirque\/"]}]}},"_links":{"self":[{"href":"https:\/\/filariane.com\/index.php?rest_route=\/wp\/v2\/pages\/131","targetHints":{"allow":["GET"]}}],"collection":[{"href":"https:\/\/filariane.com\/index.php?rest_route=\/wp\/v2\/pages"}],"about":[{"href":"https:\/\/filariane.com\/index.php?rest_route=\/wp\/v2\/types\/page"}],"author":[{"embeddable":true,"href":"https:\/\/filariane.com\/index.php?rest_route=\/wp\/v2\/users\/2"}],"replies":[{"embeddable":true,"href":"https:\/\/filariane.com\/index.php?rest_route=%2Fwp%2Fv2%2Fcomments&post=131"}],"version-history":[{"count":13,"href":"https:\/\/filariane.com\/index.php?rest_route=\/wp\/v2\/pages\/131\/revisions"}],"predecessor-version":[{"id":25053,"href":"https:\/\/filariane.com\/index.php?rest_route=\/wp\/v2\/pages\/131\/revisions\/25053"}],"wp:attachment":[{"href":"https:\/\/filariane.com\/index.php?rest_route=%2Fwp%2Fv2%2Fmedia&parent=131"}],"curies":[{"name":"wp","href":"https:\/\/api.w.org\/{rel}","templated":true}]}}