{"id":25091,"date":"2021-03-15T08:53:52","date_gmt":"2021-03-15T07:53:52","guid":{"rendered":"https:\/\/filariane.com\/?page_id=25091"},"modified":"2025-08-28T17:08:15","modified_gmt":"2025-08-28T15:08:15","slug":"faq","status":"publish","type":"page","link":"https:\/\/filariane.com\/?page_id=25091","title":{"rendered":"F.A.Q: La Foire aux Questions"},"content":{"rendered":"\n<h2 class=\"wp-block-heading\"><strong><mark style=\"background-color:rgba(0, 0, 0, 0)\" class=\"has-inline-color has-luminous-vivid-amber-color\">Comment se rendre au fil d&rsquo;Ariane ?<\/mark><\/strong><\/h2>\n\n\n\n<div class=\"wp-block-media-text alignwide is-stacked-on-mobile\"><figure class=\"wp-block-media-text__media\"><img loading=\"lazy\" decoding=\"async\" width=\"640\" height=\"407\" src=\"https:\/\/filariane.com\/wp-content\/uploads\/2021\/03\/IMG_3854-1.jpg\" alt=\"\" class=\"wp-image-25135 size-full\"\/><\/figure><div class=\"wp-block-media-text__content\">\n<p>Les cours hebdomadaires se d\u00e9roulent les mercredis et samedis au gymnase de la seigneurie \u00e0 Saint-Cannat. (15 min d&rsquo;Aix en Pce, 5 min de Lambesc, 20 min de Salon de Pce.)<\/p>\n<\/div><\/div>\n\n\n\n<h2 class=\"wp-block-heading\"><strong><mark style=\"background-color:rgba(0, 0, 0, 0)\" class=\"has-inline-color has-luminous-vivid-amber-color\">Comment contacter le fil d&rsquo;Ariane?<\/mark><\/strong><\/h2>\n\n\n\n<p>Par t\u00e9l\u00e9phone : <a href=\"https:\/\/www.google.com\/search?sxsrf=ALeKk02DHnQ0S5PnDN_uqFyn-FMIdC8lGA%3A1615816430152&amp;ei=7mZPYLPiCMiJlwSLrqeQDQ&amp;q=fil+d%27ariane+cirque&amp;oq=fil+d%27ariane+cirque&amp;gs_lcp=Cgdnd3Mtd2l6EAMyBAgjECc6BwgjELADECc6BwgAELADEEM6BwguELADEEM6CAgAEMcBEK8BOgIIADoGCAAQFhAeUPgMWOQXYOcaaAFwAngAgAGBAogByAiSAQUwLjcuMZgBAKABAaoBB2d3cy13aXrIAQrAAQE&amp;sclient=gws-wiz&amp;ved=0ahUKEwizkd2iubLvAhXIxIUKHQvXCdIQ4dUDCA0&amp;uact=5#\">06 20 46 23 91<\/a> , sur notre e-mail ou sur nos r\u00e9seaux sociaux, <a href=\"https:\/\/www.facebook.com\/lefildarianecirque\">Facebook <\/a>et <a href=\"https:\/\/www.instagram.com\/filariane_cirque\/\">instagram.<\/a><\/p>\n\n\n\n<h2 class=\"wp-block-heading\"><strong><mark style=\"background-color:rgba(0, 0, 0, 0)\" class=\"has-inline-color has-luminous-vivid-amber-color\">En quoi consiste les cours de cirque ?<\/mark><\/strong><\/h2>\n\n\n\n<p>Le cours d\u00e9bute par une mise  en condition : un \u00e9chauffement physique, ainsi que des activit\u00e9s de coh\u00e9sion, d&rsquo;entraide et d&rsquo;observation. Le cirque est un art autant qu&rsquo;une activit\u00e9 physique : Les arts du cirque, m\u00ealent l&rsquo;acrobatie et l&rsquo;expression artistique.(arts du clown, th\u00e9\u00e2tre, magie, \u00e9coute musicale&#8230;) <\/p>\n\n\n\n<p>En fin de s\u00e9ance, un retour libre permettant l&rsquo;expression de chacun et quelques \u00e9tirements physiques.<\/p>\n\n\n\n<h2 class=\"wp-block-heading\"><strong><mark style=\"background-color:rgba(0, 0, 0, 0)\" class=\"has-inline-color has-luminous-vivid-amber-color\">Le cirque est-il adaptable aux  personnes \u00e0 mobilit\u00e9 r\u00e9duite?<\/mark><\/strong><\/h2>\n\n\n\n<p>Oui, tout \u00e0 fait !  De par la multiplicit\u00e9 de ses disciplines, la pratique du cirque est adaptable \u00e0 tous types de publics.<\/p>\n\n\n\n<h2 class=\"wp-block-heading\"><strong><mark style=\"background-color:rgba(0, 0, 0, 0)\" class=\"has-inline-color has-luminous-vivid-amber-color\">Pourrais-je participer \u00e0 un cours d&rsquo;essai?<\/mark><\/strong><\/h2>\n\n\n\n<p>Oui, bien s\u00fbr, tout au long de l&rsquo;ann\u00e9e il est possible de participer \u00e0 un cours d&rsquo;essai.<\/p>\n\n\n\n<h2 class=\"wp-block-heading\"><strong><mark style=\"background-color:rgba(0, 0, 0, 0)\" class=\"has-inline-color has-luminous-vivid-amber-color\">Faut-il une tenue sp\u00e9ciale pour faire du cirque ?<\/mark><\/strong><\/h2>\n\n\n\n<p>une tenue ample type \u00ab\u00a0jogging\u00a0\u00bb, les pratiquants sont souvent pieds nus ou en chaussettes.<\/p>\n\n\n\n<p>Il est \u00e9galement utile  de pr\u00e9voir une gourde afin de se d\u00e9salt\u00e9rer r\u00e9guli\u00e8rement.<\/p>\n\n\n\n<h2 class=\"wp-block-heading\"><strong><mark style=\"background-color:rgba(0, 0, 0, 0)\" class=\"has-inline-color has-luminous-vivid-amber-color\">C&rsquo;est quoi le projet \u00ab\u00a0Un cirque pour tous\u00a0\u00bb ?<\/mark><\/strong><\/h2>\n\n\n\n<div class=\"wp-block-media-text is-stacked-on-mobile\"><figure class=\"wp-block-media-text__media\"><img loading=\"lazy\" decoding=\"async\" width=\"343\" height=\"451\" src=\"https:\/\/filariane.com\/wp-content\/uploads\/2025\/08\/rentree-filariane-2020.jpg\" alt=\"la rentr\u00e9e du fil d'ariane\" class=\"wp-image-25998 size-full\"\/><\/figure><div class=\"wp-block-media-text__content\">\n<p>\u00a0\u00bb Un cirque pour tous\u00a0\u00bb c&rsquo;est une r\u00e8gle d\u00e9ontologique : Proposer une activit\u00e9 inclusive destin\u00e9e \u00e0 tous les publics sans aucunes formes de pros\u00e9lytisme.<\/p>\n\n\n\n<p>Le fil d&rsquo;Ariane intervient aupr\u00e8s de b\u00e9b\u00e9s, enfants, ados, adultes, personnes \u00e2g\u00e9es, personnes sous mains de justice, personnes en situation d&rsquo;handicap, d\u00e9butants, semi-pro.<\/p>\n<\/div><\/div>\n\n\n\n<h2 class=\"wp-block-heading\"><strong><mark style=\"background-color:rgba(0, 0, 0, 0)\" class=\"has-inline-color has-luminous-vivid-amber-color\">Qu&rsquo;est-ce qu&rsquo;on y apprend ?<\/mark><\/strong><\/h2>\n\n\n\n<p>Bien s\u00fbr, on y apprend \u00e0 jongler, faire des acrobaties et des jeux d&rsquo;\u00e9quilibre.<\/p>\n\n\n\n<p>On y apprend aussi l&rsquo;alt\u00e9rit\u00e9, on y d\u00e9veloppe l&rsquo;estime de soi,  on d\u00e9couvre  la n\u00e9cessit\u00e9 de l&rsquo;entraide, on appr\u00e9hende les notions de s\u00e9curit\u00e9 et de \u00ab\u00a0risques mesur\u00e9s\u00a0\u00bb, de bienveillance.<\/p>\n\n\n\n<p>Enfin, on met en relation les notions de travail, de pers\u00e9v\u00e9rance, et de jeu.<\/p>\n\n\n\n<h2 class=\"wp-block-heading\"><strong><mark style=\"background-color:rgba(0, 0, 0, 0)\" class=\"has-inline-color has-luminous-vivid-amber-color\">Au bout de combien de temps apprend-on \u00e0 jongler&nbsp;?<\/mark><\/strong><\/h2>\n\n\n\n<div class=\"wp-block-media-text alignwide is-stacked-on-mobile\" style=\"grid-template-columns:36% auto\"><figure class=\"wp-block-media-text__media\"><a href=\"https:\/\/filariane.com\/?cat=9\" target=\"_blank\" rel=\"noopener\"><img loading=\"lazy\" decoding=\"async\" width=\"236\" height=\"315\" src=\"https:\/\/filariane.com\/wp-content\/uploads\/2020\/12\/10-fin.jpg\" alt=\"tuto balles de jonglerie\" class=\"wp-image-25019 size-full\"\/><\/a><\/figure><div class=\"wp-block-media-text__content\">\n<p>Cela d\u00e9pend de votre \u00e2ge, et de votre pers\u00e9v\u00e9rance.<\/p>\n\n\n\n<p>A 3 objets, de quelques minutes \u00e0 quelques heures. Pour davantage d&rsquo;objets, de quelques mois \u00e0 quelques ann\u00e9es.<\/p>\n\n\n\n<p>Au del\u00e0 d&rsquo;envoyer des objets en l&rsquo;air, la jonglerie permet de d\u00e9velopper la concentration, la dext\u00e9rit\u00e9, la conscience de son corps dans l&rsquo;espace (sch\u00e9ma corporel), la musicalit\u00e9 et la patience.<\/p>\n<\/div><\/div>\n","protected":false},"excerpt":{"rendered":"<p>Comment se rendre au fil d&rsquo;Ariane ? Les cours hebdomadaires se d\u00e9roulent les mercredis et samedis au gymnase de la seigneurie \u00e0 Saint-Cannat. (15 min d&rsquo;Aix en Pce, 5 min de Lambesc, 20 min de Salon de Pce.) Comment contacter le fil d&rsquo;Ariane? Par t\u00e9l\u00e9phone : 06 20 46 23 91 , sur notre e-mail &hellip; <\/p>\n<p class=\"link-more\"><a href=\"https:\/\/filariane.com\/?page_id=25091\" class=\"more-link\">Continuer la lecture<span class=\"screen-reader-text\"> de &laquo;&nbsp;F.A.Q: La Foire aux Questions&nbsp;&raquo;<\/span><\/a><\/p>\n","protected":false},"author":2,"featured_media":0,"parent":0,"menu_order":0,"comment_status":"closed","ping_status":"closed","template":"","meta":{"footnotes":""},"class_list":["post-25091","page","type-page","status-publish","hentry"],"yoast_head":"<!-- This site is optimized with the Yoast SEO plugin v26.8 - https:\/\/yoast.com\/product\/yoast-seo-wordpress\/ -->\n<title>F.A.Q: La Foire aux Questions - Le Fil d&#039;Ariane<\/title>\n<meta name=\"description\" content=\"arts du cirque\" \/>\n<meta name=\"robots\" content=\"index, follow, max-snippet:-1, max-image-preview:large, max-video-preview:-1\" \/>\n<link rel=\"canonical\" href=\"https:\/\/filariane.com\/?page_id=25091\" \/>\n<meta property=\"og:locale\" content=\"fr_FR\" \/>\n<meta property=\"og:type\" content=\"article\" \/>\n<meta property=\"og:title\" content=\"F.A.Q: La Foire aux Questions - Le Fil d&#039;Ariane\" \/>\n<meta property=\"og:description\" content=\"arts du cirque\" \/>\n<meta property=\"og:url\" content=\"https:\/\/filariane.com\/?page_id=25091\" \/>\n<meta property=\"og:site_name\" content=\"Le Fil d&#039;Ariane\" \/>\n<meta property=\"article:publisher\" content=\"https:\/\/www.facebook.com\/lefildarianecirque\" \/>\n<meta property=\"article:modified_time\" content=\"2025-08-28T15:08:15+00:00\" \/>\n<meta property=\"og:image\" content=\"https:\/\/filariane.com\/wp-content\/uploads\/2021\/03\/IMG_3854-1.jpg\" \/>\n\t<meta property=\"og:image:width\" content=\"640\" \/>\n\t<meta property=\"og:image:height\" content=\"407\" \/>\n\t<meta property=\"og:image:type\" content=\"image\/jpeg\" \/>\n<meta name=\"twitter:card\" content=\"summary_large_image\" \/>\n<meta name=\"twitter:label1\" content=\"Dur\u00e9e de lecture estim\u00e9e\" \/>\n\t<meta name=\"twitter:data1\" content=\"3 minutes\" \/>\n<script type=\"application\/ld+json\" class=\"yoast-schema-graph\">{\"@context\":\"https:\/\/schema.org\",\"@graph\":[{\"@type\":\"WebPage\",\"@id\":\"https:\/\/filariane.com\/?page_id=25091\",\"url\":\"https:\/\/filariane.com\/?page_id=25091\",\"name\":\"F.A.Q: La Foire aux Questions - Le Fil d&#039;Ariane\",\"isPartOf\":{\"@id\":\"https:\/\/filariane.com\/#website\"},\"primaryImageOfPage\":{\"@id\":\"https:\/\/filariane.com\/?page_id=25091#primaryimage\"},\"image\":{\"@id\":\"https:\/\/filariane.com\/?page_id=25091#primaryimage\"},\"thumbnailUrl\":\"https:\/\/filariane.com\/wp-content\/uploads\/2021\/03\/IMG_3854-1.jpg\",\"datePublished\":\"2021-03-15T07:53:52+00:00\",\"dateModified\":\"2025-08-28T15:08:15+00:00\",\"description\":\"arts du cirque\",\"breadcrumb\":{\"@id\":\"https:\/\/filariane.com\/?page_id=25091#breadcrumb\"},\"inLanguage\":\"fr-FR\",\"potentialAction\":[{\"@type\":\"ReadAction\",\"target\":[\"https:\/\/filariane.com\/?page_id=25091\"]}]},{\"@type\":\"ImageObject\",\"inLanguage\":\"fr-FR\",\"@id\":\"https:\/\/filariane.com\/?page_id=25091#primaryimage\",\"url\":\"https:\/\/filariane.com\/wp-content\/uploads\/2021\/03\/IMG_3854-1.jpg\",\"contentUrl\":\"https:\/\/filariane.com\/wp-content\/uploads\/2021\/03\/IMG_3854-1.jpg\",\"width\":640,\"height\":407},{\"@type\":\"BreadcrumbList\",\"@id\":\"https:\/\/filariane.com\/?page_id=25091#breadcrumb\",\"itemListElement\":[{\"@type\":\"ListItem\",\"position\":1,\"name\":\"Accueil\",\"item\":\"https:\/\/filariane.com\/\"},{\"@type\":\"ListItem\",\"position\":2,\"name\":\"F.A.Q: La Foire aux Questions\"}]},{\"@type\":\"WebSite\",\"@id\":\"https:\/\/filariane.com\/#website\",\"url\":\"https:\/\/filariane.com\/\",\"name\":\"Le Fil d&#039;Ariane\",\"description\":\"les Arts du cirque pour grandir ensemble\",\"publisher\":{\"@id\":\"https:\/\/filariane.com\/#organization\"},\"potentialAction\":[{\"@type\":\"SearchAction\",\"target\":{\"@type\":\"EntryPoint\",\"urlTemplate\":\"https:\/\/filariane.com\/?s={search_term_string}\"},\"query-input\":{\"@type\":\"PropertyValueSpecification\",\"valueRequired\":true,\"valueName\":\"search_term_string\"}}],\"inLanguage\":\"fr-FR\"},{\"@type\":\"Organization\",\"@id\":\"https:\/\/filariane.com\/#organization\",\"name\":\"Le Fil d'Ariane\",\"url\":\"https:\/\/filariane.com\/\",\"logo\":{\"@type\":\"ImageObject\",\"inLanguage\":\"fr-FR\",\"@id\":\"https:\/\/filariane.com\/#\/schema\/logo\/image\/\",\"url\":\"https:\/\/filariane.com\/wp-content\/uploads\/2020\/04\/Fichier-1@2x.png\",\"contentUrl\":\"https:\/\/filariane.com\/wp-content\/uploads\/2020\/04\/Fichier-1@2x.png\",\"width\":1103,\"height\":569,\"caption\":\"Le Fil d'Ariane\"},\"image\":{\"@id\":\"https:\/\/filariane.com\/#\/schema\/logo\/image\/\"},\"sameAs\":[\"https:\/\/www.facebook.com\/lefildarianecirque\",\"https:\/\/www.instagram.com\/filariane_cirque\/\"]}]}<\/script>\n<!-- \/ Yoast SEO plugin. -->","yoast_head_json":{"title":"F.A.Q: La Foire aux Questions - Le Fil d&#039;Ariane","description":"arts du cirque","robots":{"index":"index","follow":"follow","max-snippet":"max-snippet:-1","max-image-preview":"max-image-preview:large","max-video-preview":"max-video-preview:-1"},"canonical":"https:\/\/filariane.com\/?page_id=25091","og_locale":"fr_FR","og_type":"article","og_title":"F.A.Q: La Foire aux Questions - Le Fil d&#039;Ariane","og_description":"arts du cirque","og_url":"https:\/\/filariane.com\/?page_id=25091","og_site_name":"Le Fil d&#039;Ariane","article_publisher":"https:\/\/www.facebook.com\/lefildarianecirque","article_modified_time":"2025-08-28T15:08:15+00:00","og_image":[{"width":640,"height":407,"url":"https:\/\/filariane.com\/wp-content\/uploads\/2021\/03\/IMG_3854-1.jpg","type":"image\/jpeg"}],"twitter_card":"summary_large_image","twitter_misc":{"Dur\u00e9e de lecture estim\u00e9e":"3 minutes"},"schema":{"@context":"https:\/\/schema.org","@graph":[{"@type":"WebPage","@id":"https:\/\/filariane.com\/?page_id=25091","url":"https:\/\/filariane.com\/?page_id=25091","name":"F.A.Q: La Foire aux Questions - Le Fil d&#039;Ariane","isPartOf":{"@id":"https:\/\/filariane.com\/#website"},"primaryImageOfPage":{"@id":"https:\/\/filariane.com\/?page_id=25091#primaryimage"},"image":{"@id":"https:\/\/filariane.com\/?page_id=25091#primaryimage"},"thumbnailUrl":"https:\/\/filariane.com\/wp-content\/uploads\/2021\/03\/IMG_3854-1.jpg","datePublished":"2021-03-15T07:53:52+00:00","dateModified":"2025-08-28T15:08:15+00:00","description":"arts du cirque","breadcrumb":{"@id":"https:\/\/filariane.com\/?page_id=25091#breadcrumb"},"inLanguage":"fr-FR","potentialAction":[{"@type":"ReadAction","target":["https:\/\/filariane.com\/?page_id=25091"]}]},{"@type":"ImageObject","inLanguage":"fr-FR","@id":"https:\/\/filariane.com\/?page_id=25091#primaryimage","url":"https:\/\/filariane.com\/wp-content\/uploads\/2021\/03\/IMG_3854-1.jpg","contentUrl":"https:\/\/filariane.com\/wp-content\/uploads\/2021\/03\/IMG_3854-1.jpg","width":640,"height":407},{"@type":"BreadcrumbList","@id":"https:\/\/filariane.com\/?page_id=25091#breadcrumb","itemListElement":[{"@type":"ListItem","position":1,"name":"Accueil","item":"https:\/\/filariane.com\/"},{"@type":"ListItem","position":2,"name":"F.A.Q: La Foire aux Questions"}]},{"@type":"WebSite","@id":"https:\/\/filariane.com\/#website","url":"https:\/\/filariane.com\/","name":"Le Fil d&#039;Ariane","description":"les Arts du cirque pour grandir ensemble","publisher":{"@id":"https:\/\/filariane.com\/#organization"},"potentialAction":[{"@type":"SearchAction","target":{"@type":"EntryPoint","urlTemplate":"https:\/\/filariane.com\/?s={search_term_string}"},"query-input":{"@type":"PropertyValueSpecification","valueRequired":true,"valueName":"search_term_string"}}],"inLanguage":"fr-FR"},{"@type":"Organization","@id":"https:\/\/filariane.com\/#organization","name":"Le Fil d'Ariane","url":"https:\/\/filariane.com\/","logo":{"@type":"ImageObject","inLanguage":"fr-FR","@id":"https:\/\/filariane.com\/#\/schema\/logo\/image\/","url":"https:\/\/filariane.com\/wp-content\/uploads\/2020\/04\/Fichier-1@2x.png","contentUrl":"https:\/\/filariane.com\/wp-content\/uploads\/2020\/04\/Fichier-1@2x.png","width":1103,"height":569,"caption":"Le Fil d'Ariane"},"image":{"@id":"https:\/\/filariane.com\/#\/schema\/logo\/image\/"},"sameAs":["https:\/\/www.facebook.com\/lefildarianecirque","https:\/\/www.instagram.com\/filariane_cirque\/"]}]}},"_links":{"self":[{"href":"https:\/\/filariane.com\/index.php?rest_route=\/wp\/v2\/pages\/25091","targetHints":{"allow":["GET"]}}],"collection":[{"href":"https:\/\/filariane.com\/index.php?rest_route=\/wp\/v2\/pages"}],"about":[{"href":"https:\/\/filariane.com\/index.php?rest_route=\/wp\/v2\/types\/page"}],"author":[{"embeddable":true,"href":"https:\/\/filariane.com\/index.php?rest_route=\/wp\/v2\/users\/2"}],"replies":[{"embeddable":true,"href":"https:\/\/filariane.com\/index.php?rest_route=%2Fwp%2Fv2%2Fcomments&post=25091"}],"version-history":[{"count":33,"href":"https:\/\/filariane.com\/index.php?rest_route=\/wp\/v2\/pages\/25091\/revisions"}],"predecessor-version":[{"id":25999,"href":"https:\/\/filariane.com\/index.php?rest_route=\/wp\/v2\/pages\/25091\/revisions\/25999"}],"wp:attachment":[{"href":"https:\/\/filariane.com\/index.php?rest_route=%2Fwp%2Fv2%2Fmedia&parent=25091"}],"curies":[{"name":"wp","href":"https:\/\/api.w.org\/{rel}","templated":true}]}}