{"id":25258,"date":"2021-08-26T20:24:37","date_gmt":"2021-08-26T18:24:37","guid":{"rendered":"https:\/\/filariane.com\/?page_id=25258"},"modified":"2025-09-29T18:12:55","modified_gmt":"2025-09-29T16:12:55","slug":"amicale-magique","status":"publish","type":"page","link":"https:\/\/filariane.com\/?page_id=25258","title":{"rendered":"L&rsquo;amicale magique du Fil"},"content":{"rendered":"\n<h2 class=\"wp-block-heading\"><mark style=\"background-color:rgba(0, 0, 0, 0)\" class=\"has-inline-color has-luminous-vivid-amber-color\">POURQUOI ?<\/mark><\/h2>\n\n\n<div class=\"wp-block-image is-style-default\">\n<figure class=\"alignleft size-full is-resized\"><img loading=\"lazy\" decoding=\"async\" width=\"800\" height=\"800\" src=\"https:\/\/filariane.com\/wp-content\/uploads\/2025\/09\/logo-amicale-magique-2025.png\" alt=\"logo amicale magique 2025\" class=\"wp-image-26015\" style=\"width:324px;height:297px\"\/><\/figure>\n<\/div>\n\n\n<p style=\"font-size:15px\"><mark style=\"background-color:rgba(0, 0, 0, 0)\" class=\"has-inline-color has-luminous-vivid-amber-color\">L&rsquo;amicale magique du Fil d&rsquo;Ariane <\/mark>r\u00e9unis des passionn\u00e9s de l&rsquo;art magique en r\u00e9gion Sud.<\/p>\n\n\n\n<p style=\"font-size:15px\">Des grands cirques am\u00e9ricains aux entre-sorts du 19e si\u00e8cle, des cabarets aux revues de grandes illusions, le cirque et la magie se suivent, se croisent et se rencontrent tout au long de l&rsquo;histoire des arts vivants. Ce sont des \u00ab\u00a0arts-fr\u00e8res\u00a0\u00bb, des arts populaires toujours au plus pr\u00e8s du public, des populations, de la rue et de l&rsquo;imagerie collective. <\/p>\n\n\n\n<p style=\"font-size:15px\">Aujourd&rsquo;hui encore certains grands magiciens fran\u00e7ais (Yann Frisch, \u00c9tienne Saglio, Rapha\u00ebl Navarro, &#8230; )ont un lien \u00e9troit avec le cirque. Le <a href=\"https:\/\/www.cnac.fr\/\" target=\"_blank\" rel=\"noreferrer noopener\">Centre National des Arts du Cirque <\/a>h\u00e9berge un des plus grand fond de ressources pour le cirque et la magie. Il est \u00e9galement un des grands acteurs du renouv\u00e8lement de cette discipline et accompagne le mouvement de la <a href=\"https:\/\/artefake.fr\/la-magie-nouvelle\/\" target=\"_blank\" rel=\"noreferrer noopener\">\u00ab\u00a0magie nouvelle\u00a0\u00bb<\/a>. La magie op\u00e8re un tournant important comme le cirque contemporain il y a 40 ans.<\/p>\n\n\n\n<p style=\"font-size:15px\"><mark style=\"background-color:rgba(0, 0, 0, 0)\" class=\"has-inline-color has-luminous-vivid-amber-color\">Le Fil d&rsquo;Ariane se passionne pour les liens transversaux entre les disciplines artistiques<\/mark>. La sc\u00e9nographie, la mise en sc\u00e8ne et la performance acrobatique cr\u00e9ent la magie singuli\u00e8re du cirque. A bien des \u00e9gards, la magie prend des risques dans ce qu&rsquo;elle cache autant que dans ce qu&rsquo;elle laisse voir. <\/p>\n\n\n\n<h2 class=\"wp-block-heading\"><mark style=\"background-color:rgba(0, 0, 0, 0)\" class=\"has-inline-color has-luminous-vivid-amber-color\">POUR QUI ?<\/mark><\/h2>\n\n\n\n<p>Les <strong>ados et adultes<\/strong>.<\/p>\n\n\n\n<p style=\"font-size:15px\">Tout amateur d\u00e9sireux de rencontrer d\u2019autres pratiquants dans une ambiance festive et bienveillante.<\/p>\n\n\n\n<h2 class=\"wp-block-heading\"><mark style=\"background-color:rgba(0, 0, 0, 0)\" class=\"has-inline-color has-luminous-vivid-amber-color\">O\u00f9 ? QUAND ?<\/mark><\/h2>\n\n\n\n<p style=\"font-size:15px\">Au <mark style=\"background-color:rgba(0, 0, 0, 0)\" class=\"has-inline-color has-black-color\"><a href=\"https:\/\/www.aumaquis.org\/\" target=\"_blank\" rel=\"noreferrer noopener\">caf\u00e9 villageois <\/a>\u00e0 Lauris (84)<\/mark><\/p>\n\n\n\n<p style=\"font-size:15px\">Les rencontres auront lieu <strong>\u00e0 partir de  20h30<\/strong><\/p>\n\n\n\n<p><strong>En 2024<\/strong> :<br>Les mardis 17 sept, 15 oct, 19 nov., 17 d\u00e9c.<\/p>\n\n\n\n<p><strong>En 2025:<\/strong><br>21 jan., 18 f\u00e9v., 18 mars, 15 avril, 20 mai, 17 juin<\/p>\n\n\n\n<h2 class=\"wp-block-heading\"><mark style=\"background-color:rgba(0, 0, 0, 0)\" class=\"has-inline-color has-luminous-vivid-amber-color\">COMMENT ?<\/mark><\/h2>\n\n\n\n<div class=\"wp-block-media-text alignwide is-stacked-on-mobile\" style=\"grid-template-columns:34% auto\"><figure class=\"wp-block-media-text__media\"><img loading=\"lazy\" decoding=\"async\" width=\"350\" height=\"500\" src=\"https:\/\/filariane.com\/wp-content\/uploads\/2021\/08\/photo-mika-magie.jpg\" alt=\"amicale magique le fil d'Ariane\" class=\"wp-image-25313 size-full\"\/><\/figure><div class=\"wp-block-media-text__content\">\n<p style=\"font-size:15px\">L&rsquo;amicale magique du Fil d&rsquo;Ariane r\u00e9unis des <mark style=\"background-color:rgba(0, 0, 0, 0)\" class=\"has-inline-color has-luminous-vivid-amber-color\">passionn\u00e9(e)s de tous niveaux<\/mark>. Le n\u00e9ophyte rencontre le professionnel et l&rsquo;amateur \u00e9clair\u00e9. Ici, aucune pression. Simplement l&rsquo;envie de partager l&rsquo;art s\u00e9culaire,  et pourtant en constante \u00e9volution, de la magie. <\/p>\n\n\n\n<p style=\"font-size:15px\">Chacun pourra montrer quelques tours, certains pourront \u00eatre expliqu\u00e9s. Nous \u00e9changerons autour d&rsquo;un verre convivial sur des techniques, des approches psychologiques, des choix de mises en sc\u00e8ne.<\/p>\n<\/div><\/div>\n\n\n\n<p style=\"font-size:15px\">Enfin, des ouvrages sp\u00e9cialis\u00e9s (livres, vid\u00e9os, autres) pourront \u00eatre emprunt\u00e9s.<\/p>\n\n\n\n<p style=\"font-size:15px\">L&rsquo;amicale magique du Fil d&rsquo;Ariane n&rsquo;est pas un cours de magie. <br>N\u00e9anmoins, au cours de l&rsquo;ann\u00e9e, Le Fil d&rsquo;Ariane organisera des cours, des ateliers, des conf\u00e9rences, des spectacles \u00e0 destination d&rsquo;enfants, de familles et d&rsquo;amateurs soucieux de se perfectionner. Voir <a href=\"https:\/\/filariane.com\/?page_id=47\" target=\"_blank\" rel=\"noreferrer noopener\"><strong>\u00ab\u00a0Les stages<\/strong><\/a>. <\/p>\n","protected":false},"excerpt":{"rendered":"<p>POURQUOI ? L&rsquo;amicale magique du Fil d&rsquo;Ariane r\u00e9unis des passionn\u00e9s de l&rsquo;art magique en r\u00e9gion Sud. Des grands cirques am\u00e9ricains aux entre-sorts du 19e si\u00e8cle, des cabarets aux revues de grandes illusions, le cirque et la magie se suivent, se croisent et se rencontrent tout au long de l&rsquo;histoire des arts vivants. Ce sont des &hellip; <\/p>\n<p class=\"link-more\"><a href=\"https:\/\/filariane.com\/?page_id=25258\" class=\"more-link\">Continuer la lecture<span class=\"screen-reader-text\"> de &laquo;&nbsp;L&rsquo;amicale magique du Fil&nbsp;&raquo;<\/span><\/a><\/p>\n","protected":false},"author":2,"featured_media":0,"parent":0,"menu_order":0,"comment_status":"closed","ping_status":"closed","template":"","meta":{"footnotes":""},"class_list":["post-25258","page","type-page","status-publish","hentry"],"yoast_head":"<!-- This site is optimized with the Yoast SEO plugin v26.8 - https:\/\/yoast.com\/product\/yoast-seo-wordpress\/ -->\n<title>L&#039;amicale magique du Fil - Le Fil d&#039;Ariane - magiciens en r\u00e9gion sud<\/title>\n<meta name=\"description\" content=\"L&#039;amicale magique du Fil d&#039;Ariane \u00e0 Saint Cannat, club de magie en r\u00e9gion sud. R\u00e9unis des passionn\u00e9(e)s de tous niveaux. Du n\u00e9ophyte au pro.\" \/>\n<meta name=\"robots\" content=\"index, follow, max-snippet:-1, max-image-preview:large, max-video-preview:-1\" \/>\n<link rel=\"canonical\" href=\"https:\/\/filariane.com\/?page_id=25258\" \/>\n<meta property=\"og:locale\" content=\"fr_FR\" \/>\n<meta property=\"og:type\" content=\"article\" \/>\n<meta property=\"og:title\" content=\"L&#039;amicale magique du Fil - Le Fil d&#039;Ariane - magiciens en r\u00e9gion sud\" \/>\n<meta property=\"og:description\" content=\"L&#039;amicale magique du Fil d&#039;Ariane \u00e0 Saint Cannat, club de magie en r\u00e9gion sud. R\u00e9unis des passionn\u00e9(e)s de tous niveaux. Du n\u00e9ophyte au pro.\" \/>\n<meta property=\"og:url\" content=\"https:\/\/filariane.com\/?page_id=25258\" \/>\n<meta property=\"og:site_name\" content=\"Le Fil d&#039;Ariane\" \/>\n<meta property=\"article:publisher\" content=\"https:\/\/www.facebook.com\/lefildarianecirque\" \/>\n<meta property=\"article:modified_time\" content=\"2025-09-29T16:12:55+00:00\" \/>\n<meta property=\"og:image\" content=\"https:\/\/filariane.com\/wp-content\/uploads\/2025\/09\/logo-amicale-magique-2025.png\" \/>\n\t<meta property=\"og:image:width\" content=\"800\" \/>\n\t<meta property=\"og:image:height\" content=\"800\" \/>\n\t<meta property=\"og:image:type\" content=\"image\/png\" \/>\n<meta name=\"twitter:card\" content=\"summary_large_image\" \/>\n<meta name=\"twitter:label1\" content=\"Dur\u00e9e de lecture estim\u00e9e\" \/>\n\t<meta name=\"twitter:data1\" content=\"3 minutes\" \/>\n<script type=\"application\/ld+json\" class=\"yoast-schema-graph\">{\"@context\":\"https:\/\/schema.org\",\"@graph\":[{\"@type\":\"WebPage\",\"@id\":\"https:\/\/filariane.com\/?page_id=25258\",\"url\":\"https:\/\/filariane.com\/?page_id=25258\",\"name\":\"L'amicale magique du Fil - Le Fil d&#039;Ariane - magiciens en r\u00e9gion sud\",\"isPartOf\":{\"@id\":\"https:\/\/filariane.com\/#website\"},\"primaryImageOfPage\":{\"@id\":\"https:\/\/filariane.com\/?page_id=25258#primaryimage\"},\"image\":{\"@id\":\"https:\/\/filariane.com\/?page_id=25258#primaryimage\"},\"thumbnailUrl\":\"https:\/\/filariane.com\/wp-content\/uploads\/2025\/09\/logo-amicale-magique-2025.png\",\"datePublished\":\"2021-08-26T18:24:37+00:00\",\"dateModified\":\"2025-09-29T16:12:55+00:00\",\"description\":\"L'amicale magique du Fil d'Ariane \u00e0 Saint Cannat, club de magie en r\u00e9gion sud. R\u00e9unis des passionn\u00e9(e)s de tous niveaux. Du n\u00e9ophyte au pro.\",\"breadcrumb\":{\"@id\":\"https:\/\/filariane.com\/?page_id=25258#breadcrumb\"},\"inLanguage\":\"fr-FR\",\"potentialAction\":[{\"@type\":\"ReadAction\",\"target\":[\"https:\/\/filariane.com\/?page_id=25258\"]}]},{\"@type\":\"ImageObject\",\"inLanguage\":\"fr-FR\",\"@id\":\"https:\/\/filariane.com\/?page_id=25258#primaryimage\",\"url\":\"https:\/\/filariane.com\/wp-content\/uploads\/2025\/09\/logo-amicale-magique-2025.png\",\"contentUrl\":\"https:\/\/filariane.com\/wp-content\/uploads\/2025\/09\/logo-amicale-magique-2025.png\",\"width\":800,\"height\":800,\"caption\":\"logo amicale magique 2025\"},{\"@type\":\"BreadcrumbList\",\"@id\":\"https:\/\/filariane.com\/?page_id=25258#breadcrumb\",\"itemListElement\":[{\"@type\":\"ListItem\",\"position\":1,\"name\":\"Accueil\",\"item\":\"https:\/\/filariane.com\/\"},{\"@type\":\"ListItem\",\"position\":2,\"name\":\"L&rsquo;amicale magique du Fil\"}]},{\"@type\":\"WebSite\",\"@id\":\"https:\/\/filariane.com\/#website\",\"url\":\"https:\/\/filariane.com\/\",\"name\":\"Le Fil d&#039;Ariane\",\"description\":\"les Arts du cirque pour grandir ensemble\",\"publisher\":{\"@id\":\"https:\/\/filariane.com\/#organization\"},\"potentialAction\":[{\"@type\":\"SearchAction\",\"target\":{\"@type\":\"EntryPoint\",\"urlTemplate\":\"https:\/\/filariane.com\/?s={search_term_string}\"},\"query-input\":{\"@type\":\"PropertyValueSpecification\",\"valueRequired\":true,\"valueName\":\"search_term_string\"}}],\"inLanguage\":\"fr-FR\"},{\"@type\":\"Organization\",\"@id\":\"https:\/\/filariane.com\/#organization\",\"name\":\"Le Fil d'Ariane\",\"url\":\"https:\/\/filariane.com\/\",\"logo\":{\"@type\":\"ImageObject\",\"inLanguage\":\"fr-FR\",\"@id\":\"https:\/\/filariane.com\/#\/schema\/logo\/image\/\",\"url\":\"https:\/\/filariane.com\/wp-content\/uploads\/2020\/04\/Fichier-1@2x.png\",\"contentUrl\":\"https:\/\/filariane.com\/wp-content\/uploads\/2020\/04\/Fichier-1@2x.png\",\"width\":1103,\"height\":569,\"caption\":\"Le Fil d'Ariane\"},\"image\":{\"@id\":\"https:\/\/filariane.com\/#\/schema\/logo\/image\/\"},\"sameAs\":[\"https:\/\/www.facebook.com\/lefildarianecirque\",\"https:\/\/www.instagram.com\/filariane_cirque\/\"]}]}<\/script>\n<!-- \/ Yoast SEO plugin. -->","yoast_head_json":{"title":"L'amicale magique du Fil - Le Fil d&#039;Ariane - magiciens en r\u00e9gion sud","description":"L'amicale magique du Fil d'Ariane \u00e0 Saint Cannat, club de magie en r\u00e9gion sud. R\u00e9unis des passionn\u00e9(e)s de tous niveaux. Du n\u00e9ophyte au pro.","robots":{"index":"index","follow":"follow","max-snippet":"max-snippet:-1","max-image-preview":"max-image-preview:large","max-video-preview":"max-video-preview:-1"},"canonical":"https:\/\/filariane.com\/?page_id=25258","og_locale":"fr_FR","og_type":"article","og_title":"L'amicale magique du Fil - Le Fil d&#039;Ariane - magiciens en r\u00e9gion sud","og_description":"L'amicale magique du Fil d'Ariane \u00e0 Saint Cannat, club de magie en r\u00e9gion sud. R\u00e9unis des passionn\u00e9(e)s de tous niveaux. Du n\u00e9ophyte au pro.","og_url":"https:\/\/filariane.com\/?page_id=25258","og_site_name":"Le Fil d&#039;Ariane","article_publisher":"https:\/\/www.facebook.com\/lefildarianecirque","article_modified_time":"2025-09-29T16:12:55+00:00","og_image":[{"width":800,"height":800,"url":"https:\/\/filariane.com\/wp-content\/uploads\/2025\/09\/logo-amicale-magique-2025.png","type":"image\/png"}],"twitter_card":"summary_large_image","twitter_misc":{"Dur\u00e9e de lecture estim\u00e9e":"3 minutes"},"schema":{"@context":"https:\/\/schema.org","@graph":[{"@type":"WebPage","@id":"https:\/\/filariane.com\/?page_id=25258","url":"https:\/\/filariane.com\/?page_id=25258","name":"L'amicale magique du Fil - Le Fil d&#039;Ariane - magiciens en r\u00e9gion sud","isPartOf":{"@id":"https:\/\/filariane.com\/#website"},"primaryImageOfPage":{"@id":"https:\/\/filariane.com\/?page_id=25258#primaryimage"},"image":{"@id":"https:\/\/filariane.com\/?page_id=25258#primaryimage"},"thumbnailUrl":"https:\/\/filariane.com\/wp-content\/uploads\/2025\/09\/logo-amicale-magique-2025.png","datePublished":"2021-08-26T18:24:37+00:00","dateModified":"2025-09-29T16:12:55+00:00","description":"L'amicale magique du Fil d'Ariane \u00e0 Saint Cannat, club de magie en r\u00e9gion sud. R\u00e9unis des passionn\u00e9(e)s de tous niveaux. Du n\u00e9ophyte au pro.","breadcrumb":{"@id":"https:\/\/filariane.com\/?page_id=25258#breadcrumb"},"inLanguage":"fr-FR","potentialAction":[{"@type":"ReadAction","target":["https:\/\/filariane.com\/?page_id=25258"]}]},{"@type":"ImageObject","inLanguage":"fr-FR","@id":"https:\/\/filariane.com\/?page_id=25258#primaryimage","url":"https:\/\/filariane.com\/wp-content\/uploads\/2025\/09\/logo-amicale-magique-2025.png","contentUrl":"https:\/\/filariane.com\/wp-content\/uploads\/2025\/09\/logo-amicale-magique-2025.png","width":800,"height":800,"caption":"logo amicale magique 2025"},{"@type":"BreadcrumbList","@id":"https:\/\/filariane.com\/?page_id=25258#breadcrumb","itemListElement":[{"@type":"ListItem","position":1,"name":"Accueil","item":"https:\/\/filariane.com\/"},{"@type":"ListItem","position":2,"name":"L&rsquo;amicale magique du Fil"}]},{"@type":"WebSite","@id":"https:\/\/filariane.com\/#website","url":"https:\/\/filariane.com\/","name":"Le Fil d&#039;Ariane","description":"les Arts du cirque pour grandir ensemble","publisher":{"@id":"https:\/\/filariane.com\/#organization"},"potentialAction":[{"@type":"SearchAction","target":{"@type":"EntryPoint","urlTemplate":"https:\/\/filariane.com\/?s={search_term_string}"},"query-input":{"@type":"PropertyValueSpecification","valueRequired":true,"valueName":"search_term_string"}}],"inLanguage":"fr-FR"},{"@type":"Organization","@id":"https:\/\/filariane.com\/#organization","name":"Le Fil d'Ariane","url":"https:\/\/filariane.com\/","logo":{"@type":"ImageObject","inLanguage":"fr-FR","@id":"https:\/\/filariane.com\/#\/schema\/logo\/image\/","url":"https:\/\/filariane.com\/wp-content\/uploads\/2020\/04\/Fichier-1@2x.png","contentUrl":"https:\/\/filariane.com\/wp-content\/uploads\/2020\/04\/Fichier-1@2x.png","width":1103,"height":569,"caption":"Le Fil d'Ariane"},"image":{"@id":"https:\/\/filariane.com\/#\/schema\/logo\/image\/"},"sameAs":["https:\/\/www.facebook.com\/lefildarianecirque","https:\/\/www.instagram.com\/filariane_cirque\/"]}]}},"_links":{"self":[{"href":"https:\/\/filariane.com\/index.php?rest_route=\/wp\/v2\/pages\/25258","targetHints":{"allow":["GET"]}}],"collection":[{"href":"https:\/\/filariane.com\/index.php?rest_route=\/wp\/v2\/pages"}],"about":[{"href":"https:\/\/filariane.com\/index.php?rest_route=\/wp\/v2\/types\/page"}],"author":[{"embeddable":true,"href":"https:\/\/filariane.com\/index.php?rest_route=\/wp\/v2\/users\/2"}],"replies":[{"embeddable":true,"href":"https:\/\/filariane.com\/index.php?rest_route=%2Fwp%2Fv2%2Fcomments&post=25258"}],"version-history":[{"count":49,"href":"https:\/\/filariane.com\/index.php?rest_route=\/wp\/v2\/pages\/25258\/revisions"}],"predecessor-version":[{"id":26016,"href":"https:\/\/filariane.com\/index.php?rest_route=\/wp\/v2\/pages\/25258\/revisions\/26016"}],"wp:attachment":[{"href":"https:\/\/filariane.com\/index.php?rest_route=%2Fwp%2Fv2%2Fmedia&parent=25258"}],"curies":[{"name":"wp","href":"https:\/\/api.w.org\/{rel}","templated":true}]}}