{"id":25489,"date":"2022-07-24T20:34:51","date_gmt":"2022-07-24T18:34:51","guid":{"rendered":"https:\/\/filariane.com\/?page_id=25489"},"modified":"2025-07-23T21:56:31","modified_gmt":"2025-07-23T19:56:31","slug":"le-festoche","status":"publish","type":"page","link":"https:\/\/filariane.com\/?page_id=25489","title":{"rendered":"Le Festoche: festival d\u00e9tendu de proximit\u00e9"},"content":{"rendered":"\n<p style=\"font-size:15px\">Le Fil d&rsquo;Ariane, \u00e9cole de Cirque de territoire, propose <mark style=\"background-color:rgba(0, 0, 0, 0)\" class=\"has-inline-color has-luminous-vivid-amber-color\"><strong>\u00ab\u00a0Le Festoche &#8211; Festival d\u00e9tendu de proximit\u00e9\u00a0\u00bb.<\/strong><\/mark> <\/p>\n\n\n\n<div class=\"wp-block-media-text is-stacked-on-mobile\" style=\"grid-template-columns:35% auto\"><figure class=\"wp-block-media-text__media\"><a href=\"https:\/\/filariane.com\/wp-content\/uploads\/2025\/06\/flyer-3-volets-festoche-2025.pdf\" target=\"_blank\" rel=\" noreferrer noopener\"><img loading=\"lazy\" decoding=\"async\" width=\"500\" height=\"707\" src=\"https:\/\/filariane.com\/wp-content\/uploads\/2025\/06\/affiche-A3-2025.jpg\" alt=\"le festoche - 3e edition\" class=\"wp-image-25901 size-full\"\/><\/a><\/figure><div class=\"wp-block-media-text__content\">\n<p>Pour sa troisi\u00e8me \u00e9dition, <mark style=\"background-color:rgba(0, 0, 0, 0)\" class=\"has-inline-color has-luminous-vivid-amber-color\"><strong>Le Festoche<\/strong><\/mark> aura lieu <mark style=\"background-color:rgba(0, 0, 0, 0)\" class=\"has-inline-color has-luminous-vivid-amber-color\"><strong>les 22  juin 2025 \u00e0 Saint-Cannat (13)<\/strong><\/mark>.<\/p>\n\n\n\n<p style=\"font-size:15px\">Au programme : du cirque, de la musique, de la magie, des grands jeux en bois, une librairie, de quoi boire et se rafraichir, le spectacle de fin d&rsquo;ann\u00e9e des enfants du fil d&rsquo;Ariane et une surprise en fin de journ\u00e9e<a href=\"https:\/\/fr-fr.facebook.com\/larumeurdescretes\/\" target=\"_blank\" rel=\"noreferrer noopener\">.<\/a><\/p>\n\n\n\n<p><mark style=\"background-color:rgba(0, 0, 0, 0)\" class=\"has-inline-color has-luminous-vivid-amber-color\">\u00ab\u00a0Le Festoche\u00a0\u00bb<\/mark> est un \u00e9v\u00e9nement sans pression. Venez fl\u00e2ner ou voir des spectacles, nous rencontrer, \u00e9couter de la musique ou lire un livre \u00e0 l&rsquo;ombre des arbres du parc Richaud!<\/p>\n<\/div><\/div>\n\n\n\n<p>Vous y trouverez des animations et des spectacles pour enfants et adultes dans une ambiance d\u00e9contract\u00e9e&nbsp;!<\/p>\n\n\n\n<p>Cet \u00e9v\u00e9nement est enti\u00e8rement autofinanc\u00e9, une participation libre et responsable est vivement encourag\u00e9e !<\/p>\n\n\n\n<p style=\"font-size:15px\">Nous travaillons avec des partenaires locaux pour proposer des animations, une restauration locale et de saison et des spectacles professionnels de grande qualit\u00e9. L&rsquo;\u00e9cole de Cirque du <a href=\"https:\/\/filariane.com\/?page_id=44\" target=\"_blank\" rel=\"noreferrer noopener\">Fil d&rsquo;Ariane<\/a> y pr\u00e9sente son spectacle de fin d&rsquo;ann\u00e9e.<\/p>\n\n\n\n<p style=\"font-size:15px\">Les <mark style=\"background-color:rgba(0, 0, 0, 0)\" class=\"has-inline-color has-black-color\">spectacles et artistes invit\u00e9s donnent \u00e0 voir et \u00e0 \u00e9couter.<\/mark><\/p>\n\n\n\n<p class=\"has-text-align-center\"><strong><a href=\"https:\/\/filariane.com\/wp-content\/uploads\/2025\/06\/flyer-3-volets-festoche-2025.pdf\" target=\"_blank\" rel=\"noreferrer noopener\"><mark style=\"background-color:rgba(0, 0, 0, 0)\" class=\"has-inline-color has-luminous-vivid-amber-color\">TELECHARGER LE PROGRAMME 2025<\/mark><\/a><\/strong><\/p>\n\n\n\n<figure class=\"wp-block-image size-full\"><img loading=\"lazy\" decoding=\"async\" width=\"842\" height=\"595\" src=\"https:\/\/filariane.com\/wp-content\/uploads\/2025\/06\/planning-festoche-2025-page003.jpg\" alt=\"planning festoche 2025\" class=\"wp-image-25911\"\/><figcaption class=\"wp-element-caption\">planning festoche 2025<\/figcaption><\/figure>\n\n\n\n<p style=\"font-size:15px\">Cet \u00e9v\u00e9nement \u00e0 lieu gr\u00e2ce au soutien des b\u00e9n\u00e9voles du Fil d&rsquo;Ariane. La <a href=\"https:\/\/saint-cannat.fr\/\" target=\"_blank\" rel=\"noreferrer noopener\">mairie de Saint Cannat<\/a> accompagne Le Fil d&rsquo;Ariane tout au long de l&rsquo;ann\u00e9e. <\/p>\n\n\n\n<p style=\"font-size:15px\">Le fil d&rsquo;Ariane remercie les artistes, compagnies et structures.<\/p>\n\n\n\n<figure class=\"wp-block-embed is-type-video is-provider-youtube wp-block-embed-youtube wp-embed-aspect-16-9 wp-has-aspect-ratio\"><div class=\"wp-block-embed__wrapper\">\n<iframe loading=\"lazy\" title=\"Le festoche - festival d\u00e9tendu de proximit\u00e9 3e edition- 22 juin 25 \/ \u00c9cole de cirque Le fil d&#039;ariane\" width=\"525\" height=\"295\" src=\"https:\/\/www.youtube.com\/embed\/7d0mQmK7TuM?feature=oembed\" frameborder=\"0\" allow=\"accelerometer; autoplay; clipboard-write; encrypted-media; gyroscope; picture-in-picture; web-share\" referrerpolicy=\"strict-origin-when-cross-origin\" allowfullscreen><\/iframe>\n<\/div><\/figure>\n\n\n\n<p style=\"font-size:15px\"><mark style=\"background-color:rgba(0, 0, 0, 0)\" class=\"has-inline-color has-luminous-vivid-amber-color\">\u00ab\u00a0Le Festoche &#8211; festival d\u00e9tendu de proximit\u00e9 &#8211; 3e \u00e9dition: les 10 ans du Fil d&rsquo;Ariane\u00a0\u00bb<\/mark><\/p>\n\n\n\n<figure class=\"wp-block-gallery has-nested-images columns-default is-cropped wp-block-gallery-1 is-layout-flex wp-block-gallery-is-layout-flex\">\n<figure class=\"wp-block-image size-large\"><img loading=\"lazy\" decoding=\"async\" width=\"500\" height=\"333\" data-id=\"25692\" src=\"https:\/\/filariane.com\/wp-content\/uploads\/2023\/09\/festoche6.jpg\" alt=\"Le Festoche - juin 2023 - concert &quot;Cairdean&quot;\" class=\"wp-image-25692\"\/><\/figure>\n\n\n\n<figure class=\"wp-block-image size-large\"><img loading=\"lazy\" decoding=\"async\" width=\"500\" height=\"583\" data-id=\"25693\" src=\"https:\/\/filariane.com\/wp-content\/uploads\/2023\/09\/festoche1.jpg\" alt=\"Le Festoche - juin 2023 - atelier d\u00e9couverte des Arts du cirque\" class=\"wp-image-25693\"\/><\/figure>\n\n\n\n<figure class=\"wp-block-image size-large\"><img loading=\"lazy\" decoding=\"async\" width=\"500\" height=\"640\" data-id=\"25695\" src=\"https:\/\/filariane.com\/wp-content\/uploads\/2023\/09\/festoche2.jpg\" alt=\"Le Festoche - juin 2023 - spectacle de fin d'ann\u00e9e du fil d'Ariane\" class=\"wp-image-25695\"\/><\/figure>\n\n\n\n<figure class=\"wp-block-image size-large\"><img loading=\"lazy\" decoding=\"async\" width=\"500\" height=\"750\" data-id=\"25697\" src=\"https:\/\/filariane.com\/wp-content\/uploads\/2023\/09\/festoche3.jpg\" alt=\"Le Festoche - juin 2023 - spectacle de fin d'ann\u00e9e du fil d'Ariane\" class=\"wp-image-25697\"\/><\/figure>\n\n\n\n<figure class=\"wp-block-image size-large\"><img loading=\"lazy\" decoding=\"async\" width=\"500\" height=\"333\" data-id=\"25694\" src=\"https:\/\/filariane.com\/wp-content\/uploads\/2023\/09\/festoche4.jpg\" alt=\"Le Festoche - juin 2023 - atelier de trap\u00e8ze volant \/ fly art\" class=\"wp-image-25694\"\/><\/figure>\n\n\n\n<figure class=\"wp-block-image size-large\"><img loading=\"lazy\" decoding=\"async\" width=\"500\" height=\"333\" data-id=\"25696\" src=\"https:\/\/filariane.com\/wp-content\/uploads\/2023\/09\/festoche5.jpg\" alt=\"Le Festoche - juin 2023 -\" class=\"wp-image-25696\"\/><\/figure>\n<\/figure>\n\n\n\n<p class=\"has-text-align-center\" style=\"font-size:15px\"><mark style=\"background-color:rgba(0, 0, 0, 0)\" class=\"has-inline-color has-luminous-vivid-amber-color\">Photographies (c) Fadi Chabani &#8211; \u00ab\u00a0Le Festoche\u00a0\u00bb, festival d\u00e9tendu de proximit\u00e9 &#8211; juin 2023<\/mark><\/p>\n\n\n\n<h2 class=\"wp-block-heading\">Quelques images de la premi\u00e8re \u00e9dition &#8211; juin 2022<\/h2>\n\n\n\n<figure class=\"wp-block-gallery has-nested-images columns-default is-cropped wp-block-gallery-2 is-layout-flex wp-block-gallery-is-layout-flex\">\n<figure class=\"wp-block-image size-large\"><img loading=\"lazy\" decoding=\"async\" width=\"500\" height=\"281\" data-id=\"25492\" src=\"https:\/\/filariane.com\/wp-content\/uploads\/2022\/07\/festoche-1.jpg\" alt=\"trap\u00e8ze fixe - Andrea Lopez\" class=\"wp-image-25492\"\/><\/figure>\n\n\n\n<figure class=\"wp-block-image size-large\"><img loading=\"lazy\" decoding=\"async\" width=\"500\" height=\"281\" data-id=\"25493\" src=\"https:\/\/filariane.com\/wp-content\/uploads\/2022\/07\/festoche-2.jpg\" alt=\"Cie le son des mots\" class=\"wp-image-25493\"\/><\/figure>\n\n\n\n<figure class=\"wp-block-image size-large\"><img loading=\"lazy\" decoding=\"async\" width=\"500\" height=\"281\" data-id=\"25495\" src=\"https:\/\/filariane.com\/wp-content\/uploads\/2022\/07\/festoche-3.jpg\" alt=\"Le Festoche - juin 2022\" class=\"wp-image-25495\"\/><\/figure>\n\n\n\n<figure class=\"wp-block-image size-large\"><img loading=\"lazy\" decoding=\"async\" width=\"500\" height=\"281\" data-id=\"25494\" src=\"https:\/\/filariane.com\/wp-content\/uploads\/2022\/07\/festoche-4.jpg\" alt=\"Le Festoche - juin 2022 - spectacle de fin d'ann\u00e9e\" class=\"wp-image-25494\"\/><\/figure>\n\n\n\n<figure class=\"wp-block-image size-large\"><img loading=\"lazy\" decoding=\"async\" width=\"281\" height=\"500\" data-id=\"25496\" src=\"https:\/\/filariane.com\/wp-content\/uploads\/2022\/07\/festoche-5.jpg\" alt=\"Mat Chinois - Cyril Combes\" class=\"wp-image-25496\"\/><\/figure>\n<\/figure>\n\n\n\n<p style=\"font-size:15px\"><mark style=\"background-color:rgba(0, 0, 0, 0)\" class=\"has-inline-color has-luminous-vivid-amber-color\">Photographies (c) Maxence Vincendeau &#8211; \u00ab\u00a0Le Festoche\u00a0\u00bb, festival d\u00e9tendu de proximit\u00e9 &#8211; juin 2022<\/mark><\/p>\n\n\n\n<figure class=\"wp-block-embed is-type-video is-provider-youtube wp-block-embed-youtube wp-embed-aspect-16-9 wp-has-aspect-ratio\"><div class=\"wp-block-embed__wrapper\">\n<iframe loading=\"lazy\" title=\"&quot; Le Festoche - festival d\u00e9tendu de proximit\u00e9&quot; Le Fil d&#039;Ariane \/ juin 2022\" width=\"525\" height=\"295\" src=\"https:\/\/www.youtube.com\/embed\/7Q06PDZ5_fw?feature=oembed\" frameborder=\"0\" allow=\"accelerometer; autoplay; clipboard-write; encrypted-media; gyroscope; picture-in-picture; web-share\" referrerpolicy=\"strict-origin-when-cross-origin\" allowfullscreen><\/iframe>\n<\/div><figcaption class=\"wp-element-caption\">\u00a0\u00bb Le Festoche, festival d\u00e9tendu de proximit\u00e9\u00a0\u00bb \u00e9dition 2022<\/figcaption><\/figure>\n\n\n\n<p><\/p>\n","protected":false},"excerpt":{"rendered":"<p>Le Fil d&rsquo;Ariane, \u00e9cole de Cirque de territoire, propose \u00ab\u00a0Le Festoche &#8211; Festival d\u00e9tendu de proximit\u00e9\u00a0\u00bb. Pour sa troisi\u00e8me \u00e9dition, Le Festoche aura lieu les 22 juin 2025 \u00e0 Saint-Cannat (13). Au programme : du cirque, de la musique, de la magie, des grands jeux en bois, une librairie, de quoi boire et se rafraichir, &hellip; <\/p>\n<p class=\"link-more\"><a href=\"https:\/\/filariane.com\/?page_id=25489\" class=\"more-link\">Continuer la lecture<span class=\"screen-reader-text\"> de &laquo;&nbsp;Le Festoche: festival d\u00e9tendu de proximit\u00e9&nbsp;&raquo;<\/span><\/a><\/p>\n","protected":false},"author":2,"featured_media":0,"parent":0,"menu_order":0,"comment_status":"closed","ping_status":"closed","template":"","meta":{"footnotes":""},"class_list":["post-25489","page","type-page","status-publish","hentry"],"yoast_head":"<!-- This site is optimized with the Yoast SEO plugin v26.8 - https:\/\/yoast.com\/product\/yoast-seo-wordpress\/ -->\n<title>Le Festoche: festival d\u00e9tendu de proximit\u00e9 - Le Fil d&#039;Ariane<\/title>\n<meta name=\"description\" content=\"&quot;Le Festoche - festival d\u00e9tendu de proximit\u00e9&quot; . du cirque, du trap\u00e8ze volant, des concerts, de la magie, des jeux\" \/>\n<meta name=\"robots\" content=\"index, follow, max-snippet:-1, max-image-preview:large, max-video-preview:-1\" \/>\n<link rel=\"canonical\" href=\"https:\/\/filariane.com\/?page_id=25489\" \/>\n<meta property=\"og:locale\" content=\"fr_FR\" \/>\n<meta property=\"og:type\" content=\"article\" \/>\n<meta property=\"og:title\" content=\"Le Festoche: festival d\u00e9tendu de proximit\u00e9 - Le Fil d&#039;Ariane\" \/>\n<meta property=\"og:description\" content=\"&quot;Le Festoche - festival d\u00e9tendu de proximit\u00e9&quot; . du cirque, du trap\u00e8ze volant, des concerts, de la magie, des jeux\" \/>\n<meta property=\"og:url\" content=\"https:\/\/filariane.com\/?page_id=25489\" \/>\n<meta property=\"og:site_name\" content=\"Le Fil d&#039;Ariane\" \/>\n<meta property=\"article:publisher\" content=\"https:\/\/www.facebook.com\/lefildarianecirque\" \/>\n<meta property=\"article:modified_time\" content=\"2025-07-23T19:56:31+00:00\" \/>\n<meta property=\"og:image\" content=\"https:\/\/filariane.com\/wp-content\/uploads\/2025\/06\/affiche-A3-2025.jpg\" \/>\n\t<meta property=\"og:image:width\" content=\"500\" \/>\n\t<meta property=\"og:image:height\" content=\"707\" \/>\n\t<meta property=\"og:image:type\" content=\"image\/jpeg\" \/>\n<meta name=\"twitter:card\" content=\"summary_large_image\" \/>\n<meta name=\"twitter:label1\" content=\"Dur\u00e9e de lecture estim\u00e9e\" \/>\n\t<meta name=\"twitter:data1\" content=\"5 minutes\" \/>\n<script type=\"application\/ld+json\" class=\"yoast-schema-graph\">{\"@context\":\"https:\/\/schema.org\",\"@graph\":[{\"@type\":\"WebPage\",\"@id\":\"https:\/\/filariane.com\/?page_id=25489\",\"url\":\"https:\/\/filariane.com\/?page_id=25489\",\"name\":\"Le Festoche: festival d\u00e9tendu de proximit\u00e9 - Le Fil d&#039;Ariane\",\"isPartOf\":{\"@id\":\"https:\/\/filariane.com\/#website\"},\"primaryImageOfPage\":{\"@id\":\"https:\/\/filariane.com\/?page_id=25489#primaryimage\"},\"image\":{\"@id\":\"https:\/\/filariane.com\/?page_id=25489#primaryimage\"},\"thumbnailUrl\":\"https:\/\/filariane.com\/wp-content\/uploads\/2025\/06\/affiche-A3-2025.jpg\",\"datePublished\":\"2022-07-24T18:34:51+00:00\",\"dateModified\":\"2025-07-23T19:56:31+00:00\",\"description\":\"\\\"Le Festoche - festival d\u00e9tendu de proximit\u00e9\\\" . du cirque, du trap\u00e8ze volant, des concerts, de la magie, des jeux\",\"breadcrumb\":{\"@id\":\"https:\/\/filariane.com\/?page_id=25489#breadcrumb\"},\"inLanguage\":\"fr-FR\",\"potentialAction\":[{\"@type\":\"ReadAction\",\"target\":[\"https:\/\/filariane.com\/?page_id=25489\"]}]},{\"@type\":\"ImageObject\",\"inLanguage\":\"fr-FR\",\"@id\":\"https:\/\/filariane.com\/?page_id=25489#primaryimage\",\"url\":\"https:\/\/filariane.com\/wp-content\/uploads\/2025\/06\/affiche-A3-2025.jpg\",\"contentUrl\":\"https:\/\/filariane.com\/wp-content\/uploads\/2025\/06\/affiche-A3-2025.jpg\",\"width\":500,\"height\":707,\"caption\":\"le festoche - 3e edition\"},{\"@type\":\"BreadcrumbList\",\"@id\":\"https:\/\/filariane.com\/?page_id=25489#breadcrumb\",\"itemListElement\":[{\"@type\":\"ListItem\",\"position\":1,\"name\":\"Accueil\",\"item\":\"https:\/\/filariane.com\/\"},{\"@type\":\"ListItem\",\"position\":2,\"name\":\"Le Festoche: festival d\u00e9tendu de proximit\u00e9\"}]},{\"@type\":\"WebSite\",\"@id\":\"https:\/\/filariane.com\/#website\",\"url\":\"https:\/\/filariane.com\/\",\"name\":\"Le Fil d&#039;Ariane\",\"description\":\"les Arts du cirque pour grandir ensemble\",\"publisher\":{\"@id\":\"https:\/\/filariane.com\/#organization\"},\"potentialAction\":[{\"@type\":\"SearchAction\",\"target\":{\"@type\":\"EntryPoint\",\"urlTemplate\":\"https:\/\/filariane.com\/?s={search_term_string}\"},\"query-input\":{\"@type\":\"PropertyValueSpecification\",\"valueRequired\":true,\"valueName\":\"search_term_string\"}}],\"inLanguage\":\"fr-FR\"},{\"@type\":\"Organization\",\"@id\":\"https:\/\/filariane.com\/#organization\",\"name\":\"Le Fil d'Ariane\",\"url\":\"https:\/\/filariane.com\/\",\"logo\":{\"@type\":\"ImageObject\",\"inLanguage\":\"fr-FR\",\"@id\":\"https:\/\/filariane.com\/#\/schema\/logo\/image\/\",\"url\":\"https:\/\/filariane.com\/wp-content\/uploads\/2020\/04\/Fichier-1@2x.png\",\"contentUrl\":\"https:\/\/filariane.com\/wp-content\/uploads\/2020\/04\/Fichier-1@2x.png\",\"width\":1103,\"height\":569,\"caption\":\"Le Fil d'Ariane\"},\"image\":{\"@id\":\"https:\/\/filariane.com\/#\/schema\/logo\/image\/\"},\"sameAs\":[\"https:\/\/www.facebook.com\/lefildarianecirque\",\"https:\/\/www.instagram.com\/filariane_cirque\/\"]}]}<\/script>\n<!-- \/ Yoast SEO plugin. -->","yoast_head_json":{"title":"Le Festoche: festival d\u00e9tendu de proximit\u00e9 - Le Fil d&#039;Ariane","description":"\"Le Festoche - festival d\u00e9tendu de proximit\u00e9\" . du cirque, du trap\u00e8ze volant, des concerts, de la magie, des jeux","robots":{"index":"index","follow":"follow","max-snippet":"max-snippet:-1","max-image-preview":"max-image-preview:large","max-video-preview":"max-video-preview:-1"},"canonical":"https:\/\/filariane.com\/?page_id=25489","og_locale":"fr_FR","og_type":"article","og_title":"Le Festoche: festival d\u00e9tendu de proximit\u00e9 - Le Fil d&#039;Ariane","og_description":"\"Le Festoche - festival d\u00e9tendu de proximit\u00e9\" . du cirque, du trap\u00e8ze volant, des concerts, de la magie, des jeux","og_url":"https:\/\/filariane.com\/?page_id=25489","og_site_name":"Le Fil d&#039;Ariane","article_publisher":"https:\/\/www.facebook.com\/lefildarianecirque","article_modified_time":"2025-07-23T19:56:31+00:00","og_image":[{"width":500,"height":707,"url":"https:\/\/filariane.com\/wp-content\/uploads\/2025\/06\/affiche-A3-2025.jpg","type":"image\/jpeg"}],"twitter_card":"summary_large_image","twitter_misc":{"Dur\u00e9e de lecture estim\u00e9e":"5 minutes"},"schema":{"@context":"https:\/\/schema.org","@graph":[{"@type":"WebPage","@id":"https:\/\/filariane.com\/?page_id=25489","url":"https:\/\/filariane.com\/?page_id=25489","name":"Le Festoche: festival d\u00e9tendu de proximit\u00e9 - Le Fil d&#039;Ariane","isPartOf":{"@id":"https:\/\/filariane.com\/#website"},"primaryImageOfPage":{"@id":"https:\/\/filariane.com\/?page_id=25489#primaryimage"},"image":{"@id":"https:\/\/filariane.com\/?page_id=25489#primaryimage"},"thumbnailUrl":"https:\/\/filariane.com\/wp-content\/uploads\/2025\/06\/affiche-A3-2025.jpg","datePublished":"2022-07-24T18:34:51+00:00","dateModified":"2025-07-23T19:56:31+00:00","description":"\"Le Festoche - festival d\u00e9tendu de proximit\u00e9\" . du cirque, du trap\u00e8ze volant, des concerts, de la magie, des jeux","breadcrumb":{"@id":"https:\/\/filariane.com\/?page_id=25489#breadcrumb"},"inLanguage":"fr-FR","potentialAction":[{"@type":"ReadAction","target":["https:\/\/filariane.com\/?page_id=25489"]}]},{"@type":"ImageObject","inLanguage":"fr-FR","@id":"https:\/\/filariane.com\/?page_id=25489#primaryimage","url":"https:\/\/filariane.com\/wp-content\/uploads\/2025\/06\/affiche-A3-2025.jpg","contentUrl":"https:\/\/filariane.com\/wp-content\/uploads\/2025\/06\/affiche-A3-2025.jpg","width":500,"height":707,"caption":"le festoche - 3e edition"},{"@type":"BreadcrumbList","@id":"https:\/\/filariane.com\/?page_id=25489#breadcrumb","itemListElement":[{"@type":"ListItem","position":1,"name":"Accueil","item":"https:\/\/filariane.com\/"},{"@type":"ListItem","position":2,"name":"Le Festoche: festival d\u00e9tendu de proximit\u00e9"}]},{"@type":"WebSite","@id":"https:\/\/filariane.com\/#website","url":"https:\/\/filariane.com\/","name":"Le Fil d&#039;Ariane","description":"les Arts du cirque pour grandir ensemble","publisher":{"@id":"https:\/\/filariane.com\/#organization"},"potentialAction":[{"@type":"SearchAction","target":{"@type":"EntryPoint","urlTemplate":"https:\/\/filariane.com\/?s={search_term_string}"},"query-input":{"@type":"PropertyValueSpecification","valueRequired":true,"valueName":"search_term_string"}}],"inLanguage":"fr-FR"},{"@type":"Organization","@id":"https:\/\/filariane.com\/#organization","name":"Le Fil d'Ariane","url":"https:\/\/filariane.com\/","logo":{"@type":"ImageObject","inLanguage":"fr-FR","@id":"https:\/\/filariane.com\/#\/schema\/logo\/image\/","url":"https:\/\/filariane.com\/wp-content\/uploads\/2020\/04\/Fichier-1@2x.png","contentUrl":"https:\/\/filariane.com\/wp-content\/uploads\/2020\/04\/Fichier-1@2x.png","width":1103,"height":569,"caption":"Le Fil d'Ariane"},"image":{"@id":"https:\/\/filariane.com\/#\/schema\/logo\/image\/"},"sameAs":["https:\/\/www.facebook.com\/lefildarianecirque","https:\/\/www.instagram.com\/filariane_cirque\/"]}]}},"_links":{"self":[{"href":"https:\/\/filariane.com\/index.php?rest_route=\/wp\/v2\/pages\/25489","targetHints":{"allow":["GET"]}}],"collection":[{"href":"https:\/\/filariane.com\/index.php?rest_route=\/wp\/v2\/pages"}],"about":[{"href":"https:\/\/filariane.com\/index.php?rest_route=\/wp\/v2\/types\/page"}],"author":[{"embeddable":true,"href":"https:\/\/filariane.com\/index.php?rest_route=\/wp\/v2\/users\/2"}],"replies":[{"embeddable":true,"href":"https:\/\/filariane.com\/index.php?rest_route=%2Fwp%2Fv2%2Fcomments&post=25489"}],"version-history":[{"count":53,"href":"https:\/\/filariane.com\/index.php?rest_route=\/wp\/v2\/pages\/25489\/revisions"}],"predecessor-version":[{"id":25934,"href":"https:\/\/filariane.com\/index.php?rest_route=\/wp\/v2\/pages\/25489\/revisions\/25934"}],"wp:attachment":[{"href":"https:\/\/filariane.com\/index.php?rest_route=%2Fwp%2Fv2%2Fmedia&parent=25489"}],"curies":[{"name":"wp","href":"https:\/\/api.w.org\/{rel}","templated":true}]}}