{"id":25579,"date":"2023-05-01T09:30:45","date_gmt":"2023-05-01T07:30:45","guid":{"rendered":"https:\/\/filariane.com\/?page_id=25579"},"modified":"2026-01-22T19:20:32","modified_gmt":"2026-01-22T18:20:32","slug":"les-soirees-du-moldu","status":"publish","type":"page","link":"https:\/\/filariane.com\/?page_id=25579","title":{"rendered":"Les soir\u00e9es du Moldu"},"content":{"rendered":"\n<div class=\"wp-block-media-text is-stacked-on-mobile\" style=\"grid-template-columns:36% auto\"><figure class=\"wp-block-media-text__media\"><img loading=\"lazy\" decoding=\"async\" width=\"800\" height=\"800\" src=\"https:\/\/filariane.com\/wp-content\/uploads\/2025\/09\/logo-amicale-magique-2025.png\" alt=\"logo amicale magique 2025\" class=\"wp-image-26015 size-full\"\/><\/figure><div class=\"wp-block-media-text__content\">\n<p><mark style=\"background-color:rgba(0, 0, 0, 0)\" class=\"has-inline-color has-luminous-vivid-amber-color\">\u00ab&nbsp;Les soir\u00e9es du Moldu&nbsp;\u00bb <\/mark>c\u2019est une rencontre joyeuse et surprenante avec des magiciens qui essaient, travaillent et peaufinent de nouveaux tours et autres curiosit\u00e9s magiques. Ici vous n\u2019assisterez pas \u00e0 un spectacle fini mais vous serez plut\u00f4t les cobayes autant que les assistants d\u2019un travail en cours d\u2019\u00e9laboration.<\/p>\n<\/div><\/div>\n\n\n\n<p>Venez passer <mark style=\"background-color:rgba(0, 0, 0, 0)\" class=\"has-inline-color has-luminous-vivid-amber-color\">une soir\u00e9e \u00e9tonnante<\/mark>  dans notre cabinet de tentatives magiques et mettre un pied de l\u2019autre c\u00f4t\u00e9 du miroir.<\/p>\n\n\n\n<p><mark style=\"background-color:rgba(0, 0, 0, 0)\" class=\"has-inline-color has-luminous-vivid-amber-color\">Moldu : N. M. : <\/mark>se dit d\u2019une personne d\u00e9pourvue de pouvoirs magiques.<\/p>\n\n\n\n<p><mark>\u00ab&nbsp;Les soir\u00e9es du Moldu&nbsp;\u00bb<\/mark> auront lieu&nbsp;avant <a href=\"https:\/\/filariane.com\/?page_id=25258\" target=\"_blank\" rel=\"noreferrer noopener\">l\u2019amicale magique <\/a>une fois par mois.<\/p>\n\n\n\n<p class=\"has-text-align-center\">Gratuites et ouvertes \u00e0 tous et toutes. <br>Venez en familles, seul ou accompagn\u00e9, avec ou sans enfants.<\/p>\n\n\n\n<p class=\"has-text-align-center\">R\u00e9servation pr\u00e9f\u00e9rable au 06.20 46 23 91. ou par <a href=\"https:\/\/filariane.com\/?page_id=56\" target=\"_blank\" rel=\"noreferrer noopener\">formulaire de contact<\/a>.<\/p>\n\n\n\n<p>et aussi le groupe Facebook des \u00ab\u00a0Soir\u00e9es du Moldu\u00a0\u00bb: <a href=\"https:\/\/www.facebook.com\/groups\/1042594493627482\/?ref=share\" target=\"_blank\" rel=\"noreferrer noopener\">https:\/\/www.facebook.com\/groups\/1042594493627482\/?ref=share<\/a><\/p>\n\n\n\n<h2 class=\"wp-block-heading\"><mark style=\"background-color:rgba(0, 0, 0, 0)\" class=\"has-inline-color has-luminous-vivid-amber-color\">Prochaines dates des Soir\u00e9es du Moldu<\/mark><\/h2>\n\n\n\n<p><strong>\u00ab\u00a0Les Soir\u00e9es du Moldu\u00a0\u00bb d\u00e9butent \u00e0  20h30<\/strong><\/p>\n\n\n\n<p><strong>En 2026:<\/strong> vendredi 13 f\u00e9vrier  et vendredi 27 mars \u00e0 la <a href=\"https:\/\/www.placedeslibraires.fr\/magasins\/lambesc\/Zaizai-3435\/\" type=\"link\" id=\"https:\/\/www.placedeslibraires.fr\/magasins\/lambesc\/Zaizai-3435\/\" target=\"_blank\" rel=\"noreferrer noopener\">librairie ZaiZai<\/a> <a href=\"https:\/\/www.google.com\/maps\/place\/\/data=!4m2!3m1!1s0x12c9f7769f22813b:0xbe239a74822b0085?sa=X&amp;ved=1t:8290&amp;ictx=111\">2 Rue Mirabeau, 13410 Lambesc<\/a><\/p>\n","protected":false},"excerpt":{"rendered":"<p>\u00ab&nbsp;Les soir\u00e9es du Moldu&nbsp;\u00bb c\u2019est une rencontre joyeuse et surprenante avec des magiciens qui essaient, travaillent et peaufinent de nouveaux tours et autres curiosit\u00e9s magiques. Ici vous n\u2019assisterez pas \u00e0 un spectacle fini mais vous serez plut\u00f4t les cobayes autant que les assistants d\u2019un travail en cours d\u2019\u00e9laboration. Venez passer une soir\u00e9e \u00e9tonnante dans notre &hellip; <\/p>\n<p class=\"link-more\"><a href=\"https:\/\/filariane.com\/?page_id=25579\" class=\"more-link\">Continuer la lecture<span class=\"screen-reader-text\"> de &laquo;&nbsp;Les soir\u00e9es du Moldu&nbsp;&raquo;<\/span><\/a><\/p>\n","protected":false},"author":2,"featured_media":0,"parent":0,"menu_order":0,"comment_status":"closed","ping_status":"closed","template":"","meta":{"footnotes":""},"class_list":["post-25579","page","type-page","status-publish","hentry"],"yoast_head":"<!-- This site is optimized with the Yoast SEO plugin v26.8 - https:\/\/yoast.com\/product\/yoast-seo-wordpress\/ -->\n<title>Le Fil d&#039;Ariane - Les soir\u00e9es du Moldu<\/title>\n<meta name=\"description\" content=\"Les soir\u00e9es du Moldu, c\u2019est une rencontre joyeuse et surprenante avec des magiciens qui essaient, travaillent et peaufinent de nouveaux tours.\" \/>\n<meta name=\"robots\" content=\"index, follow, max-snippet:-1, max-image-preview:large, max-video-preview:-1\" \/>\n<link rel=\"canonical\" href=\"https:\/\/filariane.com\/?page_id=25579\" \/>\n<meta property=\"og:locale\" content=\"fr_FR\" \/>\n<meta property=\"og:type\" content=\"article\" \/>\n<meta property=\"og:title\" content=\"Le Fil d&#039;Ariane - Les soir\u00e9es du Moldu\" \/>\n<meta property=\"og:description\" content=\"Les soir\u00e9es du Moldu, c\u2019est une rencontre joyeuse et surprenante avec des magiciens qui essaient, travaillent et peaufinent de nouveaux tours.\" \/>\n<meta property=\"og:url\" content=\"https:\/\/filariane.com\/?page_id=25579\" \/>\n<meta property=\"og:site_name\" content=\"Le Fil d&#039;Ariane\" \/>\n<meta property=\"article:publisher\" content=\"https:\/\/www.facebook.com\/lefildarianecirque\" \/>\n<meta property=\"article:modified_time\" content=\"2026-01-22T18:20:32+00:00\" \/>\n<meta property=\"og:image\" content=\"https:\/\/filariane.com\/wp-content\/uploads\/2025\/09\/logo-amicale-magique-2025.png\" \/>\n\t<meta property=\"og:image:width\" content=\"800\" \/>\n\t<meta property=\"og:image:height\" content=\"800\" \/>\n\t<meta property=\"og:image:type\" content=\"image\/png\" \/>\n<meta name=\"twitter:card\" content=\"summary_large_image\" \/>\n<meta name=\"twitter:label1\" content=\"Dur\u00e9e de lecture estim\u00e9e\" \/>\n\t<meta name=\"twitter:data1\" content=\"2 minutes\" \/>\n<script type=\"application\/ld+json\" class=\"yoast-schema-graph\">{\"@context\":\"https:\/\/schema.org\",\"@graph\":[{\"@type\":\"WebPage\",\"@id\":\"https:\/\/filariane.com\/?page_id=25579\",\"url\":\"https:\/\/filariane.com\/?page_id=25579\",\"name\":\"Le Fil d&#039;Ariane - Les soir\u00e9es du Moldu\",\"isPartOf\":{\"@id\":\"https:\/\/filariane.com\/#website\"},\"primaryImageOfPage\":{\"@id\":\"https:\/\/filariane.com\/?page_id=25579#primaryimage\"},\"image\":{\"@id\":\"https:\/\/filariane.com\/?page_id=25579#primaryimage\"},\"thumbnailUrl\":\"https:\/\/filariane.com\/wp-content\/uploads\/2025\/09\/logo-amicale-magique-2025.png\",\"datePublished\":\"2023-05-01T07:30:45+00:00\",\"dateModified\":\"2026-01-22T18:20:32+00:00\",\"description\":\"Les soir\u00e9es du Moldu, c\u2019est une rencontre joyeuse et surprenante avec des magiciens qui essaient, travaillent et peaufinent de nouveaux tours.\",\"breadcrumb\":{\"@id\":\"https:\/\/filariane.com\/?page_id=25579#breadcrumb\"},\"inLanguage\":\"fr-FR\",\"potentialAction\":[{\"@type\":\"ReadAction\",\"target\":[\"https:\/\/filariane.com\/?page_id=25579\"]}]},{\"@type\":\"ImageObject\",\"inLanguage\":\"fr-FR\",\"@id\":\"https:\/\/filariane.com\/?page_id=25579#primaryimage\",\"url\":\"https:\/\/filariane.com\/wp-content\/uploads\/2025\/09\/logo-amicale-magique-2025.png\",\"contentUrl\":\"https:\/\/filariane.com\/wp-content\/uploads\/2025\/09\/logo-amicale-magique-2025.png\",\"width\":800,\"height\":800,\"caption\":\"logo amicale magique 2025\"},{\"@type\":\"BreadcrumbList\",\"@id\":\"https:\/\/filariane.com\/?page_id=25579#breadcrumb\",\"itemListElement\":[{\"@type\":\"ListItem\",\"position\":1,\"name\":\"Accueil\",\"item\":\"https:\/\/filariane.com\/\"},{\"@type\":\"ListItem\",\"position\":2,\"name\":\"Les soir\u00e9es du Moldu\"}]},{\"@type\":\"WebSite\",\"@id\":\"https:\/\/filariane.com\/#website\",\"url\":\"https:\/\/filariane.com\/\",\"name\":\"Le Fil d&#039;Ariane\",\"description\":\"les Arts du cirque pour grandir ensemble\",\"publisher\":{\"@id\":\"https:\/\/filariane.com\/#organization\"},\"potentialAction\":[{\"@type\":\"SearchAction\",\"target\":{\"@type\":\"EntryPoint\",\"urlTemplate\":\"https:\/\/filariane.com\/?s={search_term_string}\"},\"query-input\":{\"@type\":\"PropertyValueSpecification\",\"valueRequired\":true,\"valueName\":\"search_term_string\"}}],\"inLanguage\":\"fr-FR\"},{\"@type\":\"Organization\",\"@id\":\"https:\/\/filariane.com\/#organization\",\"name\":\"Le Fil d'Ariane\",\"url\":\"https:\/\/filariane.com\/\",\"logo\":{\"@type\":\"ImageObject\",\"inLanguage\":\"fr-FR\",\"@id\":\"https:\/\/filariane.com\/#\/schema\/logo\/image\/\",\"url\":\"https:\/\/filariane.com\/wp-content\/uploads\/2020\/04\/Fichier-1@2x.png\",\"contentUrl\":\"https:\/\/filariane.com\/wp-content\/uploads\/2020\/04\/Fichier-1@2x.png\",\"width\":1103,\"height\":569,\"caption\":\"Le Fil d'Ariane\"},\"image\":{\"@id\":\"https:\/\/filariane.com\/#\/schema\/logo\/image\/\"},\"sameAs\":[\"https:\/\/www.facebook.com\/lefildarianecirque\",\"https:\/\/www.instagram.com\/filariane_cirque\/\"]}]}<\/script>\n<!-- \/ Yoast SEO plugin. -->","yoast_head_json":{"title":"Le Fil d&#039;Ariane - Les soir\u00e9es du Moldu","description":"Les soir\u00e9es du Moldu, c\u2019est une rencontre joyeuse et surprenante avec des magiciens qui essaient, travaillent et peaufinent de nouveaux tours.","robots":{"index":"index","follow":"follow","max-snippet":"max-snippet:-1","max-image-preview":"max-image-preview:large","max-video-preview":"max-video-preview:-1"},"canonical":"https:\/\/filariane.com\/?page_id=25579","og_locale":"fr_FR","og_type":"article","og_title":"Le Fil d&#039;Ariane - Les soir\u00e9es du Moldu","og_description":"Les soir\u00e9es du Moldu, c\u2019est une rencontre joyeuse et surprenante avec des magiciens qui essaient, travaillent et peaufinent de nouveaux tours.","og_url":"https:\/\/filariane.com\/?page_id=25579","og_site_name":"Le Fil d&#039;Ariane","article_publisher":"https:\/\/www.facebook.com\/lefildarianecirque","article_modified_time":"2026-01-22T18:20:32+00:00","og_image":[{"width":800,"height":800,"url":"https:\/\/filariane.com\/wp-content\/uploads\/2025\/09\/logo-amicale-magique-2025.png","type":"image\/png"}],"twitter_card":"summary_large_image","twitter_misc":{"Dur\u00e9e de lecture estim\u00e9e":"2 minutes"},"schema":{"@context":"https:\/\/schema.org","@graph":[{"@type":"WebPage","@id":"https:\/\/filariane.com\/?page_id=25579","url":"https:\/\/filariane.com\/?page_id=25579","name":"Le Fil d&#039;Ariane - Les soir\u00e9es du Moldu","isPartOf":{"@id":"https:\/\/filariane.com\/#website"},"primaryImageOfPage":{"@id":"https:\/\/filariane.com\/?page_id=25579#primaryimage"},"image":{"@id":"https:\/\/filariane.com\/?page_id=25579#primaryimage"},"thumbnailUrl":"https:\/\/filariane.com\/wp-content\/uploads\/2025\/09\/logo-amicale-magique-2025.png","datePublished":"2023-05-01T07:30:45+00:00","dateModified":"2026-01-22T18:20:32+00:00","description":"Les soir\u00e9es du Moldu, c\u2019est une rencontre joyeuse et surprenante avec des magiciens qui essaient, travaillent et peaufinent de nouveaux tours.","breadcrumb":{"@id":"https:\/\/filariane.com\/?page_id=25579#breadcrumb"},"inLanguage":"fr-FR","potentialAction":[{"@type":"ReadAction","target":["https:\/\/filariane.com\/?page_id=25579"]}]},{"@type":"ImageObject","inLanguage":"fr-FR","@id":"https:\/\/filariane.com\/?page_id=25579#primaryimage","url":"https:\/\/filariane.com\/wp-content\/uploads\/2025\/09\/logo-amicale-magique-2025.png","contentUrl":"https:\/\/filariane.com\/wp-content\/uploads\/2025\/09\/logo-amicale-magique-2025.png","width":800,"height":800,"caption":"logo amicale magique 2025"},{"@type":"BreadcrumbList","@id":"https:\/\/filariane.com\/?page_id=25579#breadcrumb","itemListElement":[{"@type":"ListItem","position":1,"name":"Accueil","item":"https:\/\/filariane.com\/"},{"@type":"ListItem","position":2,"name":"Les soir\u00e9es du Moldu"}]},{"@type":"WebSite","@id":"https:\/\/filariane.com\/#website","url":"https:\/\/filariane.com\/","name":"Le Fil d&#039;Ariane","description":"les Arts du cirque pour grandir ensemble","publisher":{"@id":"https:\/\/filariane.com\/#organization"},"potentialAction":[{"@type":"SearchAction","target":{"@type":"EntryPoint","urlTemplate":"https:\/\/filariane.com\/?s={search_term_string}"},"query-input":{"@type":"PropertyValueSpecification","valueRequired":true,"valueName":"search_term_string"}}],"inLanguage":"fr-FR"},{"@type":"Organization","@id":"https:\/\/filariane.com\/#organization","name":"Le Fil d'Ariane","url":"https:\/\/filariane.com\/","logo":{"@type":"ImageObject","inLanguage":"fr-FR","@id":"https:\/\/filariane.com\/#\/schema\/logo\/image\/","url":"https:\/\/filariane.com\/wp-content\/uploads\/2020\/04\/Fichier-1@2x.png","contentUrl":"https:\/\/filariane.com\/wp-content\/uploads\/2020\/04\/Fichier-1@2x.png","width":1103,"height":569,"caption":"Le Fil d'Ariane"},"image":{"@id":"https:\/\/filariane.com\/#\/schema\/logo\/image\/"},"sameAs":["https:\/\/www.facebook.com\/lefildarianecirque","https:\/\/www.instagram.com\/filariane_cirque\/"]}]}},"_links":{"self":[{"href":"https:\/\/filariane.com\/index.php?rest_route=\/wp\/v2\/pages\/25579","targetHints":{"allow":["GET"]}}],"collection":[{"href":"https:\/\/filariane.com\/index.php?rest_route=\/wp\/v2\/pages"}],"about":[{"href":"https:\/\/filariane.com\/index.php?rest_route=\/wp\/v2\/types\/page"}],"author":[{"embeddable":true,"href":"https:\/\/filariane.com\/index.php?rest_route=\/wp\/v2\/users\/2"}],"replies":[{"embeddable":true,"href":"https:\/\/filariane.com\/index.php?rest_route=%2Fwp%2Fv2%2Fcomments&post=25579"}],"version-history":[{"count":14,"href":"https:\/\/filariane.com\/index.php?rest_route=\/wp\/v2\/pages\/25579\/revisions"}],"predecessor-version":[{"id":26048,"href":"https:\/\/filariane.com\/index.php?rest_route=\/wp\/v2\/pages\/25579\/revisions\/26048"}],"wp:attachment":[{"href":"https:\/\/filariane.com\/index.php?rest_route=%2Fwp%2Fv2%2Fmedia&parent=25579"}],"curies":[{"name":"wp","href":"https:\/\/api.w.org\/{rel}","templated":true}]}}