{"id":33,"date":"2020-04-13T15:03:56","date_gmt":"2020-04-13T13:03:56","guid":{"rendered":"http:\/\/filariane.com\/?page_id=33"},"modified":"2025-11-16T20:31:31","modified_gmt":"2025-11-16T19:31:31","slug":"mentions-legales","status":"publish","type":"page","link":"https:\/\/filariane.com\/?page_id=33","title":{"rendered":"Mentions L\u00e9gales"},"content":{"rendered":"\n<figure class=\"wp-block-image size-full\"><img loading=\"lazy\" decoding=\"async\" width=\"2357\" height=\"920\" src=\"https:\/\/filariane.com\/wp-content\/uploads\/2025\/08\/LOGO-FIL-ARIANE-2025-en-png.png\" alt=\"le fil d'Ariane - \u00e9cole de cirque\" class=\"wp-image-25986\"\/><\/figure>\n\n\n\n<h2 class=\"wp-block-heading\"><span class=\"has-inline-color has-luminous-vivid-amber-color\">Informations \u00e9diteur<\/span><\/h2>\n\n\n\n<h3 class=\"wp-block-heading\">\u00c9diteur<\/h3>\n\n\n\n<p>L\u2019association<a href=\"http:\/\/www.filariane.com\"> \u00a0\u00bb Le Fil d&rsquo;Ariane\u00a0\u00bb<\/a><\/p>\n\n\n\n<p>SIRET: 808 937 486 000 13  \/  NAF: 8552Z \/ Agr\u00e9ment Jeunesse Education Populaire (JEP): 13-20-JEP 267<br>H\u00f4tel de ville : 14, place de la r\u00e9publique &#8211; 13760 Saint Cannat<\/p>\n\n\n\n<p>T\u00e9l.: 06 20 46 23 91<\/p>\n\n\n\n<h3 class=\"wp-block-heading\">Directeur de la publication<\/h3>\n\n\n\n<p>Daniel renard : Pr\u00e9sident de l&rsquo;association<\/p>\n\n\n\n<h3 class=\"wp-block-heading\">Graphisme<\/h3>\n\n\n\n<p>L\u2019association \u00a0\u00bb Le Fil d&rsquo;Ariane\u00a0\u00bb<\/p>\n\n\n\n<h3 class=\"wp-block-heading\">H\u00e9bergement<\/h3>\n\n\n\n<p>Kochka<\/p>\n\n\n\n<h2 class=\"wp-block-heading\"><span class=\"has-inline-color has-luminous-vivid-amber-color\">Cr\u00e9dits photographiques &#8211; Mentions l\u00e9gales<\/span><\/h2>\n\n\n\n<p>Le contenu de ce site rel\u00e8ve de la l\u00e9gislation fran\u00e7aise sur le droit d&rsquo;auteur et la propri\u00e9t\u00e9 intellectuelle.<\/p>\n\n\n\n<p>Nos mentions l\u00e9gales pr\u00e9cisent que tous les droits de reproduction sont r\u00e9serv\u00e9s, y compris les documents t\u00e9l\u00e9chargeables et les photographies.<\/p>\n\n\n\n<p>Toute reproduction de ce site est strictement interdite sans autorisation \u00e9crite pr\u00e9alable. Ceci quel qu&rsquo;en soit le format ou le support.<\/p>\n\n\n\n<p>L&rsquo;adresse internet du site de l\u2019association \u00ab\u00a0Le Fil d&rsquo;Ariane\u00a0\u00bb, <a href=\"http:\/\/www.filariane.com\">www.filariane.com<\/a>, suivie de la mention \u00ab\u00a0droits r\u00e9serv\u00e9s&nbsp;\u00a0\u00bb devra appara\u00eetre sur toute reproduction avec autorisation \u00e9crite pr\u00e9alable.<br>Les photos de ce site sont sign\u00e9es <a href=\"http:\/\/www.magalibatbedat.com\/\">Magali Badbedat<\/a> et <a href=\"http:\/\/www.michaelvessereau.com\">Micha\u00ebl Vessereau<\/a>.<\/p>\n\n\n\n<p>Les droits des photographies et vid\u00e9os pr\u00e9sent\u00e9es sur ce site sont la propri\u00e9t\u00e9 exclusive de l&rsquo;association Le Fil d&rsquo;Ariane.<\/p>\n\n\n\n<h2 class=\"wp-block-heading\"><span class=\"has-inline-color has-luminous-vivid-amber-color\">Port\u00e9e des informations<\/span><\/h2>\n\n\n\n<p>Le but de ce site est de partager les informations relatives aux activit\u00e9s et \u00e0 <strong><a href=\"http:\/\/filariane.com\/?page_id=93\">l&rsquo;organisation de l\u2019association<\/a><\/strong><a href=\"http:\/\/www.filariane.com\"> \u00a0\u00bb Le Fil d&rsquo;Ariane\u00a0\u00bb<\/a> .<\/p>\n\n\n\n<h2 class=\"wp-block-heading\"><span class=\"has-inline-color has-luminous-vivid-amber-color\">Responsabilit\u00e9<\/span><\/h2>\n\n\n\n<p><strong>L&rsquo;association<\/strong> <a href=\"http:\/\/www.filariane.com\">\u00a0\u00bb Le Fil d&rsquo;Ariane\u00a0\u00bb<\/a> met tout en \u0153uvre pour assurer l&rsquo;exactitude et la mise \u00e0 jour de l&rsquo;ensemble des informations fournies sur son site. N\u00e9anmoins, nous ne pouvons pas garantir que celles-ci soient toujours compl\u00e8tes et d\u00e9pourvues d&rsquo;erreurs.<\/p>\n\n\n\n<p><strong>L&rsquo;association<\/strong> <a href=\"http:\/\/www.filariane.com\">\u00a0\u00bb Le Fil d&rsquo;Ariane\u00a0\u00bb<\/a> se r\u00e9serve le droit de corriger ou de modifier, \u00e0 tout moment et sans pr\u00e9avis, le contenu de ce site. Toute tentative de transfert d&rsquo;information vers un site tiers ou de modification des informations contenues sur ce site est interdite et peut entra\u00eener des poursuites civiles ou p\u00e9nales de la part de la <strong><strong>L&rsquo;association<\/strong><\/strong> <a href=\"http:\/\/www.filariane.com\">\u00a0\u00bb Le Fil d&rsquo;Ariane\u00a0\u00bb<\/a>.<\/p>\n\n\n\n<p>La structure associative <a href=\"http:\/\/www.filariane.com\">\u00a0\u00bb Le Fil d&rsquo;Ariane\u00a0\u00bb<\/a> ne pourra \u00eatre tenue responsable de l&rsquo;ensemble des liens hypertextes ou de tout autre \u00e9l\u00e9ment informatique utilis\u00e9, directement ou indirectement, \u00e0 partir du ce site, l&rsquo;existence d&rsquo;un lien n&rsquo;ayant pas pour effet de transf\u00e9rer la responsabilit\u00e9 de <strong><strong>L&rsquo;association<\/strong> <\/strong><a href=\"http:\/\/www.filariane.com\">\u00a0\u00bb Le Fil d&rsquo;Ariane\u00a0\u00bb<\/a>.<\/p>\n\n\n\n<p> <a href=\"http:\/\/www.filariane.com\">\u00a0\u00bb Le Fil d&rsquo;Ariane\u00a0\u00bb<\/a> ne garantit pas et ne prend aucun engagement concernant des sites tiers et ne sera pas responsable de leur contenu.<\/p>\n\n\n\n<p> <a href=\"http:\/\/www.filariane.com\">\u00a0\u00bb Le Fil d&rsquo;Ariane\u00a0\u00bb<\/a> ne peut pas garantir que le serveur accueillant ce site soit exempt de virus et que les fichiers accessibles par t\u00e9l\u00e9chargement sur ce site web ou tout autre site tiers sont d\u00e9pourvus de virus ou d&rsquo;erreurs de fonctionnement. Nous recommandons aux utilisateurs de prendre les mesures n\u00e9cessaires afin de prot\u00e9ger leur ordinateur. Des intrusions virales et des probl\u00e8mes techniques pourraient endommager les composants de l&rsquo;ordinateur ou des donn\u00e9es qui pourraient y \u00eatre stock\u00e9es.<\/p>\n\n\n\n<p>En tout \u00e9tat de cause <strong><strong>L&rsquo;association<\/strong> <\/strong><a href=\"http:\/\/www.filariane.com\">\u00a0\u00bb Le Fil d&rsquo;Ariane\u00a0\u00bb<\/a>  ne pourra \u00eatre responsable d&rsquo;un dommage quelconque pouvant se produire lors de la connexion et de la navigation sur le site.<\/p>\n\n\n\n<h2 class=\"wp-block-heading\"><span class=\"has-inline-color has-luminous-vivid-amber-color\">Protection des donn\u00e9es personnelles<\/span> \u2022<span class=\"has-inline-color has-luminous-vivid-amber-color\"> Listes de diffusion<\/span> \u2022 <span class=\"has-inline-color has-luminous-vivid-amber-color\">Informatique et libert\u00e9s<\/span><\/h2>\n\n\n\n<p><strong><strong>L&rsquo;association<\/strong> <\/strong><a href=\"http:\/\/www.filariane.com\">\u00a0\u00bb Le Fil d&rsquo;Ariane\u00a0\u00bb<\/a> collecte les informations suivantes uniquement \u00e0 des fins d&rsquo;inscription \u00e0 ses activit\u00e9s. Ces donn\u00e9es ne sont pas partag\u00e9es. <\/p>\n\n\n\n<p>Les listes de diffusion de <strong><strong>L&rsquo;association<\/strong> <\/strong><a href=\"http:\/\/www.filariane.com\">\u00a0\u00bb Le Fil d&rsquo;Ariane\u00a0\u00bb<\/a> sont confidentielles. <strong><strong>L&rsquo;association<\/strong> <\/strong><a href=\"http:\/\/www.filariane.com\">\u00a0\u00bb Le Fil d&rsquo;Ariane\u00a0\u00bb<\/a> ne communique jamais les courriels de ses adh\u00e9rents et partenaires.<br><br>La newsletter \u00e9dit\u00e9 par <strong><strong>L&rsquo;association<\/strong> <\/strong><a href=\"http:\/\/www.filariane.com\">\u00a0\u00bb Le Fil d&rsquo;Ariane\u00a0\u00bb<\/a> est transmise chaque mois. Vous avez, \u00e0 tout moment, la possibilit\u00e9 de modifier votre courriel ou de vous d\u00e9sinscrire de notre liste de diffusion en contactant: <a rel=\"noreferrer noopener\" href=\"mailto:contact@filariane.com\" target=\"_blank\">contact@filariane.com<\/a>.<\/p>\n\n\n\n<p>Vous disposez d&rsquo;un droit d&rsquo;acc\u00e8s, de modification, de rectification et de suppression des donn\u00e9es qui vous concernent (art. 34 de la loi \u00ab\u00a0Informatique et Libert\u00e9s\u00a0\u00bb du 6 janvier 1978). Pour l&rsquo;exercer, contactez <strong><strong>L&rsquo;association<\/strong> <\/strong><a href=\"http:\/\/www.filariane.com\">\u00a0\u00bb Le Fil d&rsquo;Ariane\u00a0\u00bb<\/a>: <a rel=\"noreferrer noopener\" href=\"mailto:contact@filariane.com\" target=\"_blank\">contact@filariane.com<\/a><\/p>\n\n\n\n<p><\/p>\n","protected":false},"excerpt":{"rendered":"<p>Informations \u00e9diteur \u00c9diteur L\u2019association \u00a0\u00bb Le Fil d&rsquo;Ariane\u00a0\u00bb SIRET: 808 937 486 000 13 \/ NAF: 8552Z \/ Agr\u00e9ment Jeunesse Education Populaire (JEP): 13-20-JEP 267H\u00f4tel de ville : 14, place de la r\u00e9publique &#8211; 13760 Saint Cannat T\u00e9l.: 06 20 46 23 91 Directeur de la publication Daniel renard : Pr\u00e9sident de l&rsquo;association Graphisme L\u2019association &hellip; <\/p>\n<p class=\"link-more\"><a href=\"https:\/\/filariane.com\/?page_id=33\" class=\"more-link\">Continuer la lecture<span class=\"screen-reader-text\"> de &laquo;&nbsp;Mentions L\u00e9gales&nbsp;&raquo;<\/span><\/a><\/p>\n","protected":false},"author":2,"featured_media":0,"parent":0,"menu_order":0,"comment_status":"closed","ping_status":"closed","template":"","meta":{"footnotes":""},"class_list":["post-33","page","type-page","status-publish","hentry"],"yoast_head":"<!-- This site is optimized with the Yoast SEO plugin v26.8 - https:\/\/yoast.com\/product\/yoast-seo-wordpress\/ -->\n<title>Le Fil d&#039;Ariane - Mentions L\u00e9gales - Les mentions l\u00e9gales du Fil d&#039;Ariane<\/title>\n<meta name=\"description\" content=\"Le Fil d&#039;Ariane - Les mentions l\u00e9gales du Fil d&#039;Ariane - \u00e9cole du lien et de la cr\u00e9ativit\u00e9 \/ \u00e9cole du cirque des Bouches du Rhone et du Pays d&#039;Aix\" \/>\n<meta name=\"robots\" content=\"index, follow, max-snippet:-1, max-image-preview:large, max-video-preview:-1\" \/>\n<link rel=\"canonical\" href=\"https:\/\/filariane.com\/?page_id=33\" \/>\n<meta property=\"og:locale\" content=\"fr_FR\" \/>\n<meta property=\"og:type\" content=\"article\" \/>\n<meta property=\"og:title\" content=\"Le Fil d&#039;Ariane - Mentions L\u00e9gales - Les mentions l\u00e9gales du Fil d&#039;Ariane\" \/>\n<meta property=\"og:description\" content=\"Le Fil d&#039;Ariane - Les mentions l\u00e9gales du Fil d&#039;Ariane - \u00e9cole du lien et de la cr\u00e9ativit\u00e9 \/ \u00e9cole du cirque des Bouches du Rhone et du Pays d&#039;Aix\" \/>\n<meta property=\"og:url\" content=\"https:\/\/filariane.com\/?page_id=33\" \/>\n<meta property=\"og:site_name\" content=\"Le Fil d&#039;Ariane\" \/>\n<meta property=\"article:publisher\" content=\"https:\/\/www.facebook.com\/lefildarianecirque\" \/>\n<meta property=\"article:modified_time\" content=\"2025-11-16T19:31:31+00:00\" \/>\n<meta property=\"og:image\" content=\"https:\/\/filariane.com\/wp-content\/uploads\/2025\/08\/LOGO-FIL-ARIANE-2025-en-png.png\" \/>\n\t<meta property=\"og:image:width\" content=\"2357\" \/>\n\t<meta property=\"og:image:height\" content=\"920\" \/>\n\t<meta property=\"og:image:type\" content=\"image\/png\" \/>\n<meta name=\"twitter:card\" content=\"summary_large_image\" \/>\n<meta name=\"twitter:label1\" content=\"Dur\u00e9e de lecture estim\u00e9e\" \/>\n\t<meta name=\"twitter:data1\" content=\"4 minutes\" \/>\n<script type=\"application\/ld+json\" class=\"yoast-schema-graph\">{\"@context\":\"https:\/\/schema.org\",\"@graph\":[{\"@type\":\"WebPage\",\"@id\":\"https:\/\/filariane.com\/?page_id=33\",\"url\":\"https:\/\/filariane.com\/?page_id=33\",\"name\":\"Le Fil d&#039;Ariane - Mentions L\u00e9gales - Les mentions l\u00e9gales du Fil d'Ariane\",\"isPartOf\":{\"@id\":\"https:\/\/filariane.com\/#website\"},\"primaryImageOfPage\":{\"@id\":\"https:\/\/filariane.com\/?page_id=33#primaryimage\"},\"image\":{\"@id\":\"https:\/\/filariane.com\/?page_id=33#primaryimage\"},\"thumbnailUrl\":\"https:\/\/filariane.com\/wp-content\/uploads\/2025\/08\/LOGO-FIL-ARIANE-2025-en-png.png\",\"datePublished\":\"2020-04-13T13:03:56+00:00\",\"dateModified\":\"2025-11-16T19:31:31+00:00\",\"description\":\"Le Fil d&#039;Ariane - Les mentions l\u00e9gales du Fil d'Ariane - \u00e9cole du lien et de la cr\u00e9ativit\u00e9 \/ \u00e9cole du cirque des Bouches du Rhone et du Pays d'Aix\",\"breadcrumb\":{\"@id\":\"https:\/\/filariane.com\/?page_id=33#breadcrumb\"},\"inLanguage\":\"fr-FR\",\"potentialAction\":[{\"@type\":\"ReadAction\",\"target\":[\"https:\/\/filariane.com\/?page_id=33\"]}]},{\"@type\":\"ImageObject\",\"inLanguage\":\"fr-FR\",\"@id\":\"https:\/\/filariane.com\/?page_id=33#primaryimage\",\"url\":\"https:\/\/filariane.com\/wp-content\/uploads\/2025\/08\/LOGO-FIL-ARIANE-2025-en-png.png\",\"contentUrl\":\"https:\/\/filariane.com\/wp-content\/uploads\/2025\/08\/LOGO-FIL-ARIANE-2025-en-png.png\",\"width\":2357,\"height\":920,\"caption\":\"le fil d'Ariane - \u00e9cole de cirque\"},{\"@type\":\"BreadcrumbList\",\"@id\":\"https:\/\/filariane.com\/?page_id=33#breadcrumb\",\"itemListElement\":[{\"@type\":\"ListItem\",\"position\":1,\"name\":\"Accueil\",\"item\":\"https:\/\/filariane.com\/\"},{\"@type\":\"ListItem\",\"position\":2,\"name\":\"Mentions L\u00e9gales\"}]},{\"@type\":\"WebSite\",\"@id\":\"https:\/\/filariane.com\/#website\",\"url\":\"https:\/\/filariane.com\/\",\"name\":\"Le Fil d&#039;Ariane\",\"description\":\"les Arts du cirque pour grandir ensemble\",\"publisher\":{\"@id\":\"https:\/\/filariane.com\/#organization\"},\"potentialAction\":[{\"@type\":\"SearchAction\",\"target\":{\"@type\":\"EntryPoint\",\"urlTemplate\":\"https:\/\/filariane.com\/?s={search_term_string}\"},\"query-input\":{\"@type\":\"PropertyValueSpecification\",\"valueRequired\":true,\"valueName\":\"search_term_string\"}}],\"inLanguage\":\"fr-FR\"},{\"@type\":\"Organization\",\"@id\":\"https:\/\/filariane.com\/#organization\",\"name\":\"Le Fil d'Ariane\",\"url\":\"https:\/\/filariane.com\/\",\"logo\":{\"@type\":\"ImageObject\",\"inLanguage\":\"fr-FR\",\"@id\":\"https:\/\/filariane.com\/#\/schema\/logo\/image\/\",\"url\":\"https:\/\/filariane.com\/wp-content\/uploads\/2020\/04\/Fichier-1@2x.png\",\"contentUrl\":\"https:\/\/filariane.com\/wp-content\/uploads\/2020\/04\/Fichier-1@2x.png\",\"width\":1103,\"height\":569,\"caption\":\"Le Fil d'Ariane\"},\"image\":{\"@id\":\"https:\/\/filariane.com\/#\/schema\/logo\/image\/\"},\"sameAs\":[\"https:\/\/www.facebook.com\/lefildarianecirque\",\"https:\/\/www.instagram.com\/filariane_cirque\/\"]}]}<\/script>\n<!-- \/ Yoast SEO plugin. -->","yoast_head_json":{"title":"Le Fil d&#039;Ariane - Mentions L\u00e9gales - Les mentions l\u00e9gales du Fil d'Ariane","description":"Le Fil d&#039;Ariane - Les mentions l\u00e9gales du Fil d'Ariane - \u00e9cole du lien et de la cr\u00e9ativit\u00e9 \/ \u00e9cole du cirque des Bouches du Rhone et du Pays d'Aix","robots":{"index":"index","follow":"follow","max-snippet":"max-snippet:-1","max-image-preview":"max-image-preview:large","max-video-preview":"max-video-preview:-1"},"canonical":"https:\/\/filariane.com\/?page_id=33","og_locale":"fr_FR","og_type":"article","og_title":"Le Fil d&#039;Ariane - Mentions L\u00e9gales - Les mentions l\u00e9gales du Fil d'Ariane","og_description":"Le Fil d&#039;Ariane - Les mentions l\u00e9gales du Fil d'Ariane - \u00e9cole du lien et de la cr\u00e9ativit\u00e9 \/ \u00e9cole du cirque des Bouches du Rhone et du Pays d'Aix","og_url":"https:\/\/filariane.com\/?page_id=33","og_site_name":"Le Fil d&#039;Ariane","article_publisher":"https:\/\/www.facebook.com\/lefildarianecirque","article_modified_time":"2025-11-16T19:31:31+00:00","og_image":[{"width":2357,"height":920,"url":"https:\/\/filariane.com\/wp-content\/uploads\/2025\/08\/LOGO-FIL-ARIANE-2025-en-png.png","type":"image\/png"}],"twitter_card":"summary_large_image","twitter_misc":{"Dur\u00e9e de lecture estim\u00e9e":"4 minutes"},"schema":{"@context":"https:\/\/schema.org","@graph":[{"@type":"WebPage","@id":"https:\/\/filariane.com\/?page_id=33","url":"https:\/\/filariane.com\/?page_id=33","name":"Le Fil d&#039;Ariane - Mentions L\u00e9gales - Les mentions l\u00e9gales du Fil d'Ariane","isPartOf":{"@id":"https:\/\/filariane.com\/#website"},"primaryImageOfPage":{"@id":"https:\/\/filariane.com\/?page_id=33#primaryimage"},"image":{"@id":"https:\/\/filariane.com\/?page_id=33#primaryimage"},"thumbnailUrl":"https:\/\/filariane.com\/wp-content\/uploads\/2025\/08\/LOGO-FIL-ARIANE-2025-en-png.png","datePublished":"2020-04-13T13:03:56+00:00","dateModified":"2025-11-16T19:31:31+00:00","description":"Le Fil d&#039;Ariane - Les mentions l\u00e9gales du Fil d'Ariane - \u00e9cole du lien et de la cr\u00e9ativit\u00e9 \/ \u00e9cole du cirque des Bouches du Rhone et du Pays d'Aix","breadcrumb":{"@id":"https:\/\/filariane.com\/?page_id=33#breadcrumb"},"inLanguage":"fr-FR","potentialAction":[{"@type":"ReadAction","target":["https:\/\/filariane.com\/?page_id=33"]}]},{"@type":"ImageObject","inLanguage":"fr-FR","@id":"https:\/\/filariane.com\/?page_id=33#primaryimage","url":"https:\/\/filariane.com\/wp-content\/uploads\/2025\/08\/LOGO-FIL-ARIANE-2025-en-png.png","contentUrl":"https:\/\/filariane.com\/wp-content\/uploads\/2025\/08\/LOGO-FIL-ARIANE-2025-en-png.png","width":2357,"height":920,"caption":"le fil d'Ariane - \u00e9cole de cirque"},{"@type":"BreadcrumbList","@id":"https:\/\/filariane.com\/?page_id=33#breadcrumb","itemListElement":[{"@type":"ListItem","position":1,"name":"Accueil","item":"https:\/\/filariane.com\/"},{"@type":"ListItem","position":2,"name":"Mentions L\u00e9gales"}]},{"@type":"WebSite","@id":"https:\/\/filariane.com\/#website","url":"https:\/\/filariane.com\/","name":"Le Fil d&#039;Ariane","description":"les Arts du cirque pour grandir ensemble","publisher":{"@id":"https:\/\/filariane.com\/#organization"},"potentialAction":[{"@type":"SearchAction","target":{"@type":"EntryPoint","urlTemplate":"https:\/\/filariane.com\/?s={search_term_string}"},"query-input":{"@type":"PropertyValueSpecification","valueRequired":true,"valueName":"search_term_string"}}],"inLanguage":"fr-FR"},{"@type":"Organization","@id":"https:\/\/filariane.com\/#organization","name":"Le Fil d'Ariane","url":"https:\/\/filariane.com\/","logo":{"@type":"ImageObject","inLanguage":"fr-FR","@id":"https:\/\/filariane.com\/#\/schema\/logo\/image\/","url":"https:\/\/filariane.com\/wp-content\/uploads\/2020\/04\/Fichier-1@2x.png","contentUrl":"https:\/\/filariane.com\/wp-content\/uploads\/2020\/04\/Fichier-1@2x.png","width":1103,"height":569,"caption":"Le Fil d'Ariane"},"image":{"@id":"https:\/\/filariane.com\/#\/schema\/logo\/image\/"},"sameAs":["https:\/\/www.facebook.com\/lefildarianecirque","https:\/\/www.instagram.com\/filariane_cirque\/"]}]}},"_links":{"self":[{"href":"https:\/\/filariane.com\/index.php?rest_route=\/wp\/v2\/pages\/33","targetHints":{"allow":["GET"]}}],"collection":[{"href":"https:\/\/filariane.com\/index.php?rest_route=\/wp\/v2\/pages"}],"about":[{"href":"https:\/\/filariane.com\/index.php?rest_route=\/wp\/v2\/types\/page"}],"author":[{"embeddable":true,"href":"https:\/\/filariane.com\/index.php?rest_route=\/wp\/v2\/users\/2"}],"replies":[{"embeddable":true,"href":"https:\/\/filariane.com\/index.php?rest_route=%2Fwp%2Fv2%2Fcomments&post=33"}],"version-history":[{"count":33,"href":"https:\/\/filariane.com\/index.php?rest_route=\/wp\/v2\/pages\/33\/revisions"}],"predecessor-version":[{"id":26030,"href":"https:\/\/filariane.com\/index.php?rest_route=\/wp\/v2\/pages\/33\/revisions\/26030"}],"wp:attachment":[{"href":"https:\/\/filariane.com\/index.php?rest_route=%2Fwp%2Fv2%2Fmedia&parent=33"}],"curies":[{"name":"wp","href":"https:\/\/api.w.org\/{rel}","templated":true}]}}