{"id":38,"date":"2020-04-07T21:05:01","date_gmt":"2020-04-07T19:05:01","guid":{"rendered":"http:\/\/filariane.com\/?page_id=38"},"modified":"2025-10-16T12:33:53","modified_gmt":"2025-10-16T10:33:53","slug":"le-projet-educatif","status":"publish","type":"page","link":"https:\/\/filariane.com\/?page_id=38","title":{"rendered":"Le projet \u00e9ducatif"},"content":{"rendered":"\n<p class=\"has-text-align-center\"><mark style=\"background-color:rgba(0, 0, 0, 0)\" class=\"has-inline-color has-luminous-vivid-amber-color\">\u00ab\u00a0<em> <\/em><\/mark><em>Promouvoir la tol\u00e9rance en utilisant les valeurs des arts du cirque et du mouvement.<br>Favoriser l\u2019\u00e9panouissement de chacun gr\u00e2ce aux plaisirs que suscitent les pratiques artistiques<mark style=\"background-color:rgba(0, 0, 0, 0)\" class=\"has-inline-color has-very-dark-gray-color\">.<\/mark><mark style=\"background-color:rgba(0, 0, 0, 0)\" class=\"has-inline-color has-luminous-vivid-amber-color\">\u00ab\u00a0<\/mark><\/em><\/p>\n\n\n\n<p style=\"font-size:15px\"><mark style=\"background-color:rgba(0, 0, 0, 0)\" class=\"has-inline-color has-luminous-vivid-amber-color\">LE FIL D&rsquo;ARIANE<\/mark> \u0153uvre \u00e0 l\u2019enseignement des Arts du Cirque. Notre projet \u00e9ducatif est d&rsquo;utiliser les Arts du Cirque dans le but de relier l&rsquo;<mark style=\"background-color:rgba(0, 0, 0, 0)\" class=\"has-inline-color has-luminous-vivid-amber-color\">\u00e9ducatif, le social <\/mark><mark style=\"background-color:rgba(0, 0, 0, 0)\" class=\"has-inline-color has-black-color\">et<\/mark><mark style=\"background-color:rgba(0, 0, 0, 0)\" class=\"has-inline-color has-luminous-vivid-amber-color\"> le culturel<\/mark>.<\/p>\n\n\n\n<p>Dans ce but, nous sommes affili\u00e9s \u00e0 la <strong><a rel=\"noreferrer noopener\" href=\"http:\/\/www.ffec.asso.fr\/\" target=\"_blank\">F\u00e9d\u00e9ration Fran\u00e7aise des \u00c9cole de Cirque<\/a><\/strong> et \u00e0 la <strong><a href=\"https:\/\/laligue13.fr\/\">Ligue de L&rsquo;enseignement.<\/a><\/strong><\/p>\n\n\n\n<p style=\"font-size:15px\">Notre parti pris est d&rsquo;utiliser les valeurs du cirque \u00e0 des fins de mixit\u00e9 sociale et d&rsquo;\u00e9panouissement culturel.<\/p>\n\n\n\n<p style=\"font-size:15px\">Au FIL D&rsquo;ARIANE, chaque pratiquant est consid\u00e9r\u00e9 dans son unicit\u00e9. Notre pratique des Arts du Cirque favorise la cr\u00e9ativit\u00e9 et d\u00e9veloppe la <span class=\"has-inline-color has-luminous-vivid-amber-color\">curiosit\u00e9, l&rsquo;entraide, la tol\u00e9rance et l&#8217;empathie<\/span>.<\/p>\n\n\n\n<p style=\"font-size:15px\">Nos activit\u00e9s rassemblent enfants, familles, s\u00e9niors, personnes en situations d&rsquo;exclusions ou de handicap. <\/p>\n\n\n\n<p style=\"font-size:15px\">LE FIL D&rsquo;ARIANE d\u00e9veloppe un projet \u00e9ducatif de territoire local : <strong><a rel=\"noreferrer noopener\" href=\"http:\/\/filariane.com\/?page_id=93\" target=\"_blank\">Un cirque pour tous<\/a><\/strong>. Ce projet propose de tisser des liens avec la population, le tissu associatif et les collectivit\u00e9s afin de d\u00e9velopper la mutualisation de moyens et de comp\u00e9tences. <\/p>\n\n\n\n<h2 class=\"wp-block-heading\"><mark style=\"background-color:rgba(0, 0, 0, 0)\" class=\"has-inline-color has-luminous-vivid-amber-color\">Le projet p\u00e9dagogique<\/mark><\/h2>\n\n\n<div class=\"wp-block-image is-style-rounded\">\n<figure class=\"alignleft size-large is-resized\"><img loading=\"lazy\" decoding=\"async\" width=\"683\" height=\"1024\" src=\"http:\/\/filariane.com\/wp-content\/uploads\/2020\/04\/3-683x1024.jpg\" alt=\"interventions centre de loisirs\" class=\"wp-image-141\" style=\"width:144px;height:215px\" srcset=\"https:\/\/filariane.com\/wp-content\/uploads\/2020\/04\/3-683x1024.jpg 683w, https:\/\/filariane.com\/wp-content\/uploads\/2020\/04\/3-200x300.jpg 200w, https:\/\/filariane.com\/wp-content\/uploads\/2020\/04\/3.jpg 700w\" sizes=\"auto, (max-width: 683px) 100vw, 683px\" \/><figcaption class=\"wp-element-caption\">Intervention ponctuelle au centre de loisirs<\/figcaption><\/figure>\n<\/div>\n\n\n<p style=\"font-size:15px\"><strong><a href=\"http:\/\/filariane.com\/?page_id=41\" target=\"_blank\" rel=\"noreferrer noopener\">Notre \u00e9quipe est compos\u00e9e d\u2019artistes p\u00e9dagogues<\/a><\/strong>, dipl\u00f4m\u00e9s pour l\u2019enseignement des Arts du Cirque (Dipl\u00f4me D\u2019\u00c9tat, BPJEPS, TIAC).<\/p>\n\n\n\n<p style=\"font-size:15px\">Nous apportons une attention particuli\u00e8re au \u00ab savoir-\u00eatre \u00bb avant le \u00ab savoir-faire \u00bb.<\/p>\n\n\n\n<p style=\"font-size:15px\">Loin des enjeux de la comp\u00e9tition, nous valorisons les challenges et laissons <span class=\"has-inline-color has-luminous-vivid-amber-color\">grandir chacun \u00e0 son rythme<\/span>.<\/p>\n\n\n\n<p style=\"font-size:15px\">Notre p\u00e9dagogie est inclusive, elle replace l&rsquo;apprenant au centre de son apprentissage. <\/p>\n\n\n\n<p style=\"font-size:15px\">Au FIL D&rsquo;ARIANE, nous d\u00e9pla\u00e7ons la place du p\u00e9dagogue : il n&rsquo;est plus le seul moyen d\u2019acqu\u00e9rir un savoir, il devient l&rsquo;accompagnant, le soutenant. Le p\u00e9dagogue valorise les \u00e9changes entre les apprenants, il soutient les initiatives et propose des sources d&rsquo;apprentissages alternatives.<\/p>\n\n\n\n<h2 class=\"wp-block-heading\"><mark style=\"background-color:rgba(0, 0, 0, 0)\" class=\"has-inline-color has-luminous-vivid-amber-color\">Nos valeurs \u00e9ducatives<\/mark><\/h2>\n\n\n\n<h3 class=\"wp-block-heading\">Le cirque, vecteur de lien social<\/h3>\n\n\n<div class=\"wp-block-image is-style-rounded\">\n<figure class=\"alignleft size-large is-resized\"><img loading=\"lazy\" decoding=\"async\" width=\"700\" height=\"794\" src=\"http:\/\/filariane.com\/wp-content\/uploads\/2020\/04\/5.jpg\" alt=\"cirque en cr\u00e8che\" class=\"wp-image-149\" style=\"width:215px;height:243px\" srcset=\"https:\/\/filariane.com\/wp-content\/uploads\/2020\/04\/5.jpg 700w, https:\/\/filariane.com\/wp-content\/uploads\/2020\/04\/5-264x300.jpg 264w\" sizes=\"auto, (max-width: 700px) 100vw, 700px\" \/><figcaption class=\"wp-element-caption\">Intervention \u00e0 la cr\u00e8che<\/figcaption><\/figure>\n<\/div>\n\n\n<p style=\"font-size:15px\">Nous proposons des activit\u00e9s interg\u00e9n\u00e9rationnelles parent &#8211; enfant \u00e0 partir de 18 mois, pour les enfants, les ados, les adultes et les familles.<strong><a href=\"http:\/\/filariane.com\/?page_id=53\" target=\"_blank\" rel=\"noreferrer noopener\"> Le FIL d&rsquo;ARIANE intervient<\/a><\/strong> en EHPAD, en h\u00f4pitaux, en prisons, en \u00e9coles, aupr\u00e8s de <a href=\"https:\/\/www.pass-education.fr\/l-ief-qu-est-ce-que-c-est-instruction-en-famille\/\" target=\"_blank\" rel=\"noreferrer noopener\"><strong>familles IEF<\/strong><\/a>, en coll\u00e8ges, lyc\u00e9es, cr\u00e8ches, et avec des structures de prises en charge du handicap (IME, FAM, ESAT). Chaque propositions s&rsquo;appuie sur un projet \u00e9ducatif.<\/p>\n\n\n\n<p style=\"font-size:15px\">Des <strong><a rel=\"noreferrer noopener\" href=\"http:\/\/filariane.com\/?page_id=47\" target=\"_blank\">stages<\/a><\/strong> sont programm\u00e9s lors de vacances ou week-ends.<\/p>\n\n\n\n<p style=\"font-size:15px\">Des<strong><a href=\"http:\/\/filariane.com\/?page_id=44\" target=\"_blank\" rel=\"noreferrer noopener\"> cours hebdomadaires<\/a><\/strong> ont lieu \u00e0 Saint Cannat, hors vacances scolaires.<\/p>\n\n\n\n<h3 class=\"wp-block-heading\">Le travail par le jeu<\/h3>\n\n\n\n<p style=\"font-size:15px\">Nous pla\u00e7ons l&rsquo;<span class=\"has-inline-color has-luminous-vivid-amber-color\">apprenant au centre de son apprentissage<\/span>. Ainsi il d\u00e9couvre par lui m\u00eame, il cr\u00e9e et d\u00e9veloppe des interactions avec d&rsquo;autres pratiquants. Nos p\u00e9dagogues proposent un apprentissage par \u00ab\u00a0objectifs atteignables\u00a0\u00bb : des jeux, activit\u00e9s, apprentissages rapides qui valorisent l&rsquo;estime et encouragent le pratiquant. Chaque module est constitutif d&rsquo;un apprentissage plus large.<\/p>\n\n\n\n<p style=\"font-size:15px\">Le pratiquant d\u00e9veloppe sa propre autonomie et apprend suivant son mode d&rsquo;apprentissage personnel. <\/p>\n\n\n\n<p style=\"font-size:15px\">Le jeu cr\u00e9e l&rsquo;alt\u00e9rit\u00e9, la n\u00e9cessit\u00e9 de r\u00e8gles cr\u00e9e le \u00ab\u00a0vivre-ensemble\u00a0\u00bb. Cette philosophie nous am\u00e8ne naturellement \u00e0 proposer des <strong><a rel=\"noreferrer noopener\" href=\"http:\/\/filariane.com\/?page_id=50\" target=\"_blank\">Team Building <\/a><\/strong>dans le cadre de s\u00e9minaires.<\/p>\n\n\n\n<h3 class=\"wp-block-heading\">Le cirque est un art<\/h3>\n\n\n<div class=\"wp-block-image is-style-rounded\">\n<figure class=\"alignleft size-large is-resized\"><img loading=\"lazy\" decoding=\"async\" width=\"700\" height=\"467\" src=\"http:\/\/filariane.com\/wp-content\/uploads\/2020\/04\/12.jpg\" alt=\"Le spectacle: un outil \u00e9ducatif\" class=\"wp-image-156\" style=\"width:340px;height:226px\" srcset=\"https:\/\/filariane.com\/wp-content\/uploads\/2020\/04\/12.jpg 700w, https:\/\/filariane.com\/wp-content\/uploads\/2020\/04\/12-300x200.jpg 300w\" sizes=\"auto, (max-width: 700px) 100vw, 700px\" \/><figcaption class=\"wp-element-caption\">Le spectacle : un outil \u00e9ducatif<\/figcaption><\/figure>\n<\/div>\n\n\n<p style=\"font-size:15px\">Pour que cela le devienne, il faut l\u2019investir du vivant : permettre \u00e0 l\u2019enfant de convoquer ses \u00e9motions, lui faire prendre confiance dans ses choix personnels, lui laisser une part de libert\u00e9 dans l\u2019apprentissage, le soutenir lorsqu\u2019il en fait la demande.<\/p>\n\n\n\n<p style=\"font-size:15px\">Pour cela nous proposons aux pratiquants des sources multiples d&rsquo;apprentissage de la culture des Arts du cirque : nous visionnons des vid\u00e9os, rencontrons des artistes, allons voir des spectacles, des livres sont mis \u00e0 disposition&#8230;<\/p>\n\n\n\n<p style=\"font-size:15px\">Les pratiquants sont r\u00e9guli\u00e8rement mis en situation d&rsquo;expression : mouvement dans\u00e9, jeu du clown, mise \u00e0 disposition d&rsquo;instruments de musique, &#8230;<\/p>\n\n\n\n<h2 class=\"wp-block-heading\">Les disciplines enseign\u00e9es<\/h2>\n\n\n\n\n<table id=\"tablepress-1\" class=\"tablepress tablepress-id-1\">\n<tbody>\n<tr class=\"row-1\">\n\t<td class=\"column-1\">Manipulation d\u2019objets<br \/>\nBalles<br \/>\nMassues<br \/>\nB\u00e2ton du diable<br \/>\nDiabolo<br \/>\nAssiettes chinoises<\/td><td class=\"column-2\"><img loading=\"lazy\" decoding=\"async\" src=\"http:\/\/filariane.com\/wp-content\/uploads\/2020\/04\/singe.jpg\" alt=\"\" width=\"250\" height=\"200\" class=\"alignnone size-full wp-image-84\" \/><\/td><td class=\"column-3\">A\u00e9riens<br \/>\nTrap\u00e8ze<br \/>\nCerceau a\u00e9rien<br \/>\nSangles a\u00e9riennes<br \/>\nTissu<br \/>\nDanse voltige<br \/>\nBungies<\/td><td class=\"column-4\"><\/td>\n<\/tr>\n<tr class=\"row-2\">\n\t<td class=\"column-1\"><img loading=\"lazy\" decoding=\"async\" src=\"http:\/\/filariane.com\/wp-content\/uploads\/2020\/04\/gouttes.jpg\" alt=\"\" width=\"250\" height=\"200\" class=\"alignnone size-full wp-image-83\" \/><\/td><td class=\"column-2\">Acrobatie<br \/>\nPort\u00e9s acrobatiques<br \/>\nAcrobatie au sol<br \/>\nTrampoline<br \/>\nM\u00e2t chinois<br \/>\nRoue Cyr<\/td><td class=\"column-3\"><figure id=\"attachment_81\" aria-describedby=\"caption-attachment-81\" style=\"width: 250px\" class=\"wp-caption alignnone\"><img loading=\"lazy\" decoding=\"async\" src=\"http:\/\/filariane.com\/wp-content\/uploads\/2020\/04\/Ecureuil-en-plein-vol.jpg\" alt=\"Les disciplines du fil d&#039;Ariane\" width=\"250\" height=\"200\" class=\"size-full wp-image-81\" \/><figcaption id=\"caption-attachment-81\" class=\"wp-caption-text\">acrobatie, trap\u00e8ze, jonglerie<\/figcaption><\/figure><\/td><td class=\"column-4\"><\/td>\n<\/tr>\n<tr class=\"row-3\">\n\t<td class=\"column-1\">\u00c9quilibre sur Objets<br \/>\nFil<br \/>\nBoule<br \/>\nMonocycle<br \/>\nRolla Bolla<\/td><td class=\"column-2\"><img loading=\"lazy\" decoding=\"async\" src=\"http:\/\/filariane.com\/wp-content\/uploads\/2020\/04\/equilibre.jpg\" alt=\"\" width=\"250\" height=\"200\" class=\"alignnone size-full wp-image-82\" \/><\/td><td class=\"column-3\">Arts connexes<br \/>\nJeux chor\u00e9graphiques<br \/>\nClown<br \/>\nJeu masqu\u00e9<br \/>\nMusique<br \/>\nChant<br \/>\nMagie<\/td><td class=\"column-4\"><\/td>\n<\/tr>\n<\/tbody>\n<\/table>\n\n\n\n\n<p><\/p>\n","protected":false},"excerpt":{"rendered":"<p>\u00ab\u00a0 Promouvoir la tol\u00e9rance en utilisant les valeurs des arts du cirque et du mouvement.Favoriser l\u2019\u00e9panouissement de chacun gr\u00e2ce aux plaisirs que suscitent les pratiques artistiques.\u00ab\u00a0 LE FIL D&rsquo;ARIANE \u0153uvre \u00e0 l\u2019enseignement des Arts du Cirque. Notre projet \u00e9ducatif est d&rsquo;utiliser les Arts du Cirque dans le but de relier l&rsquo;\u00e9ducatif, le social et le &hellip; <\/p>\n<p class=\"link-more\"><a href=\"https:\/\/filariane.com\/?page_id=38\" class=\"more-link\">Continuer la lecture<span class=\"screen-reader-text\"> de &laquo;&nbsp;Le projet \u00e9ducatif&nbsp;&raquo;<\/span><\/a><\/p>\n","protected":false},"author":2,"featured_media":0,"parent":0,"menu_order":0,"comment_status":"closed","ping_status":"closed","template":"","meta":{"footnotes":""},"class_list":["post-38","page","type-page","status-publish","hentry"],"yoast_head":"<!-- This site is optimized with the Yoast SEO plugin v26.8 - https:\/\/yoast.com\/product\/yoast-seo-wordpress\/ -->\n<title>Le Fil d&#039;Ariane - Le projet \u00e9ducatif - Le projet et les valeurs du Fil d&#039;Ariane<\/title>\n<meta name=\"description\" content=\"Le Fil d&#039;Ariane - Le projet \u00e9ducatif - Le projet \u00e9ducatif du Fil d&#039;Ariane. Les arts du cirque: outils \u00e9ducatifs, sociaux et culturels.\" \/>\n<meta name=\"robots\" content=\"index, follow, max-snippet:-1, max-image-preview:large, max-video-preview:-1\" \/>\n<link rel=\"canonical\" href=\"https:\/\/filariane.com\/?page_id=38\" \/>\n<meta property=\"og:locale\" content=\"fr_FR\" \/>\n<meta property=\"og:type\" content=\"article\" \/>\n<meta property=\"og:title\" content=\"Le Fil d&#039;Ariane - Le projet \u00e9ducatif - Le projet et les valeurs du Fil d&#039;Ariane\" \/>\n<meta property=\"og:description\" content=\"Le Fil d&#039;Ariane - Le projet \u00e9ducatif - Le projet \u00e9ducatif du Fil d&#039;Ariane. Les arts du cirque: outils \u00e9ducatifs, sociaux et culturels.\" \/>\n<meta property=\"og:url\" content=\"https:\/\/filariane.com\/?page_id=38\" \/>\n<meta property=\"og:site_name\" content=\"Le Fil d&#039;Ariane\" \/>\n<meta property=\"article:publisher\" content=\"https:\/\/www.facebook.com\/lefildarianecirque\" \/>\n<meta property=\"article:modified_time\" content=\"2025-10-16T10:33:53+00:00\" \/>\n<meta property=\"og:image\" content=\"https:\/\/filariane.com\/wp-content\/uploads\/2020\/04\/3.jpg\" \/>\n\t<meta property=\"og:image:width\" content=\"700\" \/>\n\t<meta property=\"og:image:height\" content=\"1049\" \/>\n\t<meta property=\"og:image:type\" content=\"image\/jpeg\" \/>\n<meta name=\"twitter:card\" content=\"summary_large_image\" \/>\n<meta name=\"twitter:label1\" content=\"Dur\u00e9e de lecture estim\u00e9e\" \/>\n\t<meta name=\"twitter:data1\" content=\"4 minutes\" \/>\n<script type=\"application\/ld+json\" class=\"yoast-schema-graph\">{\"@context\":\"https:\/\/schema.org\",\"@graph\":[{\"@type\":\"WebPage\",\"@id\":\"https:\/\/filariane.com\/?page_id=38\",\"url\":\"https:\/\/filariane.com\/?page_id=38\",\"name\":\"Le Fil d&#039;Ariane - Le projet \u00e9ducatif - Le projet et les valeurs du Fil d'Ariane\",\"isPartOf\":{\"@id\":\"https:\/\/filariane.com\/#website\"},\"primaryImageOfPage\":{\"@id\":\"https:\/\/filariane.com\/?page_id=38#primaryimage\"},\"image\":{\"@id\":\"https:\/\/filariane.com\/?page_id=38#primaryimage\"},\"thumbnailUrl\":\"http:\/\/filariane.com\/wp-content\/uploads\/2020\/04\/3-683x1024.jpg\",\"datePublished\":\"2020-04-07T19:05:01+00:00\",\"dateModified\":\"2025-10-16T10:33:53+00:00\",\"description\":\"Le Fil d&#039;Ariane - Le projet \u00e9ducatif - Le projet \u00e9ducatif du Fil d'Ariane. Les arts du cirque: outils \u00e9ducatifs, sociaux et culturels.\",\"breadcrumb\":{\"@id\":\"https:\/\/filariane.com\/?page_id=38#breadcrumb\"},\"inLanguage\":\"fr-FR\",\"potentialAction\":[{\"@type\":\"ReadAction\",\"target\":[\"https:\/\/filariane.com\/?page_id=38\"]}]},{\"@type\":\"ImageObject\",\"inLanguage\":\"fr-FR\",\"@id\":\"https:\/\/filariane.com\/?page_id=38#primaryimage\",\"url\":\"https:\/\/filariane.com\/wp-content\/uploads\/2020\/04\/3.jpg\",\"contentUrl\":\"https:\/\/filariane.com\/wp-content\/uploads\/2020\/04\/3.jpg\",\"width\":700,\"height\":1049,\"caption\":\"intervention ponctuelle au centre de loisirs\"},{\"@type\":\"BreadcrumbList\",\"@id\":\"https:\/\/filariane.com\/?page_id=38#breadcrumb\",\"itemListElement\":[{\"@type\":\"ListItem\",\"position\":1,\"name\":\"Accueil\",\"item\":\"https:\/\/filariane.com\/\"},{\"@type\":\"ListItem\",\"position\":2,\"name\":\"Le projet \u00e9ducatif\"}]},{\"@type\":\"WebSite\",\"@id\":\"https:\/\/filariane.com\/#website\",\"url\":\"https:\/\/filariane.com\/\",\"name\":\"Le Fil d&#039;Ariane\",\"description\":\"les Arts du cirque pour grandir ensemble\",\"publisher\":{\"@id\":\"https:\/\/filariane.com\/#organization\"},\"potentialAction\":[{\"@type\":\"SearchAction\",\"target\":{\"@type\":\"EntryPoint\",\"urlTemplate\":\"https:\/\/filariane.com\/?s={search_term_string}\"},\"query-input\":{\"@type\":\"PropertyValueSpecification\",\"valueRequired\":true,\"valueName\":\"search_term_string\"}}],\"inLanguage\":\"fr-FR\"},{\"@type\":\"Organization\",\"@id\":\"https:\/\/filariane.com\/#organization\",\"name\":\"Le Fil d'Ariane\",\"url\":\"https:\/\/filariane.com\/\",\"logo\":{\"@type\":\"ImageObject\",\"inLanguage\":\"fr-FR\",\"@id\":\"https:\/\/filariane.com\/#\/schema\/logo\/image\/\",\"url\":\"https:\/\/filariane.com\/wp-content\/uploads\/2020\/04\/Fichier-1@2x.png\",\"contentUrl\":\"https:\/\/filariane.com\/wp-content\/uploads\/2020\/04\/Fichier-1@2x.png\",\"width\":1103,\"height\":569,\"caption\":\"Le Fil d'Ariane\"},\"image\":{\"@id\":\"https:\/\/filariane.com\/#\/schema\/logo\/image\/\"},\"sameAs\":[\"https:\/\/www.facebook.com\/lefildarianecirque\",\"https:\/\/www.instagram.com\/filariane_cirque\/\"]}]}<\/script>\n<!-- \/ Yoast SEO plugin. -->","yoast_head_json":{"title":"Le Fil d&#039;Ariane - Le projet \u00e9ducatif - Le projet et les valeurs du Fil d'Ariane","description":"Le Fil d&#039;Ariane - Le projet \u00e9ducatif - Le projet \u00e9ducatif du Fil d'Ariane. Les arts du cirque: outils \u00e9ducatifs, sociaux et culturels.","robots":{"index":"index","follow":"follow","max-snippet":"max-snippet:-1","max-image-preview":"max-image-preview:large","max-video-preview":"max-video-preview:-1"},"canonical":"https:\/\/filariane.com\/?page_id=38","og_locale":"fr_FR","og_type":"article","og_title":"Le Fil d&#039;Ariane - Le projet \u00e9ducatif - Le projet et les valeurs du Fil d'Ariane","og_description":"Le Fil d&#039;Ariane - Le projet \u00e9ducatif - Le projet \u00e9ducatif du Fil d'Ariane. Les arts du cirque: outils \u00e9ducatifs, sociaux et culturels.","og_url":"https:\/\/filariane.com\/?page_id=38","og_site_name":"Le Fil d&#039;Ariane","article_publisher":"https:\/\/www.facebook.com\/lefildarianecirque","article_modified_time":"2025-10-16T10:33:53+00:00","og_image":[{"width":700,"height":1049,"url":"https:\/\/filariane.com\/wp-content\/uploads\/2020\/04\/3.jpg","type":"image\/jpeg"}],"twitter_card":"summary_large_image","twitter_misc":{"Dur\u00e9e de lecture estim\u00e9e":"4 minutes"},"schema":{"@context":"https:\/\/schema.org","@graph":[{"@type":"WebPage","@id":"https:\/\/filariane.com\/?page_id=38","url":"https:\/\/filariane.com\/?page_id=38","name":"Le Fil d&#039;Ariane - Le projet \u00e9ducatif - Le projet et les valeurs du Fil d'Ariane","isPartOf":{"@id":"https:\/\/filariane.com\/#website"},"primaryImageOfPage":{"@id":"https:\/\/filariane.com\/?page_id=38#primaryimage"},"image":{"@id":"https:\/\/filariane.com\/?page_id=38#primaryimage"},"thumbnailUrl":"http:\/\/filariane.com\/wp-content\/uploads\/2020\/04\/3-683x1024.jpg","datePublished":"2020-04-07T19:05:01+00:00","dateModified":"2025-10-16T10:33:53+00:00","description":"Le Fil d&#039;Ariane - Le projet \u00e9ducatif - Le projet \u00e9ducatif du Fil d'Ariane. Les arts du cirque: outils \u00e9ducatifs, sociaux et culturels.","breadcrumb":{"@id":"https:\/\/filariane.com\/?page_id=38#breadcrumb"},"inLanguage":"fr-FR","potentialAction":[{"@type":"ReadAction","target":["https:\/\/filariane.com\/?page_id=38"]}]},{"@type":"ImageObject","inLanguage":"fr-FR","@id":"https:\/\/filariane.com\/?page_id=38#primaryimage","url":"https:\/\/filariane.com\/wp-content\/uploads\/2020\/04\/3.jpg","contentUrl":"https:\/\/filariane.com\/wp-content\/uploads\/2020\/04\/3.jpg","width":700,"height":1049,"caption":"intervention ponctuelle au centre de loisirs"},{"@type":"BreadcrumbList","@id":"https:\/\/filariane.com\/?page_id=38#breadcrumb","itemListElement":[{"@type":"ListItem","position":1,"name":"Accueil","item":"https:\/\/filariane.com\/"},{"@type":"ListItem","position":2,"name":"Le projet \u00e9ducatif"}]},{"@type":"WebSite","@id":"https:\/\/filariane.com\/#website","url":"https:\/\/filariane.com\/","name":"Le Fil d&#039;Ariane","description":"les Arts du cirque pour grandir ensemble","publisher":{"@id":"https:\/\/filariane.com\/#organization"},"potentialAction":[{"@type":"SearchAction","target":{"@type":"EntryPoint","urlTemplate":"https:\/\/filariane.com\/?s={search_term_string}"},"query-input":{"@type":"PropertyValueSpecification","valueRequired":true,"valueName":"search_term_string"}}],"inLanguage":"fr-FR"},{"@type":"Organization","@id":"https:\/\/filariane.com\/#organization","name":"Le Fil d'Ariane","url":"https:\/\/filariane.com\/","logo":{"@type":"ImageObject","inLanguage":"fr-FR","@id":"https:\/\/filariane.com\/#\/schema\/logo\/image\/","url":"https:\/\/filariane.com\/wp-content\/uploads\/2020\/04\/Fichier-1@2x.png","contentUrl":"https:\/\/filariane.com\/wp-content\/uploads\/2020\/04\/Fichier-1@2x.png","width":1103,"height":569,"caption":"Le Fil d'Ariane"},"image":{"@id":"https:\/\/filariane.com\/#\/schema\/logo\/image\/"},"sameAs":["https:\/\/www.facebook.com\/lefildarianecirque","https:\/\/www.instagram.com\/filariane_cirque\/"]}]}},"_links":{"self":[{"href":"https:\/\/filariane.com\/index.php?rest_route=\/wp\/v2\/pages\/38","targetHints":{"allow":["GET"]}}],"collection":[{"href":"https:\/\/filariane.com\/index.php?rest_route=\/wp\/v2\/pages"}],"about":[{"href":"https:\/\/filariane.com\/index.php?rest_route=\/wp\/v2\/types\/page"}],"author":[{"embeddable":true,"href":"https:\/\/filariane.com\/index.php?rest_route=\/wp\/v2\/users\/2"}],"replies":[{"embeddable":true,"href":"https:\/\/filariane.com\/index.php?rest_route=%2Fwp%2Fv2%2Fcomments&post=38"}],"version-history":[{"count":44,"href":"https:\/\/filariane.com\/index.php?rest_route=\/wp\/v2\/pages\/38\/revisions"}],"predecessor-version":[{"id":26026,"href":"https:\/\/filariane.com\/index.php?rest_route=\/wp\/v2\/pages\/38\/revisions\/26026"}],"wp:attachment":[{"href":"https:\/\/filariane.com\/index.php?rest_route=%2Fwp%2Fv2%2Fmedia&parent=38"}],"curies":[{"name":"wp","href":"https:\/\/api.w.org\/{rel}","templated":true}]}}