{"id":41,"date":"2020-04-07T21:07:19","date_gmt":"2020-04-07T19:07:19","guid":{"rendered":"http:\/\/filariane.com\/?page_id=41"},"modified":"2025-08-06T17:36:06","modified_gmt":"2025-08-06T15:36:06","slug":"notre-equipe","status":"publish","type":"page","link":"https:\/\/filariane.com\/?page_id=41","title":{"rendered":"Notre \u00e9quipe"},"content":{"rendered":"\n<h2 class=\"wp-block-heading\">NOS INTERVENANTS<\/h2>\n\n\n\n<h3 class=\"wp-block-heading\"><span style=\"background-color:rgba(0, 0, 0, 0)\" class=\"has-inline-color has-luminous-vivid-amber-color\">Micha\u00ebl Vessereau<\/span><\/h3>\n\n\n<figure class=\"wp-block-image alignleft size-large is-resized is-style-rounded\"><img loading=\"lazy\" decoding=\"async\" width=\"425\" height=\"425\" src=\"http:\/\/filariane.com\/wp-content\/uploads\/2020\/04\/mika.jpg\" alt=\"Micha\u00ebl Vessereau\" class=\"wp-image-641\" style=\"width:267px;height:267px\" srcset=\"https:\/\/filariane.com\/wp-content\/uploads\/2020\/04\/mika.jpg 425w, https:\/\/filariane.com\/wp-content\/uploads\/2020\/04\/mika-300x300.jpg 300w, https:\/\/filariane.com\/wp-content\/uploads\/2020\/04\/mika-150x150.jpg 150w, https:\/\/filariane.com\/wp-content\/uploads\/2020\/04\/mika-100x100.jpg 100w\" sizes=\"auto, (max-width: 425px) 100vw, 425px\" \/><figcaption class=\"wp-element-caption\">Acrobatie au m\u00e2t chinois<\/figcaption><\/figure>\n\n\n<p style=\"font-size:15px\"><strong><a href=\"http:\/\/www.michaelvessereau.com\" target=\"_blank\" rel=\"noreferrer noopener\">Micha\u00ebl Vessereau<\/a><\/strong> est artiste de cirque, danseur, com\u00e9dien, magicien, metteur en sc\u00e8ne et professeur de cirque. Form\u00e9 au Centre National des Arts du Cirque, il s\u2019est sp\u00e9cialis\u00e9 dans la pratique des \u00ab sangles a\u00e9riennes \u00bb. Pendant vingt ans, il travaille aupr\u00e8s de compagnies en France et \u00e0 l\u2019\u00e9tranger, et aupr\u00e8s de metteurs en sc\u00e8ne de renom tels Jo\u00ebl Colas, Omar Porras ou encore Philippe D\u00e9coufl\u00e9\u2026<br>Entre 2005 et 2018, il cr\u00e9e La Petite Cie, structure artistique proposant des spectacles de petite et grande envergure.<\/p>\n\n\n\n<p style=\"font-size:15px\">Il <strong><a href=\"http:\/\/filariane.com\/?page_id=347\">met en sc\u00e8ne<\/a><\/strong> des spectacles m\u00ealant acrobates, danseurs, com\u00e9diens, musiciens et dirige des \u00e9quipes de 5 \u00e0 40 personnes. Ces propositions m\u00ealent r\u00e9guli\u00e8rement des artistes confirm\u00e9s et amateurs et s\u2019adressent \u00e0 tous les publics.<br>En parall\u00e8le de sa carri\u00e8re d\u2019artiste, il d\u00e9veloppe un projet p\u00e9dagogique centr\u00e9 autour de l&rsquo;\u00e9quipe du Fil d&rsquo;Ariane. Il utilise les arts du cirque comme vecteur de lien social. <\/p>\n\n\n\n<p style=\"font-size:15px\">Depuis 2011, il intervient \u00e0 l\u2019Acad\u00e9mie Fratellini (Paris), autour du d\u00e9veloppement cr\u00e9atif des jeunes apprentis. <\/p>\n\n\n\n<p style=\"font-size:15px\">En 2018, il prend le poste Directeur P\u00e9dagogique du Plus Petit Cirque du Monde (Bagneux). Il obtient la m\u00eame ann\u00e9e le Dipl\u00f4me d\u2019\u00c9tat de professeur de cirque.<\/p>\n\n\n\n<p style=\"font-size:15px\">Il cr\u00e9e l\u2019association \u00ab Le Fil d\u2019Ariane \u00bb en 2015 pour promouvoir sa vision du cirque aupr\u00e8s d\u2019un large public : enfants, adultes, \u00ab publics emp\u00each\u00e9s \u00bb\u2026 <\/p>\n\n\n\n<h2 class=\"wp-block-heading\"><mark style=\"background-color:rgba(0, 0, 0, 0)\" class=\"has-inline-color has-luminous-vivid-amber-color\">Ana\u00efs July<\/mark><\/h2>\n\n\n\n<p style=\"font-size:15px\">Ana\u00efs enseigne l&rsquo;acrobatie a\u00e9rienne au tissu et au trap\u00e8ze fixe. Form\u00e9e \u00e0 la Cirk&rsquo;mosph\u00e8re, elle y a enseign\u00e9 durant de nombreuses ann\u00e9es aupr\u00e8s de tous les publics. Ana\u00efs rejoint Le Fil d&rsquo;Ariane pour des projets \u00e0 destination des \u00e9coles et des centres de loisirs.<\/p>\n\n\n\n<h2 class=\"wp-block-heading\"><span style=\"background-color:rgba(0, 0, 0, 0)\" class=\"has-inline-color has-luminous-vivid-amber-color\">Nikita Cazorla<\/span><\/h2>\n\n\n\n<p>Form\u00e9e \u00e0 la cirk\u2019mosphere \u00e0 Cadenet (84) et passionn\u00e9e depuis son plus jeune \u00e2ge,\u00a0Nikita\u00a0enseigne les arts du cirque aupr\u00e8s d\u2019enfants depuis 2017.Elle s\u2019initie au trap\u00e8ze volant et propose aujourd\u2019hui des stages et ateliers en acrobatie, \u00e9quilibre sur objets et disciplines a\u00e9riennes..<\/p>\n\n\n\n<p>Dipl\u00f4m\u00e9e du BPJEPS Activit\u00e9s du Cirque en 2020, elle rejoint l\u2019\u00e9quipe du Fil d\u2019Ariane pour les activit\u00e9s hebdomadaires et les stages.<\/p>\n\n\n\n<h2 class=\"wp-block-heading\"><mark style=\"background-color:rgba(0, 0, 0, 0)\" class=\"has-inline-color has-luminous-vivid-amber-color\">Cyril Combes<\/mark><\/h2>\n\n\n\n<p style=\"font-size:15px\">Artiste associ\u00e9, form\u00e9 \u00e0 l&rsquo;acad\u00e9mie Fratellini (Paris). Cyril est acrobate au m\u00e2t chinois. Il est artiste pour le spectacle <em>\u00ab\u00a0L&rsquo;incroyable histoire de J\u00e9r\u00e9my Fisher\u00a0\u00bb<\/em>, mis en sc\u00e8ne par Micha\u00ebl Vessereau. Au del\u00e0 de ses talents d\u2019interpr\u00e8te, Cyril d\u00e9veloppe de grandes qualit\u00e9s d&rsquo;enseignement. Il intervient en tant qu&rsquo;artiste lors de projets de mixit\u00e9 entre p\u00e9dagogie et enseignement artistique. <\/p>\n\n\n\n<h2 class=\"wp-block-heading\"><mark style=\"background-color:rgba(0, 0, 0, 0)\" class=\"has-inline-color has-luminous-vivid-amber-color\">Andrea Martin Lopez<\/mark><\/h2>\n\n\n\n<p style=\"font-size:15px\">Artiste associ\u00e9e, form\u00e9e \u00e0 l&rsquo;\u00e9cole de cirque de Tilburg (Pays Bas). Andr\u00e9a est auteure et acrobate de cirque. Elle pratique le trap\u00e8ze fixe. Andr\u00e9a rejoint le Fil d&rsquo;Ariane lors du premier <em>\u00ab\u00a0Festoche, festival d\u00e9tendu de proximit\u00e9\u00a0\u00bb<\/em>. Elle intervient en tant qu&rsquo;artiste lors de projets de mixit\u00e9 entre p\u00e9dagogie et enseignement artistique. <\/p>\n\n\n\n<h2 class=\"wp-block-heading\"><span style=\"background-color:rgba(0, 0, 0, 0)\" class=\"has-inline-color has-luminous-vivid-amber-color\">Laureen Viaud<\/span><\/h2>\n\n\n\n<p style=\"font-size:15px\">Passionn\u00e9e par la p\u00e9dagogie et la transmission, Laureen travaille d\u2019abord dans le secteur de l\u2019animation en tant qu\u2019animatrice puis directrice de centres de loisirs. Convaincue par les valeurs que v\u00e9hicule le cirque et de son int\u00e9r\u00eat en mati\u00e8re d\u2019\u00e9ducation, elle se forme \u00e0 la p\u00e9dagogie sp\u00e9cifique des arts du cirque et obtient un BPJEPS tous publics puis le dipl\u00f4me f\u00e9d\u00e9ral BIAC. EN 2018, elle obtient le BPJEPS \u00ab Arts du Cirque \u00bb.<\/p>\n\n\n\n<h2 class=\"wp-block-heading\">NOTRE \u00c9QUIPE DU CONSEIL D\u2019ADMINISTRATION<\/h2>\n\n\n\n<h2 class=\"wp-block-heading\"><span style=\"background-color:rgba(0, 0, 0, 0)\" class=\"has-inline-color has-luminous-vivid-amber-color\">Daniel Renard<\/span><\/h2>\n\n\n\n<p style=\"font-size:15px\">Daniel est notre pr\u00e9sident : curieux de nouvelles sensations, il d\u00e9couvre le monocycle \u00e0 70 ans et depuis\u2026 \u00e7a roule !<\/p>\n\n\n\n<h2 class=\"wp-block-heading\"><span style=\"background-color:rgba(0, 0, 0, 0)\" class=\"has-inline-color has-luminous-vivid-amber-color\">Elise Martens<\/span><\/h2>\n\n\n\n<p style=\"font-size:15px\">\u00c9lise est la tr\u00e9sori\u00e8re tout-terrain de notre association : Experte des appli bancaires, elle a la gestion de l&rsquo;asso au bout des doigts! <\/p>\n\n\n\n<h2 class=\"wp-block-heading\"><span style=\"background-color:rgba(0, 0, 0, 0)\" class=\"has-inline-color has-luminous-vivid-amber-color\">Claire Gaudin<\/span><\/h2>\n\n\n\n<p style=\"font-size:15px\">Martine est notre secr\u00e9taire. Ses qualit\u00e9s : m\u00e9moire, bienveillance et franchise !\u2026 Indispensable !<\/p>\n\n\n\n<h2 class=\"wp-block-heading\">Guillaume Barronnet, Martine Gau et Thomas Lecocq<\/h2>\n\n\n\n<p style=\"font-size:15px\">Des administrateur.ices \u00e0 toutes \u00e9preuves! Une r\u00e9union? Un Conseil d&rsquo;Administration? Un portique \u00e0 monter? On compte sur eux et on a bien raison!<\/p>\n\n\n\n<h2 class=\"wp-block-heading\"><span style=\"background-color:rgba(0, 0, 0, 0)\" class=\"has-inline-color has-luminous-vivid-amber-color\">Les B\u00e9n\u00e9voles du FIL d&rsquo;ARIANE&#8230;<\/span><\/h2>\n\n\n\n<p>Ils soutiennent notre <strong><a href=\"http:\/\/filariane.com\/?page_id=93\">projet&#8230;<\/a><\/strong><\/p>\n","protected":false},"excerpt":{"rendered":"<p>NOS INTERVENANTS Micha\u00ebl Vessereau Acrobatie au m\u00e2t chinois Micha\u00ebl Vessereau est artiste de cirque, danseur, com\u00e9dien, magicien, metteur en sc\u00e8ne et professeur de cirque. Form\u00e9 au Centre National des Arts du Cirque, il s\u2019est sp\u00e9cialis\u00e9 dans la pratique des \u00ab sangles a\u00e9riennes \u00bb. Pendant vingt ans, il travaille aupr\u00e8s de compagnies en France et \u00e0 &hellip; <\/p>\n<p class=\"link-more\"><a href=\"https:\/\/filariane.com\/?page_id=41\" class=\"more-link\">Continuer la lecture<span class=\"screen-reader-text\"> de &laquo;&nbsp;Notre \u00e9quipe&nbsp;&raquo;<\/span><\/a><\/p>\n","protected":false},"author":2,"featured_media":0,"parent":0,"menu_order":0,"comment_status":"closed","ping_status":"closed","template":"","meta":{"footnotes":""},"class_list":["post-41","page","type-page","status-publish","hentry"],"yoast_head":"<!-- This site is optimized with the Yoast SEO plugin v26.8 - https:\/\/yoast.com\/product\/yoast-seo-wordpress\/ -->\n<title>Le Fil d&#039;Ariane - Notre \u00e9quipe - Les p\u00e9dagogues du FIL d&#039;ARIANE<\/title>\n<meta name=\"description\" content=\"Le Fil d&#039;Ariane - L&#039;\u00e9quipe de p\u00e9dagogues et d&#039;artistes associ\u00e9s, dipl\u00f4m\u00e9s d&#039;\u00e9tat pour l&#039;enseignement des Arts du Cirque.\" \/>\n<meta name=\"robots\" content=\"index, follow, max-snippet:-1, max-image-preview:large, max-video-preview:-1\" \/>\n<link rel=\"canonical\" href=\"https:\/\/filariane.com\/?page_id=41\" \/>\n<meta property=\"og:locale\" content=\"fr_FR\" \/>\n<meta property=\"og:type\" content=\"article\" \/>\n<meta property=\"og:title\" content=\"Le Fil d&#039;Ariane - Notre \u00e9quipe - Les p\u00e9dagogues du FIL d&#039;ARIANE\" \/>\n<meta property=\"og:description\" content=\"Le Fil d&#039;Ariane - L&#039;\u00e9quipe de p\u00e9dagogues et d&#039;artistes associ\u00e9s, dipl\u00f4m\u00e9s d&#039;\u00e9tat pour l&#039;enseignement des Arts du Cirque.\" \/>\n<meta property=\"og:url\" content=\"https:\/\/filariane.com\/?page_id=41\" \/>\n<meta property=\"og:site_name\" content=\"Le Fil d&#039;Ariane\" \/>\n<meta property=\"article:publisher\" content=\"https:\/\/www.facebook.com\/lefildarianecirque\" \/>\n<meta property=\"article:modified_time\" content=\"2025-08-06T15:36:06+00:00\" \/>\n<meta property=\"og:image\" content=\"https:\/\/filariane.com\/wp-content\/uploads\/2020\/04\/mika.jpg\" \/>\n\t<meta property=\"og:image:width\" content=\"425\" \/>\n\t<meta property=\"og:image:height\" content=\"425\" \/>\n\t<meta property=\"og:image:type\" content=\"image\/jpeg\" \/>\n<meta name=\"twitter:card\" content=\"summary_large_image\" \/>\n<meta name=\"twitter:label1\" content=\"Dur\u00e9e de lecture estim\u00e9e\" \/>\n\t<meta name=\"twitter:data1\" content=\"4 minutes\" \/>\n<script type=\"application\/ld+json\" class=\"yoast-schema-graph\">{\"@context\":\"https:\/\/schema.org\",\"@graph\":[{\"@type\":\"WebPage\",\"@id\":\"https:\/\/filariane.com\/?page_id=41\",\"url\":\"https:\/\/filariane.com\/?page_id=41\",\"name\":\"Le Fil d&#039;Ariane - Notre \u00e9quipe - Les p\u00e9dagogues du FIL d'ARIANE\",\"isPartOf\":{\"@id\":\"https:\/\/filariane.com\/#website\"},\"primaryImageOfPage\":{\"@id\":\"https:\/\/filariane.com\/?page_id=41#primaryimage\"},\"image\":{\"@id\":\"https:\/\/filariane.com\/?page_id=41#primaryimage\"},\"thumbnailUrl\":\"http:\/\/filariane.com\/wp-content\/uploads\/2020\/04\/mika.jpg\",\"datePublished\":\"2020-04-07T19:07:19+00:00\",\"dateModified\":\"2025-08-06T15:36:06+00:00\",\"description\":\"Le Fil d&#039;Ariane - L'\u00e9quipe de p\u00e9dagogues et d'artistes associ\u00e9s, dipl\u00f4m\u00e9s d'\u00e9tat pour l'enseignement des Arts du Cirque.\",\"breadcrumb\":{\"@id\":\"https:\/\/filariane.com\/?page_id=41#breadcrumb\"},\"inLanguage\":\"fr-FR\",\"potentialAction\":[{\"@type\":\"ReadAction\",\"target\":[\"https:\/\/filariane.com\/?page_id=41\"]}]},{\"@type\":\"ImageObject\",\"inLanguage\":\"fr-FR\",\"@id\":\"https:\/\/filariane.com\/?page_id=41#primaryimage\",\"url\":\"https:\/\/filariane.com\/wp-content\/uploads\/2020\/04\/mika.jpg\",\"contentUrl\":\"https:\/\/filariane.com\/wp-content\/uploads\/2020\/04\/mika.jpg\",\"width\":425,\"height\":425},{\"@type\":\"BreadcrumbList\",\"@id\":\"https:\/\/filariane.com\/?page_id=41#breadcrumb\",\"itemListElement\":[{\"@type\":\"ListItem\",\"position\":1,\"name\":\"Accueil\",\"item\":\"https:\/\/filariane.com\/\"},{\"@type\":\"ListItem\",\"position\":2,\"name\":\"Notre \u00e9quipe\"}]},{\"@type\":\"WebSite\",\"@id\":\"https:\/\/filariane.com\/#website\",\"url\":\"https:\/\/filariane.com\/\",\"name\":\"Le Fil d&#039;Ariane\",\"description\":\"les Arts du cirque pour grandir ensemble\",\"publisher\":{\"@id\":\"https:\/\/filariane.com\/#organization\"},\"potentialAction\":[{\"@type\":\"SearchAction\",\"target\":{\"@type\":\"EntryPoint\",\"urlTemplate\":\"https:\/\/filariane.com\/?s={search_term_string}\"},\"query-input\":{\"@type\":\"PropertyValueSpecification\",\"valueRequired\":true,\"valueName\":\"search_term_string\"}}],\"inLanguage\":\"fr-FR\"},{\"@type\":\"Organization\",\"@id\":\"https:\/\/filariane.com\/#organization\",\"name\":\"Le Fil d'Ariane\",\"url\":\"https:\/\/filariane.com\/\",\"logo\":{\"@type\":\"ImageObject\",\"inLanguage\":\"fr-FR\",\"@id\":\"https:\/\/filariane.com\/#\/schema\/logo\/image\/\",\"url\":\"https:\/\/filariane.com\/wp-content\/uploads\/2020\/04\/Fichier-1@2x.png\",\"contentUrl\":\"https:\/\/filariane.com\/wp-content\/uploads\/2020\/04\/Fichier-1@2x.png\",\"width\":1103,\"height\":569,\"caption\":\"Le Fil d'Ariane\"},\"image\":{\"@id\":\"https:\/\/filariane.com\/#\/schema\/logo\/image\/\"},\"sameAs\":[\"https:\/\/www.facebook.com\/lefildarianecirque\",\"https:\/\/www.instagram.com\/filariane_cirque\/\"]}]}<\/script>\n<!-- \/ Yoast SEO plugin. -->","yoast_head_json":{"title":"Le Fil d&#039;Ariane - Notre \u00e9quipe - Les p\u00e9dagogues du FIL d'ARIANE","description":"Le Fil d&#039;Ariane - L'\u00e9quipe de p\u00e9dagogues et d'artistes associ\u00e9s, dipl\u00f4m\u00e9s d'\u00e9tat pour l'enseignement des Arts du Cirque.","robots":{"index":"index","follow":"follow","max-snippet":"max-snippet:-1","max-image-preview":"max-image-preview:large","max-video-preview":"max-video-preview:-1"},"canonical":"https:\/\/filariane.com\/?page_id=41","og_locale":"fr_FR","og_type":"article","og_title":"Le Fil d&#039;Ariane - Notre \u00e9quipe - Les p\u00e9dagogues du FIL d'ARIANE","og_description":"Le Fil d&#039;Ariane - L'\u00e9quipe de p\u00e9dagogues et d'artistes associ\u00e9s, dipl\u00f4m\u00e9s d'\u00e9tat pour l'enseignement des Arts du Cirque.","og_url":"https:\/\/filariane.com\/?page_id=41","og_site_name":"Le Fil d&#039;Ariane","article_publisher":"https:\/\/www.facebook.com\/lefildarianecirque","article_modified_time":"2025-08-06T15:36:06+00:00","og_image":[{"width":425,"height":425,"url":"https:\/\/filariane.com\/wp-content\/uploads\/2020\/04\/mika.jpg","type":"image\/jpeg"}],"twitter_card":"summary_large_image","twitter_misc":{"Dur\u00e9e de lecture estim\u00e9e":"4 minutes"},"schema":{"@context":"https:\/\/schema.org","@graph":[{"@type":"WebPage","@id":"https:\/\/filariane.com\/?page_id=41","url":"https:\/\/filariane.com\/?page_id=41","name":"Le Fil d&#039;Ariane - Notre \u00e9quipe - Les p\u00e9dagogues du FIL d'ARIANE","isPartOf":{"@id":"https:\/\/filariane.com\/#website"},"primaryImageOfPage":{"@id":"https:\/\/filariane.com\/?page_id=41#primaryimage"},"image":{"@id":"https:\/\/filariane.com\/?page_id=41#primaryimage"},"thumbnailUrl":"http:\/\/filariane.com\/wp-content\/uploads\/2020\/04\/mika.jpg","datePublished":"2020-04-07T19:07:19+00:00","dateModified":"2025-08-06T15:36:06+00:00","description":"Le Fil d&#039;Ariane - L'\u00e9quipe de p\u00e9dagogues et d'artistes associ\u00e9s, dipl\u00f4m\u00e9s d'\u00e9tat pour l'enseignement des Arts du Cirque.","breadcrumb":{"@id":"https:\/\/filariane.com\/?page_id=41#breadcrumb"},"inLanguage":"fr-FR","potentialAction":[{"@type":"ReadAction","target":["https:\/\/filariane.com\/?page_id=41"]}]},{"@type":"ImageObject","inLanguage":"fr-FR","@id":"https:\/\/filariane.com\/?page_id=41#primaryimage","url":"https:\/\/filariane.com\/wp-content\/uploads\/2020\/04\/mika.jpg","contentUrl":"https:\/\/filariane.com\/wp-content\/uploads\/2020\/04\/mika.jpg","width":425,"height":425},{"@type":"BreadcrumbList","@id":"https:\/\/filariane.com\/?page_id=41#breadcrumb","itemListElement":[{"@type":"ListItem","position":1,"name":"Accueil","item":"https:\/\/filariane.com\/"},{"@type":"ListItem","position":2,"name":"Notre \u00e9quipe"}]},{"@type":"WebSite","@id":"https:\/\/filariane.com\/#website","url":"https:\/\/filariane.com\/","name":"Le Fil d&#039;Ariane","description":"les Arts du cirque pour grandir ensemble","publisher":{"@id":"https:\/\/filariane.com\/#organization"},"potentialAction":[{"@type":"SearchAction","target":{"@type":"EntryPoint","urlTemplate":"https:\/\/filariane.com\/?s={search_term_string}"},"query-input":{"@type":"PropertyValueSpecification","valueRequired":true,"valueName":"search_term_string"}}],"inLanguage":"fr-FR"},{"@type":"Organization","@id":"https:\/\/filariane.com\/#organization","name":"Le Fil d'Ariane","url":"https:\/\/filariane.com\/","logo":{"@type":"ImageObject","inLanguage":"fr-FR","@id":"https:\/\/filariane.com\/#\/schema\/logo\/image\/","url":"https:\/\/filariane.com\/wp-content\/uploads\/2020\/04\/Fichier-1@2x.png","contentUrl":"https:\/\/filariane.com\/wp-content\/uploads\/2020\/04\/Fichier-1@2x.png","width":1103,"height":569,"caption":"Le Fil d'Ariane"},"image":{"@id":"https:\/\/filariane.com\/#\/schema\/logo\/image\/"},"sameAs":["https:\/\/www.facebook.com\/lefildarianecirque","https:\/\/www.instagram.com\/filariane_cirque\/"]}]}},"_links":{"self":[{"href":"https:\/\/filariane.com\/index.php?rest_route=\/wp\/v2\/pages\/41","targetHints":{"allow":["GET"]}}],"collection":[{"href":"https:\/\/filariane.com\/index.php?rest_route=\/wp\/v2\/pages"}],"about":[{"href":"https:\/\/filariane.com\/index.php?rest_route=\/wp\/v2\/types\/page"}],"author":[{"embeddable":true,"href":"https:\/\/filariane.com\/index.php?rest_route=\/wp\/v2\/users\/2"}],"replies":[{"embeddable":true,"href":"https:\/\/filariane.com\/index.php?rest_route=%2Fwp%2Fv2%2Fcomments&post=41"}],"version-history":[{"count":24,"href":"https:\/\/filariane.com\/index.php?rest_route=\/wp\/v2\/pages\/41\/revisions"}],"predecessor-version":[{"id":25946,"href":"https:\/\/filariane.com\/index.php?rest_route=\/wp\/v2\/pages\/41\/revisions\/25946"}],"wp:attachment":[{"href":"https:\/\/filariane.com\/index.php?rest_route=%2Fwp%2Fv2%2Fmedia&parent=41"}],"curies":[{"name":"wp","href":"https:\/\/api.w.org\/{rel}","templated":true}]}}