{"id":50,"date":"2020-04-07T21:10:28","date_gmt":"2020-04-07T19:10:28","guid":{"rendered":"http:\/\/filariane.com\/?page_id=50"},"modified":"2024-08-22T17:44:20","modified_gmt":"2024-08-22T15:44:20","slug":"nos-team-building","status":"publish","type":"page","link":"https:\/\/filariane.com\/?page_id=50","title":{"rendered":"Nos Team Building"},"content":{"rendered":"\n<p style=\"font-size:15px\">Le FIL D&rsquo;ARIANE organise et dirige des Team Building sur les th\u00e8mes suivants :<\/p>\n\n\n\n<p class=\"has-text-align-center\" style=\"font-size:15px\"><em>Cr\u00e9ativit\u00e9 (<span class=\"has-inline-color has-luminous-vivid-amber-color\">Creativity<\/span>) \/ Engagement (<span class=\"has-inline-color has-luminous-vivid-amber-color\">Commitment<\/span>) \/ Ouverture d&rsquo;esprit (<span class=\"has-inline-color has-luminous-vivid-amber-color\">Openess<\/span>) \/ Entraide (<span class=\"has-inline-color has-luminous-vivid-amber-color\">Humanity<\/span>) \/ Mise en commun de comp\u00e9tences (<span class=\"has-inline-color has-luminous-vivid-amber-color\">Skills sharing<\/span>).<\/em><\/p>\n\n\n<div class=\"wp-block-image is-style-rounded\">\n<figure class=\"alignleft size-large is-resized\"><img loading=\"lazy\" decoding=\"async\" width=\"700\" height=\"466\" src=\"http:\/\/filariane.com\/wp-content\/uploads\/2020\/04\/1.jpg\" alt=\"interventions coll\u00e8ges\" class=\"wp-image-139\" style=\"width:230px;height:153px\" srcset=\"https:\/\/filariane.com\/wp-content\/uploads\/2020\/04\/1.jpg 700w, https:\/\/filariane.com\/wp-content\/uploads\/2020\/04\/1-300x200.jpg 300w\" sizes=\"auto, (max-width: 700px) 100vw, 700px\" \/><figcaption class=\"wp-element-caption\">Port\u00e9s acrobatiques<\/figcaption><\/figure>\n<\/div>\n\n\n<p style=\"font-size:15px\">Nos activit\u00e9s de coh\u00e9sion proposent un <span class=\"has-inline-color has-luminous-vivid-amber-color\">environnement d\u00e9cal\u00e9 et ludique<\/span>, diff\u00e9rent de celui auquel les employ\u00e9s sont habitu\u00e9s.<\/p>\n\n\n\n<p style=\"font-size:15px\">Notre approche Team Learning propose une d\u00e9construction de la hi\u00e9rarchie afin de faciliter l\u2019<span class=\"has-inline-color has-luminous-vivid-amber-color\">entraide, <\/span>la coop\u00e9ration, la<span class=\"has-inline-color has-luminous-vivid-amber-color\"> circulation des savoirs<\/span>, l\u2019<span class=\"has-inline-color has-luminous-vivid-amber-color\">\u00e9change<\/span> des comp\u00e9tences, le<span class=\"has-inline-color has-luminous-vivid-amber-color\"> partage<\/span> de nouveaux apprentissages.<\/p>\n\n\n\n<p style=\"font-size:15px\">Nous construisons nos activit\u00e9s afin qu\u2019elles puissent \u00eatre imm\u00e9diatement valoris\u00e9es et transpos\u00e9es aux probl\u00e9matiques de l\u2019entreprise.<\/p>\n\n\n\n<p style=\"font-size:15px\">Nos team building ne sont pas simplement des activit\u00e9s de divertissement. Il s\u2019agit de <span class=\"has-inline-color has-luminous-vivid-amber-color\">s\u00e9ances de travail singuli\u00e8res<\/span>, soulignant l&rsquo;\u00e9vidence de la coh\u00e9sion d&rsquo;\u00e9quipe comme ciment n\u00e9cessaire du groupe, du projet commun et de l&rsquo;entreprise.<\/p>\n\n\n\n<h3 class=\"wp-block-heading\">Nos objectifs Team Learning<\/h3>\n\n\n\n<ul class=\"wp-block-list\">\n<li>D\u00e9couvrir de nouvelles comp\u00e9tences<\/li>\n\n\n\n<li>Optimiser les processus collaboratif<\/li>\n\n\n\n<li>Favoriser l\u2019\u00e9laboration cr\u00e9ative<\/li>\n\n\n\n<li>Renforcer l\u2019estime de soi<\/li>\n<\/ul>\n\n\n\n<h2 class=\"wp-block-heading\"><span class=\"has-inline-color has-luminous-vivid-amber-color\">Nos \u00ab Clefs en Mains \u00bb<\/span><\/h2>\n\n\n\n<p style=\"font-size:15px\">Des Team building dont les contenus (objectifs, team learning et d\u00e9roul\u00e9) sont d\u00e9j\u00e0 con\u00e7us. Certains sont plus orient\u00e9s \u00ab Arts du Cirque \u00bb, d\u2019autres \u00ab Danse et mouvement \u00bb, d\u2019autres encore \u00ab Th\u00e9\u00e2tre et mise en sc\u00e8ne \u00bb.<\/p>\n\n\n\n<h2 class=\"wp-block-heading\"><span class=\"has-inline-color has-luminous-vivid-amber-color\">Nos \u00ab \u00c0 composer \u00bb<\/span><\/h2>\n\n\n\n<p style=\"font-size:15px\">Lors d\u2019un entretien pr\u00e9alable, nous d\u00e9finissons ensemble vos besoins et composons notre intervention en \u00ab piochant \u00bb dans des approches artistiques diff\u00e9rentes. <\/p>\n\n\n\n<p class=\"has-text-align-center\" style=\"font-size:15px\">Plus d&rsquo;informations sur notre projet : <strong><a rel=\"noreferrer noopener\" href=\"http:\/\/filariane.com\/?page_id=93\" target=\"_blank\">Un cirque pour tous<\/a><\/strong>. <\/p>\n\n\n\n<p class=\"has-text-align-center\" style=\"font-size:15px\">Notre approche p\u00e9dagogique : <strong><a rel=\"noreferrer noopener\" href=\"http:\/\/filariane.com\/?page_id=38\" target=\"_blank\">Le projet \u00e9ducatif.<\/a><\/strong> <\/p>\n\n\n\n<p class=\"has-text-align-center\" style=\"font-size:15px\">Informations et tarifs Team Building sur <strong><a href=\"mailto:filariane2@gmail.com\" target=\"_blank\" rel=\"noreferrer noopener\">simple demande<\/a><\/strong>.<\/p>\n","protected":false},"excerpt":{"rendered":"<p>Le FIL D&rsquo;ARIANE organise et dirige des Team Building sur les th\u00e8mes suivants : Cr\u00e9ativit\u00e9 (Creativity) \/ Engagement (Commitment) \/ Ouverture d&rsquo;esprit (Openess) \/ Entraide (Humanity) \/ Mise en commun de comp\u00e9tences (Skills sharing). Nos activit\u00e9s de coh\u00e9sion proposent un environnement d\u00e9cal\u00e9 et ludique, diff\u00e9rent de celui auquel les employ\u00e9s sont habitu\u00e9s. Notre approche Team &hellip; <\/p>\n<p class=\"link-more\"><a href=\"https:\/\/filariane.com\/?page_id=50\" class=\"more-link\">Continuer la lecture<span class=\"screen-reader-text\"> de &laquo;&nbsp;Nos Team Building&nbsp;&raquo;<\/span><\/a><\/p>\n","protected":false},"author":2,"featured_media":0,"parent":0,"menu_order":0,"comment_status":"closed","ping_status":"closed","template":"","meta":{"footnotes":""},"class_list":["post-50","page","type-page","status-publish","hentry"],"yoast_head":"<!-- This site is optimized with the Yoast SEO plugin v26.8 - https:\/\/yoast.com\/product\/yoast-seo-wordpress\/ -->\n<title>Le Fil d&#039;Ariane - Nos Team Building - Des apports op\u00e9rationnels<\/title>\n<meta name=\"description\" content=\"Le Fil d&#039;Ariane - Le Fil d&#039;Ariane propose des Team Building et des coaching d&#039;\u00e9quipes specialis\u00e9s dans les bouches du Rhone et le pays d&#039;Aix en Provence\" \/>\n<meta name=\"robots\" content=\"index, follow, max-snippet:-1, max-image-preview:large, max-video-preview:-1\" \/>\n<link rel=\"canonical\" href=\"https:\/\/filariane.com\/?page_id=50\" \/>\n<meta property=\"og:locale\" content=\"fr_FR\" \/>\n<meta property=\"og:type\" content=\"article\" \/>\n<meta property=\"og:title\" content=\"Le Fil d&#039;Ariane - Nos Team Building - Des apports op\u00e9rationnels\" \/>\n<meta property=\"og:description\" content=\"Le Fil d&#039;Ariane - Le Fil d&#039;Ariane propose des Team Building et des coaching d&#039;\u00e9quipes specialis\u00e9s dans les bouches du Rhone et le pays d&#039;Aix en Provence\" \/>\n<meta property=\"og:url\" content=\"https:\/\/filariane.com\/?page_id=50\" \/>\n<meta property=\"og:site_name\" content=\"Le Fil d&#039;Ariane\" \/>\n<meta property=\"article:publisher\" content=\"https:\/\/www.facebook.com\/lefildarianecirque\" \/>\n<meta property=\"article:modified_time\" content=\"2024-08-22T15:44:20+00:00\" \/>\n<meta property=\"og:image\" content=\"http:\/\/filariane.com\/wp-content\/uploads\/2020\/04\/1.jpg\" \/>\n<meta name=\"twitter:card\" content=\"summary_large_image\" \/>\n<meta name=\"twitter:label1\" content=\"Dur\u00e9e de lecture estim\u00e9e\" \/>\n\t<meta name=\"twitter:data1\" content=\"2 minutes\" \/>\n<script type=\"application\/ld+json\" class=\"yoast-schema-graph\">{\"@context\":\"https:\/\/schema.org\",\"@graph\":[{\"@type\":\"WebPage\",\"@id\":\"https:\/\/filariane.com\/?page_id=50\",\"url\":\"https:\/\/filariane.com\/?page_id=50\",\"name\":\"Le Fil d&#039;Ariane - Nos Team Building - Des apports op\u00e9rationnels\",\"isPartOf\":{\"@id\":\"https:\/\/filariane.com\/#website\"},\"primaryImageOfPage\":{\"@id\":\"https:\/\/filariane.com\/?page_id=50#primaryimage\"},\"image\":{\"@id\":\"https:\/\/filariane.com\/?page_id=50#primaryimage\"},\"thumbnailUrl\":\"http:\/\/filariane.com\/wp-content\/uploads\/2020\/04\/1.jpg\",\"datePublished\":\"2020-04-07T19:10:28+00:00\",\"dateModified\":\"2024-08-22T15:44:20+00:00\",\"description\":\"Le Fil d&#039;Ariane - Le Fil d'Ariane propose des Team Building et des coaching d'\u00e9quipes specialis\u00e9s dans les bouches du Rhone et le pays d'Aix en Provence\",\"breadcrumb\":{\"@id\":\"https:\/\/filariane.com\/?page_id=50#breadcrumb\"},\"inLanguage\":\"fr-FR\",\"potentialAction\":[{\"@type\":\"ReadAction\",\"target\":[\"https:\/\/filariane.com\/?page_id=50\"]}]},{\"@type\":\"ImageObject\",\"inLanguage\":\"fr-FR\",\"@id\":\"https:\/\/filariane.com\/?page_id=50#primaryimage\",\"url\":\"https:\/\/filariane.com\/wp-content\/uploads\/2020\/04\/1.jpg\",\"contentUrl\":\"https:\/\/filariane.com\/wp-content\/uploads\/2020\/04\/1.jpg\",\"width\":700,\"height\":466,\"caption\":\"port\u00e9s acrobatiques au coll\u00e8ge\"},{\"@type\":\"BreadcrumbList\",\"@id\":\"https:\/\/filariane.com\/?page_id=50#breadcrumb\",\"itemListElement\":[{\"@type\":\"ListItem\",\"position\":1,\"name\":\"Accueil\",\"item\":\"https:\/\/filariane.com\/\"},{\"@type\":\"ListItem\",\"position\":2,\"name\":\"Les team Building du Fil d'Ariane\"}]},{\"@type\":\"WebSite\",\"@id\":\"https:\/\/filariane.com\/#website\",\"url\":\"https:\/\/filariane.com\/\",\"name\":\"Le Fil d&#039;Ariane\",\"description\":\"les Arts du cirque pour grandir ensemble\",\"publisher\":{\"@id\":\"https:\/\/filariane.com\/#organization\"},\"potentialAction\":[{\"@type\":\"SearchAction\",\"target\":{\"@type\":\"EntryPoint\",\"urlTemplate\":\"https:\/\/filariane.com\/?s={search_term_string}\"},\"query-input\":{\"@type\":\"PropertyValueSpecification\",\"valueRequired\":true,\"valueName\":\"search_term_string\"}}],\"inLanguage\":\"fr-FR\"},{\"@type\":\"Organization\",\"@id\":\"https:\/\/filariane.com\/#organization\",\"name\":\"Le Fil d'Ariane\",\"url\":\"https:\/\/filariane.com\/\",\"logo\":{\"@type\":\"ImageObject\",\"inLanguage\":\"fr-FR\",\"@id\":\"https:\/\/filariane.com\/#\/schema\/logo\/image\/\",\"url\":\"https:\/\/filariane.com\/wp-content\/uploads\/2020\/04\/Fichier-1@2x.png\",\"contentUrl\":\"https:\/\/filariane.com\/wp-content\/uploads\/2020\/04\/Fichier-1@2x.png\",\"width\":1103,\"height\":569,\"caption\":\"Le Fil d'Ariane\"},\"image\":{\"@id\":\"https:\/\/filariane.com\/#\/schema\/logo\/image\/\"},\"sameAs\":[\"https:\/\/www.facebook.com\/lefildarianecirque\",\"https:\/\/www.instagram.com\/filariane_cirque\/\"]}]}<\/script>\n<!-- \/ Yoast SEO plugin. -->","yoast_head_json":{"title":"Le Fil d&#039;Ariane - Nos Team Building - Des apports op\u00e9rationnels","description":"Le Fil d&#039;Ariane - Le Fil d'Ariane propose des Team Building et des coaching d'\u00e9quipes specialis\u00e9s dans les bouches du Rhone et le pays d'Aix en Provence","robots":{"index":"index","follow":"follow","max-snippet":"max-snippet:-1","max-image-preview":"max-image-preview:large","max-video-preview":"max-video-preview:-1"},"canonical":"https:\/\/filariane.com\/?page_id=50","og_locale":"fr_FR","og_type":"article","og_title":"Le Fil d&#039;Ariane - Nos Team Building - Des apports op\u00e9rationnels","og_description":"Le Fil d&#039;Ariane - Le Fil d'Ariane propose des Team Building et des coaching d'\u00e9quipes specialis\u00e9s dans les bouches du Rhone et le pays d'Aix en Provence","og_url":"https:\/\/filariane.com\/?page_id=50","og_site_name":"Le Fil d&#039;Ariane","article_publisher":"https:\/\/www.facebook.com\/lefildarianecirque","article_modified_time":"2024-08-22T15:44:20+00:00","og_image":[{"url":"http:\/\/filariane.com\/wp-content\/uploads\/2020\/04\/1.jpg","type":"","width":"","height":""}],"twitter_card":"summary_large_image","twitter_misc":{"Dur\u00e9e de lecture estim\u00e9e":"2 minutes"},"schema":{"@context":"https:\/\/schema.org","@graph":[{"@type":"WebPage","@id":"https:\/\/filariane.com\/?page_id=50","url":"https:\/\/filariane.com\/?page_id=50","name":"Le Fil d&#039;Ariane - Nos Team Building - Des apports op\u00e9rationnels","isPartOf":{"@id":"https:\/\/filariane.com\/#website"},"primaryImageOfPage":{"@id":"https:\/\/filariane.com\/?page_id=50#primaryimage"},"image":{"@id":"https:\/\/filariane.com\/?page_id=50#primaryimage"},"thumbnailUrl":"http:\/\/filariane.com\/wp-content\/uploads\/2020\/04\/1.jpg","datePublished":"2020-04-07T19:10:28+00:00","dateModified":"2024-08-22T15:44:20+00:00","description":"Le Fil d&#039;Ariane - Le Fil d'Ariane propose des Team Building et des coaching d'\u00e9quipes specialis\u00e9s dans les bouches du Rhone et le pays d'Aix en Provence","breadcrumb":{"@id":"https:\/\/filariane.com\/?page_id=50#breadcrumb"},"inLanguage":"fr-FR","potentialAction":[{"@type":"ReadAction","target":["https:\/\/filariane.com\/?page_id=50"]}]},{"@type":"ImageObject","inLanguage":"fr-FR","@id":"https:\/\/filariane.com\/?page_id=50#primaryimage","url":"https:\/\/filariane.com\/wp-content\/uploads\/2020\/04\/1.jpg","contentUrl":"https:\/\/filariane.com\/wp-content\/uploads\/2020\/04\/1.jpg","width":700,"height":466,"caption":"port\u00e9s acrobatiques au coll\u00e8ge"},{"@type":"BreadcrumbList","@id":"https:\/\/filariane.com\/?page_id=50#breadcrumb","itemListElement":[{"@type":"ListItem","position":1,"name":"Accueil","item":"https:\/\/filariane.com\/"},{"@type":"ListItem","position":2,"name":"Les team Building du Fil d'Ariane"}]},{"@type":"WebSite","@id":"https:\/\/filariane.com\/#website","url":"https:\/\/filariane.com\/","name":"Le Fil d&#039;Ariane","description":"les Arts du cirque pour grandir ensemble","publisher":{"@id":"https:\/\/filariane.com\/#organization"},"potentialAction":[{"@type":"SearchAction","target":{"@type":"EntryPoint","urlTemplate":"https:\/\/filariane.com\/?s={search_term_string}"},"query-input":{"@type":"PropertyValueSpecification","valueRequired":true,"valueName":"search_term_string"}}],"inLanguage":"fr-FR"},{"@type":"Organization","@id":"https:\/\/filariane.com\/#organization","name":"Le Fil d'Ariane","url":"https:\/\/filariane.com\/","logo":{"@type":"ImageObject","inLanguage":"fr-FR","@id":"https:\/\/filariane.com\/#\/schema\/logo\/image\/","url":"https:\/\/filariane.com\/wp-content\/uploads\/2020\/04\/Fichier-1@2x.png","contentUrl":"https:\/\/filariane.com\/wp-content\/uploads\/2020\/04\/Fichier-1@2x.png","width":1103,"height":569,"caption":"Le Fil d'Ariane"},"image":{"@id":"https:\/\/filariane.com\/#\/schema\/logo\/image\/"},"sameAs":["https:\/\/www.facebook.com\/lefildarianecirque","https:\/\/www.instagram.com\/filariane_cirque\/"]}]}},"_links":{"self":[{"href":"https:\/\/filariane.com\/index.php?rest_route=\/wp\/v2\/pages\/50","targetHints":{"allow":["GET"]}}],"collection":[{"href":"https:\/\/filariane.com\/index.php?rest_route=\/wp\/v2\/pages"}],"about":[{"href":"https:\/\/filariane.com\/index.php?rest_route=\/wp\/v2\/types\/page"}],"author":[{"embeddable":true,"href":"https:\/\/filariane.com\/index.php?rest_route=\/wp\/v2\/users\/2"}],"replies":[{"embeddable":true,"href":"https:\/\/filariane.com\/index.php?rest_route=%2Fwp%2Fv2%2Fcomments&post=50"}],"version-history":[{"count":26,"href":"https:\/\/filariane.com\/index.php?rest_route=\/wp\/v2\/pages\/50\/revisions"}],"predecessor-version":[{"id":25843,"href":"https:\/\/filariane.com\/index.php?rest_route=\/wp\/v2\/pages\/50\/revisions\/25843"}],"wp:attachment":[{"href":"https:\/\/filariane.com\/index.php?rest_route=%2Fwp%2Fv2%2Fmedia&parent=50"}],"curies":[{"name":"wp","href":"https:\/\/api.w.org\/{rel}","templated":true}]}}