{"id":53,"date":"2020-04-07T21:11:19","date_gmt":"2020-04-07T19:11:19","guid":{"rendered":"http:\/\/filariane.com\/?page_id=53"},"modified":"2022-06-25T10:20:12","modified_gmt":"2022-06-25T08:20:12","slug":"nos-interventions","status":"publish","type":"page","link":"https:\/\/filariane.com\/?page_id=53","title":{"rendered":"Nos interventions"},"content":{"rendered":"\n<p class=\"has-text-align-center\" style=\"font-size:15px\">Nos interventions sous-tendent le projet <strong><a href=\"http:\/\/filariane.com\/?page_id=93\">Un Cirque pour tous<\/a><\/strong>. <\/p>\n\n\n\n<p class=\"has-text-align-center\" style=\"font-size:15px\">Pour nous, <em>chaque projet d&rsquo;intervention est unique. <\/em><\/p>\n\n\n\n<p class=\"has-text-align-center\" style=\"font-size:15px\">\u00ab\u00a0<em>Une premi\u00e8re rencontre est essentielle afin de convenir du cadre d&rsquo;intervention, co-construire des objectifs et identifier les contraintes afin de s&rsquo;y adapter<\/em>\u00ab\u00a0<\/p>\n\n\n\n<h2 class=\"wp-block-heading\"><mark style=\"background-color:rgba(0, 0, 0, 0)\" class=\"has-inline-color has-luminous-vivid-amber-color\">Scolaires et p\u00e9riscolaires<\/mark><\/h2>\n\n\n\n<div class=\"wp-block-image is-style-rounded\"><figure class=\"alignleft size-large is-resized\"><img loading=\"lazy\" decoding=\"async\" src=\"http:\/\/filariane.com\/wp-content\/uploads\/2020\/04\/1.jpg\" alt=\"interventions coll\u00e8ges\" class=\"wp-image-139\" width=\"312\" height=\"207\" srcset=\"https:\/\/filariane.com\/wp-content\/uploads\/2020\/04\/1.jpg 700w, https:\/\/filariane.com\/wp-content\/uploads\/2020\/04\/1-300x200.jpg 300w\" sizes=\"auto, (max-width: 312px) 100vw, 312px\" \/><figcaption>Port\u00e9s acrobatiques au coll\u00e8ge<\/figcaption><\/figure><\/div>\n\n\n\n<p style=\"font-size:15px\">Le FIL D&rsquo;ARIANE intervient \u00e0 l\u2019ann\u00e9e aupr\u00e8s d\u2019\u00e9coles maternelles, primaires, coll\u00e8ges, lyc\u00e9es. et dans le cadre de l\u2019<a href=\"https:\/\/www.pass-education.fr\/l-ief-qu-est-ce-que-c-est-instruction-en-famille\/\" target=\"_blank\" rel=\"noreferrer noopener\"><strong>Instruction En Famille<\/strong><\/a> (IEF)<\/p>\n\n\n\n<p style=\"font-size:15px\">Nos propositions se co-construisent avec l&rsquo;\u00e9tablissement, la famille, l&rsquo;\u00e9quipe \u00e9ducative, en respect du projet \u00e9ducatif et du \u00ab\u00a0ici &amp; maintenant\u00a0\u00bb du groupe (classes, \u00e9l\u00e8ves) concern\u00e9s.<\/p>\n\n\n\n<p><\/p>\n\n\n\n<h2 class=\"wp-block-heading\"><mark style=\"background-color:rgba(0, 0, 0, 0)\" class=\"has-inline-color has-luminous-vivid-amber-color\">Les Arts du Cirque : outil de m\u00e9diation<\/mark><\/h2>\n\n\n\n<div class=\"wp-block-image is-style-rounded\"><figure class=\"alignright size-large is-resized\"><img loading=\"lazy\" decoding=\"async\" src=\"http:\/\/filariane.com\/wp-content\/uploads\/2020\/04\/10.jpg\" alt=\"cirque \u00e0 l'EPHAD\" class=\"wp-image-154\" width=\"344\" height=\"228\" srcset=\"https:\/\/filariane.com\/wp-content\/uploads\/2020\/04\/10.jpg 700w, https:\/\/filariane.com\/wp-content\/uploads\/2020\/04\/10-300x200.jpg 300w\" sizes=\"auto, (max-width: 344px) 100vw, 344px\" \/><figcaption>Le fil d&rsquo;Ariane \u00e0 l&rsquo;EPHAD<\/figcaption><\/figure><\/div>\n\n\n\n<p style=\"font-size:15px\">Nous intervenons dans le cadre de la prise en charge du handicap aupr\u00e8s d\u2019H\u00f4pitaux, d&rsquo;Instituts M\u00e9dicaux \u00c9ducatif, de Foyers d&rsquo;Accueil M\u00e9dicalis\u00e9.<\/p>\n\n\n\n<p>Nous intervenons \u00e9galement aupr\u00e8s d&rsquo;EHPAD, de maisons de retraite.<\/p>\n\n\n\n<p style=\"font-size:15px\">Notre <strong><a href=\"http:\/\/filariane.com\/?page_id=38\">approche \u00e9ducative<\/a><\/strong> a pour but de valoriser la personne autant que l&rsquo;\u00e9quipe encadrante. Notre d\u00e9marche est holistique. Nos objectifs ne sont pas performatifs.<\/p>\n\n\n\n<h2 class=\"wp-block-heading\"><mark style=\"background-color:rgba(0, 0, 0, 0)\" class=\"has-inline-color has-luminous-vivid-amber-color\">Les Arts du Cirque en d\u00e9tention<\/mark><\/h2>\n\n\n\n<p style=\"font-size:15px\">Nous pr\u00e9sentons les Arts du Cirque comme une possibilit\u00e9 de gestion du d\u00e9s\u00e9quilibre et de la perte de contr\u00f4le. Nos activit\u00e9s ont, avant tout, une valeur humaine. L&rsquo;aspect performatif se pr\u00e9sente comme un levier de progression pour les participants et non comme une finalit\u00e9.<\/p>\n\n\n\n<p style=\"font-size:15px\">Nos interventions peuvent \u00eatre hebdomadaires ou ponctuelles.<\/p>\n\n\n\n<h2 class=\"wp-block-heading\"><mark style=\"background-color:rgba(0, 0, 0, 0)\" class=\"has-inline-color has-luminous-vivid-amber-color\">La tr\u00e8s petite enfance<\/mark><\/h2>\n\n\n\n<div class=\"wp-block-image is-style-rounded\"><figure class=\"alignleft size-large is-resized\"><img loading=\"lazy\" decoding=\"async\" src=\"http:\/\/filariane.com\/wp-content\/uploads\/2020\/04\/5.jpg\" alt=\"cirque en cr\u00e8che\" class=\"wp-image-149\" width=\"174\" height=\"196\"\/><figcaption>Intervention \u00e0 la cr\u00e8che<\/figcaption><\/figure><\/div>\n\n\n\n<p style=\"font-size:15px\">Le FIL D&rsquo;ARIANE intervient en cr\u00e8che pour des enfants \u00e0 partir de 6 mois.<\/p>\n\n\n\n<p style=\"font-size:15px\">Nous proposons au pr\u00e9alable un atelier de pr\u00e9paration et d&rsquo;initiation \u00e0 destination du personnel de cr\u00e8che.<\/p>\n\n\n\n<p>Nous proposons r\u00e9guli\u00e8rement des activit\u00e9s \u00ab\u00a0parent-enfant- famille\u00a0\u00bb au sein des cr\u00e8ches.<\/p>\n\n\n\n<h2 class=\"wp-block-heading\"><mark style=\"background-color:rgba(0, 0, 0, 0)\" class=\"has-inline-color has-luminous-vivid-amber-color\">Ils nous font confiance<\/mark><\/h2>\n\n\n\n<p class=\"has-text-align-center\" style=\"font-size:15px\">Le Fil d&rsquo;Ariane est adh\u00e9rent \u00e0 La F\u00e9d\u00e9ration fran\u00e7aise des \u00c9coles de Cirque, la F\u00e9d\u00e9ration R\u00e9gionale des \u00c9coles de Cirque et La Ligue de L&rsquo;enseignement.<\/p>\n\n\n\n\n<table id=\"tablepress-3\" class=\"tablepress tablepress-id-3\">\n<tbody>\n<tr class=\"row-1\">\n\t<td class=\"column-1\"><img loading=\"lazy\" decoding=\"async\" src=\"http:\/\/filariane.com\/wp-content\/uploads\/2020\/04\/logo-frec.png\" alt=\"\" width=\"77\" height=\"150\" class=\"aligncenter size-full wp-image-1203\" \/><\/td><td class=\"column-2\"><img loading=\"lazy\" decoding=\"async\" src=\"http:\/\/filariane.com\/wp-content\/uploads\/2020\/04\/logo-ffec.png\" alt=\"\" width=\"76\" height=\"150\" class=\"aligncenter size-full wp-image-1202\" \/><\/td><td class=\"column-3\"><img loading=\"lazy\" decoding=\"async\" src=\"http:\/\/filariane.com\/wp-content\/uploads\/2020\/04\/ligue-de-lenseignement.png\" alt=\"\" width=\"221\" height=\"150\" class=\"aligncenter size-full wp-image-1201\" \/><\/td>\n<\/tr>\n<\/tbody>\n<\/table>\n<!-- #tablepress-3 from cache -->\n\n\n\n<p class=\"has-text-align-center\" style=\"font-size:15px\">Le Fil d&rsquo;Ariane est une association loi 1901 soutenue par les communes de <strong><a rel=\"noreferrer noopener\" href=\"https:\/\/www.saint-cannat.fr\/\" target=\"_blank\">Saint Cannat<\/a><\/strong> et <strong><a rel=\"noreferrer noopener\" href=\"http:\/\/www.ville-rognes.fr\/\" target=\"_blank\">Rognes<\/a><\/strong>. L&rsquo;association \u00ab\u00a0F\u00e9es des R\u00eaves\u00a0\u00bb soutient des projets en direction du handicap.<\/p>\n\n\n\n\n<table id=\"tablepress-4\" class=\"tablepress tablepress-id-4\">\n<tbody>\n<tr class=\"row-1\">\n\t<td class=\"column-1\"><img loading=\"lazy\" decoding=\"async\" src=\"http:\/\/filariane.com\/wp-content\/uploads\/2020\/04\/Ville-de-st-cannat.jpg\" alt=\"\" width=\"100\" height=\"100\" class=\"aligncenter size-full wp-image-1206\" \/><\/td><td class=\"column-2\"><img loading=\"lazy\" decoding=\"async\" src=\"http:\/\/filariane.com\/wp-content\/uploads\/2020\/04\/Ville-de-rognes.jpg\" alt=\"\" width=\"100\" height=\"100\" class=\"aligncenter size-full wp-image-1205\" \/><\/td><td class=\"column-3\"><img loading=\"lazy\" decoding=\"async\" src=\"http:\/\/filariane.com\/wp-content\/uploads\/2020\/04\/f\u00e9es-des-reves.png\" alt=\"\" width=\"260\" height=\"100\" class=\"aligncenter size-full wp-image-1197\" \/><\/td>\n<\/tr>\n<\/tbody>\n<\/table>\n<!-- #tablepress-4 from cache -->\n\n\n\n\n<table id=\"tablepress-5\" class=\"tablepress tablepress-id-5\">\n<tbody>\n<tr class=\"row-1\">\n\t<td class=\"column-1\"><img loading=\"lazy\" decoding=\"async\" src=\"http:\/\/filariane.com\/wp-content\/uploads\/2020\/04\/Minist\u00e8re-de-lInt\u00e9rieur.png\" alt=\"Minist\u00e8re de l&#039;Int\u00e9rieur\" width=\"78\" height=\"100\" class=\"aligncenter size-full wp-image-1204\" \/><\/td><td class=\"column-2\"><img loading=\"lazy\" decoding=\"async\" src=\"http:\/\/filariane.com\/wp-content\/uploads\/2020\/04\/education-nationale.png\" alt=\"education nationale\" width=\"78\" height=\"100\" class=\"aligncenter size-full wp-image-1195\" \/><\/td><td class=\"column-3\"><img loading=\"lazy\" decoding=\"async\" src=\"http:\/\/filariane.com\/wp-content\/uploads\/2020\/04\/Ifac.png\" alt=\"\" width=\"149\" height=\"100\" class=\"aligncenter size-full wp-image-1200\" \/><\/td><td class=\"column-4\"><img loading=\"lazy\" decoding=\"async\" src=\"http:\/\/filariane.com\/wp-content\/uploads\/2020\/04\/hopitaux-du-pays-dAix.png\" alt=\"\" width=\"100\" height=\"100\" class=\"aligncenter size-full wp-image-1199\" \/><\/td>\n<\/tr>\n<tr class=\"row-2\">\n\t<td class=\"column-1\"><img loading=\"lazy\" decoding=\"async\" src=\"http:\/\/filariane.com\/wp-content\/uploads\/2020\/04\/FSCF.png\" alt=\"\" width=\"173\" height=\"100\" class=\"aligncenter size-full wp-image-1198\" \/><\/td><td class=\"column-2\"><img loading=\"lazy\" decoding=\"async\" src=\"http:\/\/filariane.com\/wp-content\/uploads\/2020\/04\/familles-rurales.png\" alt=\"\" width=\"250\" height=\"100\" class=\"aligncenter size-full wp-image-1196\" \/><\/td><td class=\"column-3\"><img loading=\"lazy\" decoding=\"async\" src=\"http:\/\/filariane.com\/wp-content\/uploads\/2020\/04\/AUC.png\" alt=\"\" width=\"75\" height=\"100\" class=\"aligncenter size-full wp-image-1193\" \/><\/td><td class=\"column-4\"><img loading=\"lazy\" decoding=\"async\" src=\"http:\/\/filariane.com\/wp-content\/uploads\/2020\/04\/collegiens-de-provence.png\" alt=\"\" width=\"145\" height=\"100\" class=\"aligncenter size-full wp-image-1194\" \/><\/td>\n<\/tr>\n<tr class=\"row-3\">\n\t<td class=\"column-1\"><img loading=\"lazy\" decoding=\"async\" src=\"http:\/\/filariane.com\/wp-content\/uploads\/2020\/04\/ancv.png\" alt=\"\" width=\"142\" height=\"100\" class=\"aligncenter size-full wp-image-1192\" \/><\/td><td class=\"column-2\"><img loading=\"lazy\" decoding=\"async\" src=\"http:\/\/filariane.com\/wp-content\/uploads\/2020\/04\/Aix-en-provence.png\" alt=\"\" width=\"178\" height=\"100\" class=\"aligncenter size-full wp-image-1191\" \/><\/td><td class=\"column-3\"><img loading=\"lazy\" decoding=\"async\" src=\"http:\/\/filariane.com\/wp-content\/uploads\/2020\/04\/ACADEMIE-FRATELLINI_2671342707933787273-e1587291540956.jpg\" alt=\"\" width=\"159\" height=\"100\" class=\"aligncenter size-full wp-image-1344\" \/><\/td><td class=\"column-4\"><figure id=\"attachment_1351\" aria-describedby=\"caption-attachment-1351\" style=\"width: 300px\" class=\"wp-caption aligncenter\"><img loading=\"lazy\" decoding=\"async\" src=\"http:\/\/filariane.com\/wp-content\/uploads\/2020\/04\/theatrearles-e1587292515573-300x97.png\" alt=\"theatre arles\" width=\"300\" height=\"97\" class=\"size-medium wp-image-1351\" \/><figcaption id=\"caption-attachment-1351\" class=\"wp-caption-text\">theatre arles<\/figcaption><\/figure><\/td>\n<\/tr>\n<\/tbody>\n<\/table>\n<!-- #tablepress-5 from cache -->\n","protected":false},"excerpt":{"rendered":"<p>Nos interventions sous-tendent le projet Un Cirque pour tous. Pour nous, chaque projet d&rsquo;intervention est unique. \u00ab\u00a0Une premi\u00e8re rencontre est essentielle afin de convenir du cadre d&rsquo;intervention, co-construire des objectifs et identifier les contraintes afin de s&rsquo;y adapter\u00ab\u00a0 Scolaires et p\u00e9riscolaires Le FIL D&rsquo;ARIANE intervient \u00e0 l\u2019ann\u00e9e aupr\u00e8s d\u2019\u00e9coles maternelles, primaires, coll\u00e8ges, lyc\u00e9es. et dans &hellip; <\/p>\n<p class=\"link-more\"><a href=\"https:\/\/filariane.com\/?page_id=53\" class=\"more-link\">Continuer la lecture<span class=\"screen-reader-text\"> de &laquo;&nbsp;Nos interventions&nbsp;&raquo;<\/span><\/a><\/p>\n","protected":false},"author":2,"featured_media":0,"parent":0,"menu_order":0,"comment_status":"closed","ping_status":"closed","template":"","meta":{"footnotes":""},"class_list":["post-53","page","type-page","status-publish","hentry"],"yoast_head":"<!-- This site is optimized with the Yoast SEO plugin v26.8 - https:\/\/yoast.com\/product\/yoast-seo-wordpress\/ -->\n<title>Le Fil d&#039;Ariane - Nos interventions - D\u00e9veloppement du lien social<\/title>\n<meta name=\"description\" content=\"Le Fil d&#039;Ariane - Nos interventions Le Fil d&#039;Ariane intervient aupr\u00e8s de cr\u00e8ches, d&#039;\u00e9coles, d&#039;hopitaux, de prisons,etc...\" \/>\n<meta name=\"robots\" content=\"index, follow, max-snippet:-1, max-image-preview:large, max-video-preview:-1\" \/>\n<link rel=\"canonical\" href=\"https:\/\/filariane.com\/?page_id=53\" \/>\n<meta property=\"og:locale\" content=\"fr_FR\" \/>\n<meta property=\"og:type\" content=\"article\" \/>\n<meta property=\"og:title\" content=\"Le Fil d&#039;Ariane - Nos interventions - D\u00e9veloppement du lien social\" \/>\n<meta property=\"og:description\" content=\"Le Fil d&#039;Ariane - Nos interventions Le Fil d&#039;Ariane intervient aupr\u00e8s de cr\u00e8ches, d&#039;\u00e9coles, d&#039;hopitaux, de prisons,etc...\" \/>\n<meta property=\"og:url\" content=\"https:\/\/filariane.com\/?page_id=53\" \/>\n<meta property=\"og:site_name\" content=\"Le Fil d&#039;Ariane\" \/>\n<meta property=\"article:publisher\" content=\"https:\/\/www.facebook.com\/lefildarianecirque\" \/>\n<meta property=\"article:modified_time\" content=\"2022-06-25T08:20:12+00:00\" \/>\n<meta property=\"og:image\" content=\"http:\/\/filariane.com\/wp-content\/uploads\/2020\/04\/1.jpg\" \/>\n<meta name=\"twitter:card\" content=\"summary_large_image\" \/>\n<meta name=\"twitter:label1\" content=\"Dur\u00e9e de lecture estim\u00e9e\" \/>\n\t<meta name=\"twitter:data1\" content=\"3 minutes\" \/>\n<script type=\"application\/ld+json\" class=\"yoast-schema-graph\">{\"@context\":\"https:\/\/schema.org\",\"@graph\":[{\"@type\":\"WebPage\",\"@id\":\"https:\/\/filariane.com\/?page_id=53\",\"url\":\"https:\/\/filariane.com\/?page_id=53\",\"name\":\"Le Fil d&#039;Ariane - Nos interventions - D\u00e9veloppement du lien social\",\"isPartOf\":{\"@id\":\"https:\/\/filariane.com\/#website\"},\"primaryImageOfPage\":{\"@id\":\"https:\/\/filariane.com\/?page_id=53#primaryimage\"},\"image\":{\"@id\":\"https:\/\/filariane.com\/?page_id=53#primaryimage\"},\"thumbnailUrl\":\"http:\/\/filariane.com\/wp-content\/uploads\/2020\/04\/1.jpg\",\"datePublished\":\"2020-04-07T19:11:19+00:00\",\"dateModified\":\"2022-06-25T08:20:12+00:00\",\"description\":\"Le Fil d&#039;Ariane - Nos interventions Le Fil d'Ariane intervient aupr\u00e8s de cr\u00e8ches, d'\u00e9coles, d'hopitaux, de prisons,etc...\",\"breadcrumb\":{\"@id\":\"https:\/\/filariane.com\/?page_id=53#breadcrumb\"},\"inLanguage\":\"fr-FR\",\"potentialAction\":[{\"@type\":\"ReadAction\",\"target\":[\"https:\/\/filariane.com\/?page_id=53\"]}]},{\"@type\":\"ImageObject\",\"inLanguage\":\"fr-FR\",\"@id\":\"https:\/\/filariane.com\/?page_id=53#primaryimage\",\"url\":\"https:\/\/filariane.com\/wp-content\/uploads\/2020\/04\/1.jpg\",\"contentUrl\":\"https:\/\/filariane.com\/wp-content\/uploads\/2020\/04\/1.jpg\",\"width\":700,\"height\":466,\"caption\":\"port\u00e9s acrobatiques au coll\u00e8ge\"},{\"@type\":\"BreadcrumbList\",\"@id\":\"https:\/\/filariane.com\/?page_id=53#breadcrumb\",\"itemListElement\":[{\"@type\":\"ListItem\",\"position\":1,\"name\":\"Accueil\",\"item\":\"https:\/\/filariane.com\/\"},{\"@type\":\"ListItem\",\"position\":2,\"name\":\"Les interventions du Fil d'Ariane\"}]},{\"@type\":\"WebSite\",\"@id\":\"https:\/\/filariane.com\/#website\",\"url\":\"https:\/\/filariane.com\/\",\"name\":\"Le Fil d&#039;Ariane\",\"description\":\"les Arts du cirque pour grandir ensemble\",\"publisher\":{\"@id\":\"https:\/\/filariane.com\/#organization\"},\"potentialAction\":[{\"@type\":\"SearchAction\",\"target\":{\"@type\":\"EntryPoint\",\"urlTemplate\":\"https:\/\/filariane.com\/?s={search_term_string}\"},\"query-input\":{\"@type\":\"PropertyValueSpecification\",\"valueRequired\":true,\"valueName\":\"search_term_string\"}}],\"inLanguage\":\"fr-FR\"},{\"@type\":\"Organization\",\"@id\":\"https:\/\/filariane.com\/#organization\",\"name\":\"Le Fil d'Ariane\",\"url\":\"https:\/\/filariane.com\/\",\"logo\":{\"@type\":\"ImageObject\",\"inLanguage\":\"fr-FR\",\"@id\":\"https:\/\/filariane.com\/#\/schema\/logo\/image\/\",\"url\":\"https:\/\/filariane.com\/wp-content\/uploads\/2020\/04\/Fichier-1@2x.png\",\"contentUrl\":\"https:\/\/filariane.com\/wp-content\/uploads\/2020\/04\/Fichier-1@2x.png\",\"width\":1103,\"height\":569,\"caption\":\"Le Fil d'Ariane\"},\"image\":{\"@id\":\"https:\/\/filariane.com\/#\/schema\/logo\/image\/\"},\"sameAs\":[\"https:\/\/www.facebook.com\/lefildarianecirque\",\"https:\/\/www.instagram.com\/filariane_cirque\/\"]}]}<\/script>\n<!-- \/ Yoast SEO plugin. -->","yoast_head_json":{"title":"Le Fil d&#039;Ariane - Nos interventions - D\u00e9veloppement du lien social","description":"Le Fil d&#039;Ariane - Nos interventions Le Fil d'Ariane intervient aupr\u00e8s de cr\u00e8ches, d'\u00e9coles, d'hopitaux, de prisons,etc...","robots":{"index":"index","follow":"follow","max-snippet":"max-snippet:-1","max-image-preview":"max-image-preview:large","max-video-preview":"max-video-preview:-1"},"canonical":"https:\/\/filariane.com\/?page_id=53","og_locale":"fr_FR","og_type":"article","og_title":"Le Fil d&#039;Ariane - Nos interventions - D\u00e9veloppement du lien social","og_description":"Le Fil d&#039;Ariane - Nos interventions Le Fil d'Ariane intervient aupr\u00e8s de cr\u00e8ches, d'\u00e9coles, d'hopitaux, de prisons,etc...","og_url":"https:\/\/filariane.com\/?page_id=53","og_site_name":"Le Fil d&#039;Ariane","article_publisher":"https:\/\/www.facebook.com\/lefildarianecirque","article_modified_time":"2022-06-25T08:20:12+00:00","og_image":[{"url":"http:\/\/filariane.com\/wp-content\/uploads\/2020\/04\/1.jpg","type":"","width":"","height":""}],"twitter_card":"summary_large_image","twitter_misc":{"Dur\u00e9e de lecture estim\u00e9e":"3 minutes"},"schema":{"@context":"https:\/\/schema.org","@graph":[{"@type":"WebPage","@id":"https:\/\/filariane.com\/?page_id=53","url":"https:\/\/filariane.com\/?page_id=53","name":"Le Fil d&#039;Ariane - Nos interventions - D\u00e9veloppement du lien social","isPartOf":{"@id":"https:\/\/filariane.com\/#website"},"primaryImageOfPage":{"@id":"https:\/\/filariane.com\/?page_id=53#primaryimage"},"image":{"@id":"https:\/\/filariane.com\/?page_id=53#primaryimage"},"thumbnailUrl":"http:\/\/filariane.com\/wp-content\/uploads\/2020\/04\/1.jpg","datePublished":"2020-04-07T19:11:19+00:00","dateModified":"2022-06-25T08:20:12+00:00","description":"Le Fil d&#039;Ariane - Nos interventions Le Fil d'Ariane intervient aupr\u00e8s de cr\u00e8ches, d'\u00e9coles, d'hopitaux, de prisons,etc...","breadcrumb":{"@id":"https:\/\/filariane.com\/?page_id=53#breadcrumb"},"inLanguage":"fr-FR","potentialAction":[{"@type":"ReadAction","target":["https:\/\/filariane.com\/?page_id=53"]}]},{"@type":"ImageObject","inLanguage":"fr-FR","@id":"https:\/\/filariane.com\/?page_id=53#primaryimage","url":"https:\/\/filariane.com\/wp-content\/uploads\/2020\/04\/1.jpg","contentUrl":"https:\/\/filariane.com\/wp-content\/uploads\/2020\/04\/1.jpg","width":700,"height":466,"caption":"port\u00e9s acrobatiques au coll\u00e8ge"},{"@type":"BreadcrumbList","@id":"https:\/\/filariane.com\/?page_id=53#breadcrumb","itemListElement":[{"@type":"ListItem","position":1,"name":"Accueil","item":"https:\/\/filariane.com\/"},{"@type":"ListItem","position":2,"name":"Les interventions du Fil d'Ariane"}]},{"@type":"WebSite","@id":"https:\/\/filariane.com\/#website","url":"https:\/\/filariane.com\/","name":"Le Fil d&#039;Ariane","description":"les Arts du cirque pour grandir ensemble","publisher":{"@id":"https:\/\/filariane.com\/#organization"},"potentialAction":[{"@type":"SearchAction","target":{"@type":"EntryPoint","urlTemplate":"https:\/\/filariane.com\/?s={search_term_string}"},"query-input":{"@type":"PropertyValueSpecification","valueRequired":true,"valueName":"search_term_string"}}],"inLanguage":"fr-FR"},{"@type":"Organization","@id":"https:\/\/filariane.com\/#organization","name":"Le Fil d'Ariane","url":"https:\/\/filariane.com\/","logo":{"@type":"ImageObject","inLanguage":"fr-FR","@id":"https:\/\/filariane.com\/#\/schema\/logo\/image\/","url":"https:\/\/filariane.com\/wp-content\/uploads\/2020\/04\/Fichier-1@2x.png","contentUrl":"https:\/\/filariane.com\/wp-content\/uploads\/2020\/04\/Fichier-1@2x.png","width":1103,"height":569,"caption":"Le Fil d'Ariane"},"image":{"@id":"https:\/\/filariane.com\/#\/schema\/logo\/image\/"},"sameAs":["https:\/\/www.facebook.com\/lefildarianecirque","https:\/\/www.instagram.com\/filariane_cirque\/"]}]}},"_links":{"self":[{"href":"https:\/\/filariane.com\/index.php?rest_route=\/wp\/v2\/pages\/53","targetHints":{"allow":["GET"]}}],"collection":[{"href":"https:\/\/filariane.com\/index.php?rest_route=\/wp\/v2\/pages"}],"about":[{"href":"https:\/\/filariane.com\/index.php?rest_route=\/wp\/v2\/types\/page"}],"author":[{"embeddable":true,"href":"https:\/\/filariane.com\/index.php?rest_route=\/wp\/v2\/users\/2"}],"replies":[{"embeddable":true,"href":"https:\/\/filariane.com\/index.php?rest_route=%2Fwp%2Fv2%2Fcomments&post=53"}],"version-history":[{"count":28,"href":"https:\/\/filariane.com\/index.php?rest_route=\/wp\/v2\/pages\/53\/revisions"}],"predecessor-version":[{"id":25467,"href":"https:\/\/filariane.com\/index.php?rest_route=\/wp\/v2\/pages\/53\/revisions\/25467"}],"wp:attachment":[{"href":"https:\/\/filariane.com\/index.php?rest_route=%2Fwp%2Fv2%2Fmedia&parent=53"}],"curies":[{"name":"wp","href":"https:\/\/api.w.org\/{rel}","templated":true}]}}