{"id":59,"date":"2020-04-07T21:12:38","date_gmt":"2020-04-07T19:12:38","guid":{"rendered":"http:\/\/filariane.com\/?page_id=59"},"modified":"2025-08-26T18:25:08","modified_gmt":"2025-08-26T16:25:08","slug":"telechargements","status":"publish","type":"page","link":"https:\/\/filariane.com\/?page_id=59","title":{"rendered":"T\u00e9l\u00e9chargements"},"content":{"rendered":"<div class=\"wp-block-image is-resized\">\n<figure class=\"alignleft size-large\"><img loading=\"lazy\" decoding=\"async\" width=\"700\" height=\"485\" src=\"http:\/\/filariane.com\/wp-content\/uploads\/2020\/04\/16.jpg\" alt=\"spectacle de fin d'ann\u00e9e\" class=\"wp-image-160\" style=\"width:242px;height:auto\" srcset=\"https:\/\/filariane.com\/wp-content\/uploads\/2020\/04\/16.jpg 700w, https:\/\/filariane.com\/wp-content\/uploads\/2020\/04\/16-300x208.jpg 300w\" sizes=\"auto, (max-width: 700px) 100vw, 700px\" \/><figcaption class=\"wp-element-caption\">Une aventure commune<\/figcaption><\/figure>\n<\/div>\n\n\n<p>&#8211; La fiche d&rsquo;inscription aux <strong><a href=\"http:\/\/filariane.com\/?page_id=44\" target=\"_blank\" rel=\"noreferrer noopener\">cours hebdomadaires<\/a><\/strong> : cliquez <mark style=\"background-color:rgba(0, 0, 0, 0)\" class=\"has-inline-color has-luminous-vivid-amber-color\"><strong><a href=\"https:\/\/filariane.com\/wp-content\/uploads\/2025\/08\/fiche-inscription-cours-hebdo-le-fil-dariane-25-26-2.pdf\" target=\"_blank\" rel=\"noreferrer noopener\">&#8211; ICI-<\/a> <\/strong><\/mark><\/p>\n\n\n\n<p>&#8211; Notre fiche d&rsquo;inscription aux <strong><a href=\"http:\/\/filariane.com\/?page_id=47\" target=\"_blank\" rel=\"noreferrer noopener\">stages<\/a><\/strong> : cliquez <strong><mark style=\"background-color:rgba(0, 0, 0, 0)\" class=\"has-inline-color has-luminous-vivid-amber-color\">&#8211; <a href=\"https:\/\/filariane.com\/wp-content\/uploads\/2025\/08\/fiche-inscription-stages-le-fil-dariane-25-26.pdf\" target=\"_blank\" rel=\"noreferrer noopener\">ICI<\/a> &#8211;<\/mark><\/strong><\/p>\n\n\n\n<p>&#8211; Le r\u00e8glement int\u00e9rieur : cliquez<strong><mark style=\"background-color:rgba(0, 0, 0, 0)\" class=\"has-inline-color has-luminous-vivid-amber-color\"> <a href=\"https:\/\/filariane.com\/wp-content\/uploads\/2024\/06\/reglement-interieur24-25.pdf\" target=\"_blank\" rel=\"noreferrer noopener\">&#8211; ICI &#8211;<\/a><\/mark><\/strong><\/p>\n\n\n\n<p>&#8211; Le Flyer de pr\u00e9sentation de nos activit\u00e9s: cliquez <a href=\"https:\/\/filariane.com\/wp-content\/uploads\/2025\/08\/flyer-filariane-25-26.pdf\" target=\"_blank\" rel=\"noreferrer noopener\">&#8211; ICI &#8211;<\/a><\/p>\n\n\n\n<p>&#8211; Nos mentions l\u00e9gales : <strong><a href=\"http:\/\/filariane.com\/?page_id=33\" target=\"_blank\" rel=\"noreferrer noopener\">&#8211; ICI &#8211;<\/a><\/strong><\/p>\n","protected":false},"excerpt":{"rendered":"<p>&#8211; La fiche d&rsquo;inscription aux cours hebdomadaires : cliquez &#8211; ICI- &#8211; Notre fiche d&rsquo;inscription aux stages : cliquez &#8211; ICI &#8211; &#8211; Le r\u00e8glement int\u00e9rieur : cliquez &#8211; ICI &#8211; &#8211; Le Flyer de pr\u00e9sentation de nos activit\u00e9s: cliquez &#8211; ICI &#8211; &#8211; Nos mentions l\u00e9gales : &#8211; ICI &#8211;<\/p>\n","protected":false},"author":2,"featured_media":0,"parent":0,"menu_order":0,"comment_status":"closed","ping_status":"closed","template":"","meta":{"footnotes":""},"class_list":["post-59","page","type-page","status-publish","hentry"],"yoast_head":"<!-- This site is optimized with the Yoast SEO plugin v26.8 - https:\/\/yoast.com\/product\/yoast-seo-wordpress\/ -->\n<title>Le Fil d&#039;Ariane - T\u00e9l\u00e9chargements - Les fiches d&#039;inscriptions \u00e0 t\u00e9l\u00e9charger<\/title>\n<meta name=\"description\" content=\"Le Fil d&#039;Ariane - T\u00e9l\u00e9chargements des fiches d&#039;inscription \u00e0 nos activit\u00e9s. Le Fil d&#039;Ariane, cours et stages de cirque\" \/>\n<meta name=\"robots\" content=\"index, follow, max-snippet:-1, max-image-preview:large, max-video-preview:-1\" \/>\n<link rel=\"canonical\" href=\"https:\/\/filariane.com\/?page_id=59\" \/>\n<meta property=\"og:locale\" content=\"fr_FR\" \/>\n<meta property=\"og:type\" content=\"article\" \/>\n<meta property=\"og:title\" content=\"Le Fil d&#039;Ariane - T\u00e9l\u00e9chargements - Les fiches d&#039;inscriptions \u00e0 t\u00e9l\u00e9charger\" \/>\n<meta property=\"og:description\" content=\"Le Fil d&#039;Ariane - T\u00e9l\u00e9chargements des fiches d&#039;inscription \u00e0 nos activit\u00e9s. Le Fil d&#039;Ariane, cours et stages de cirque\" \/>\n<meta property=\"og:url\" content=\"https:\/\/filariane.com\/?page_id=59\" \/>\n<meta property=\"og:site_name\" content=\"Le Fil d&#039;Ariane\" \/>\n<meta property=\"article:publisher\" content=\"https:\/\/www.facebook.com\/lefildarianecirque\" \/>\n<meta property=\"article:modified_time\" content=\"2025-08-26T16:25:08+00:00\" \/>\n<meta property=\"og:image\" content=\"https:\/\/filariane.com\/wp-content\/uploads\/2020\/04\/16.jpg\" \/>\n\t<meta property=\"og:image:width\" content=\"700\" \/>\n\t<meta property=\"og:image:height\" content=\"485\" \/>\n\t<meta property=\"og:image:type\" content=\"image\/jpeg\" \/>\n<meta name=\"twitter:card\" content=\"summary_large_image\" \/>\n<meta name=\"twitter:label1\" content=\"Dur\u00e9e de lecture estim\u00e9e\" \/>\n\t<meta name=\"twitter:data1\" content=\"1 minute\" \/>\n<script type=\"application\/ld+json\" class=\"yoast-schema-graph\">{\"@context\":\"https:\/\/schema.org\",\"@graph\":[{\"@type\":\"WebPage\",\"@id\":\"https:\/\/filariane.com\/?page_id=59\",\"url\":\"https:\/\/filariane.com\/?page_id=59\",\"name\":\"Le Fil d&#039;Ariane - T\u00e9l\u00e9chargements - Les fiches d'inscriptions \u00e0 t\u00e9l\u00e9charger\",\"isPartOf\":{\"@id\":\"https:\/\/filariane.com\/#website\"},\"primaryImageOfPage\":{\"@id\":\"https:\/\/filariane.com\/?page_id=59#primaryimage\"},\"image\":{\"@id\":\"https:\/\/filariane.com\/?page_id=59#primaryimage\"},\"thumbnailUrl\":\"http:\/\/filariane.com\/wp-content\/uploads\/2020\/04\/16.jpg\",\"datePublished\":\"2020-04-07T19:12:38+00:00\",\"dateModified\":\"2025-08-26T16:25:08+00:00\",\"description\":\"Le Fil d&#039;Ariane - T\u00e9l\u00e9chargements des fiches d'inscription \u00e0 nos activit\u00e9s. Le Fil d'Ariane, cours et stages de cirque\",\"breadcrumb\":{\"@id\":\"https:\/\/filariane.com\/?page_id=59#breadcrumb\"},\"inLanguage\":\"fr-FR\",\"potentialAction\":[{\"@type\":\"ReadAction\",\"target\":[\"https:\/\/filariane.com\/?page_id=59\"]}]},{\"@type\":\"ImageObject\",\"inLanguage\":\"fr-FR\",\"@id\":\"https:\/\/filariane.com\/?page_id=59#primaryimage\",\"url\":\"https:\/\/filariane.com\/wp-content\/uploads\/2020\/04\/16.jpg\",\"contentUrl\":\"https:\/\/filariane.com\/wp-content\/uploads\/2020\/04\/16.jpg\",\"width\":700,\"height\":485,\"caption\":\"Une aventure commune\"},{\"@type\":\"BreadcrumbList\",\"@id\":\"https:\/\/filariane.com\/?page_id=59#breadcrumb\",\"itemListElement\":[{\"@type\":\"ListItem\",\"position\":1,\"name\":\"Accueil\",\"item\":\"https:\/\/filariane.com\/\"},{\"@type\":\"ListItem\",\"position\":2,\"name\":\"Les t\u00e9l\u00e9chargements du Fil d'Ariane\"}]},{\"@type\":\"WebSite\",\"@id\":\"https:\/\/filariane.com\/#website\",\"url\":\"https:\/\/filariane.com\/\",\"name\":\"Le Fil d&#039;Ariane\",\"description\":\"les Arts du cirque pour grandir ensemble\",\"publisher\":{\"@id\":\"https:\/\/filariane.com\/#organization\"},\"potentialAction\":[{\"@type\":\"SearchAction\",\"target\":{\"@type\":\"EntryPoint\",\"urlTemplate\":\"https:\/\/filariane.com\/?s={search_term_string}\"},\"query-input\":{\"@type\":\"PropertyValueSpecification\",\"valueRequired\":true,\"valueName\":\"search_term_string\"}}],\"inLanguage\":\"fr-FR\"},{\"@type\":\"Organization\",\"@id\":\"https:\/\/filariane.com\/#organization\",\"name\":\"Le Fil d'Ariane\",\"url\":\"https:\/\/filariane.com\/\",\"logo\":{\"@type\":\"ImageObject\",\"inLanguage\":\"fr-FR\",\"@id\":\"https:\/\/filariane.com\/#\/schema\/logo\/image\/\",\"url\":\"https:\/\/filariane.com\/wp-content\/uploads\/2020\/04\/Fichier-1@2x.png\",\"contentUrl\":\"https:\/\/filariane.com\/wp-content\/uploads\/2020\/04\/Fichier-1@2x.png\",\"width\":1103,\"height\":569,\"caption\":\"Le Fil d'Ariane\"},\"image\":{\"@id\":\"https:\/\/filariane.com\/#\/schema\/logo\/image\/\"},\"sameAs\":[\"https:\/\/www.facebook.com\/lefildarianecirque\",\"https:\/\/www.instagram.com\/filariane_cirque\/\"]}]}<\/script>\n<!-- \/ Yoast SEO plugin. -->","yoast_head_json":{"title":"Le Fil d&#039;Ariane - T\u00e9l\u00e9chargements - Les fiches d'inscriptions \u00e0 t\u00e9l\u00e9charger","description":"Le Fil d&#039;Ariane - T\u00e9l\u00e9chargements des fiches d'inscription \u00e0 nos activit\u00e9s. Le Fil d'Ariane, cours et stages de cirque","robots":{"index":"index","follow":"follow","max-snippet":"max-snippet:-1","max-image-preview":"max-image-preview:large","max-video-preview":"max-video-preview:-1"},"canonical":"https:\/\/filariane.com\/?page_id=59","og_locale":"fr_FR","og_type":"article","og_title":"Le Fil d&#039;Ariane - T\u00e9l\u00e9chargements - Les fiches d'inscriptions \u00e0 t\u00e9l\u00e9charger","og_description":"Le Fil d&#039;Ariane - T\u00e9l\u00e9chargements des fiches d'inscription \u00e0 nos activit\u00e9s. Le Fil d'Ariane, cours et stages de cirque","og_url":"https:\/\/filariane.com\/?page_id=59","og_site_name":"Le Fil d&#039;Ariane","article_publisher":"https:\/\/www.facebook.com\/lefildarianecirque","article_modified_time":"2025-08-26T16:25:08+00:00","og_image":[{"width":700,"height":485,"url":"https:\/\/filariane.com\/wp-content\/uploads\/2020\/04\/16.jpg","type":"image\/jpeg"}],"twitter_card":"summary_large_image","twitter_misc":{"Dur\u00e9e de lecture estim\u00e9e":"1 minute"},"schema":{"@context":"https:\/\/schema.org","@graph":[{"@type":"WebPage","@id":"https:\/\/filariane.com\/?page_id=59","url":"https:\/\/filariane.com\/?page_id=59","name":"Le Fil d&#039;Ariane - T\u00e9l\u00e9chargements - Les fiches d'inscriptions \u00e0 t\u00e9l\u00e9charger","isPartOf":{"@id":"https:\/\/filariane.com\/#website"},"primaryImageOfPage":{"@id":"https:\/\/filariane.com\/?page_id=59#primaryimage"},"image":{"@id":"https:\/\/filariane.com\/?page_id=59#primaryimage"},"thumbnailUrl":"http:\/\/filariane.com\/wp-content\/uploads\/2020\/04\/16.jpg","datePublished":"2020-04-07T19:12:38+00:00","dateModified":"2025-08-26T16:25:08+00:00","description":"Le Fil d&#039;Ariane - T\u00e9l\u00e9chargements des fiches d'inscription \u00e0 nos activit\u00e9s. Le Fil d'Ariane, cours et stages de cirque","breadcrumb":{"@id":"https:\/\/filariane.com\/?page_id=59#breadcrumb"},"inLanguage":"fr-FR","potentialAction":[{"@type":"ReadAction","target":["https:\/\/filariane.com\/?page_id=59"]}]},{"@type":"ImageObject","inLanguage":"fr-FR","@id":"https:\/\/filariane.com\/?page_id=59#primaryimage","url":"https:\/\/filariane.com\/wp-content\/uploads\/2020\/04\/16.jpg","contentUrl":"https:\/\/filariane.com\/wp-content\/uploads\/2020\/04\/16.jpg","width":700,"height":485,"caption":"Une aventure commune"},{"@type":"BreadcrumbList","@id":"https:\/\/filariane.com\/?page_id=59#breadcrumb","itemListElement":[{"@type":"ListItem","position":1,"name":"Accueil","item":"https:\/\/filariane.com\/"},{"@type":"ListItem","position":2,"name":"Les t\u00e9l\u00e9chargements du Fil d'Ariane"}]},{"@type":"WebSite","@id":"https:\/\/filariane.com\/#website","url":"https:\/\/filariane.com\/","name":"Le Fil d&#039;Ariane","description":"les Arts du cirque pour grandir ensemble","publisher":{"@id":"https:\/\/filariane.com\/#organization"},"potentialAction":[{"@type":"SearchAction","target":{"@type":"EntryPoint","urlTemplate":"https:\/\/filariane.com\/?s={search_term_string}"},"query-input":{"@type":"PropertyValueSpecification","valueRequired":true,"valueName":"search_term_string"}}],"inLanguage":"fr-FR"},{"@type":"Organization","@id":"https:\/\/filariane.com\/#organization","name":"Le Fil d'Ariane","url":"https:\/\/filariane.com\/","logo":{"@type":"ImageObject","inLanguage":"fr-FR","@id":"https:\/\/filariane.com\/#\/schema\/logo\/image\/","url":"https:\/\/filariane.com\/wp-content\/uploads\/2020\/04\/Fichier-1@2x.png","contentUrl":"https:\/\/filariane.com\/wp-content\/uploads\/2020\/04\/Fichier-1@2x.png","width":1103,"height":569,"caption":"Le Fil d'Ariane"},"image":{"@id":"https:\/\/filariane.com\/#\/schema\/logo\/image\/"},"sameAs":["https:\/\/www.facebook.com\/lefildarianecirque","https:\/\/www.instagram.com\/filariane_cirque\/"]}]}},"_links":{"self":[{"href":"https:\/\/filariane.com\/index.php?rest_route=\/wp\/v2\/pages\/59","targetHints":{"allow":["GET"]}}],"collection":[{"href":"https:\/\/filariane.com\/index.php?rest_route=\/wp\/v2\/pages"}],"about":[{"href":"https:\/\/filariane.com\/index.php?rest_route=\/wp\/v2\/types\/page"}],"author":[{"embeddable":true,"href":"https:\/\/filariane.com\/index.php?rest_route=\/wp\/v2\/users\/2"}],"replies":[{"embeddable":true,"href":"https:\/\/filariane.com\/index.php?rest_route=%2Fwp%2Fv2%2Fcomments&post=59"}],"version-history":[{"count":34,"href":"https:\/\/filariane.com\/index.php?rest_route=\/wp\/v2\/pages\/59\/revisions"}],"predecessor-version":[{"id":25984,"href":"https:\/\/filariane.com\/index.php?rest_route=\/wp\/v2\/pages\/59\/revisions\/25984"}],"wp:attachment":[{"href":"https:\/\/filariane.com\/index.php?rest_route=%2Fwp%2Fv2%2Fmedia&parent=59"}],"curies":[{"name":"wp","href":"https:\/\/api.w.org\/{rel}","templated":true}]}}