{"id":93,"date":"2020-04-08T17:55:16","date_gmt":"2020-04-08T15:55:16","guid":{"rendered":"http:\/\/filariane.com\/?page_id=93"},"modified":"2025-08-28T16:42:10","modified_gmt":"2025-08-28T14:42:10","slug":"un-cirque-pour-tous","status":"publish","type":"page","link":"https:\/\/filariane.com\/","title":{"rendered":"Un cirque pour tous"},"content":{"rendered":"\n<figure class=\"wp-block-gallery has-nested-images columns-default is-cropped wp-block-gallery-1 is-layout-flex wp-block-gallery-is-layout-flex\">\n<figure class=\"wp-block-image size-large\"><img loading=\"lazy\" decoding=\"async\" width=\"2357\" height=\"920\" data-id=\"25986\" src=\"https:\/\/filariane.com\/wp-content\/uploads\/2025\/08\/LOGO-FIL-ARIANE-2025-en-png.png\" alt=\"le fil d'Ariane - \u00e9cole de cirque\" class=\"wp-image-25986\"\/><\/figure>\n<\/figure>\n\n\n\n<p style=\"font-size:15px\">\u00ab\u00a0Un Cirque pour Tous\u00a0\u00bb est un projet de positionnement politique et social.<\/p>\n\n\n\n<p style=\"font-size:15px\">Nous envisageons la pratique des Arts du Cirque comme un moyen d\u2019\u00e9ducation culturelle et sociale. <\/p>\n\n\n\n<p style=\"font-size:15px\">L&rsquo;association LE FIL d&rsquo;ARIANE s&#8217;empare des valeurs du mouvement d\u2019\u00e9ducation populaire.<br>Les Arts du Cirque v\u00e9hiculent d<a rel=\"noreferrer noopener\" href=\"http:\/\/filariane.com\/?page_id=38\" target=\"_blank\">es valeurs de libre pens\u00e9e<\/a> et d\u2019accueil de la diff\u00e9rence sans pros\u00e9lytisme.<br>Nous ne revendiquons pas simplement notre comp\u00e9tence \u00e0 enseigner les disciplines du Cirque mais bien \u00e0 utiliser les Arts du Cirque comme moyens d\u2019\u00e9ducation et de d\u00e9veloppement social.<\/p>\n\n\n\n<p style=\"font-size:15px\">Dans ce but, LE FIL D&rsquo;ARIANE fait parti du r\u00e9seau national de la <a href=\"http:\/\/www.ffec.asso.fr\/\" target=\"_blank\" rel=\"noreferrer noopener\">F\u00e9d\u00e9ration Fran\u00e7aise des \u00c9coles de Cirque.<\/a><\/p>\n\n\n\n<h2 class=\"wp-block-heading\">LE FIL D&rsquo;ARIANE d\u00e9veloppe depuis 2015 le projet \u00ab Un cirque pour tous \u00bb.<\/h2>\n\n\n\n<p><br>Il s\u2019agit d\u2019un <a href=\"http:\/\/filariane.com\/?page_id=53\" target=\"_blank\" rel=\"noreferrer noopener\">projet tout-terrain, tous publics<\/a>, fait<mark class=\"annotation-text annotation-text-yoast\" id=\"annotation-text-1b5a3796-bafb-4a0e-9ae7-d25f8d9e58c5\"><\/mark> de rencontres et d\u2019impr\u00e9vus en direction :<\/p>\n\n\n\n<ul class=\"wp-block-list\">\n<li>De publics \u00e9loign\u00e9s ou emp\u00each\u00e9s : structures de prise en charge du handicap (IME, CAMSP, CMP, FAM, <a href=\"https:\/\/filariane.com\/?p=25745\">EHPAD<\/a>&#8230;)<\/li>\n\n\n\n<li>De publics \u00ab premiers acc\u00e8s \u00bb : centre de loisirs, cr\u00e8ches\u2026<\/li>\n\n\n\n<li>De personnes sous main de la justice : maisons d\u2019arr\u00eat, PJJ\u2026<\/li>\n\n\n\n<li>D&rsquo;\u00e9tablissements scolaires : interventions ponctuelles ou \u00e0 l\u2019ann\u00e9e aupr\u00e8s d\u2019\u00e9coles maternelles, primaires, coll\u00e8ges et lyc\u00e9es.<\/li>\n\n\n\n<li><a rel=\"noreferrer noopener\" href=\"http:\/\/filariane.com\/?page_id=50\" target=\"_blank\">Des Team Building<\/a><\/li>\n<\/ul>\n\n\n<div class=\"wp-block-image is-style-rounded\">\n<figure class=\"alignleft size-large is-resized\"><img loading=\"lazy\" decoding=\"async\" width=\"700\" height=\"460\" src=\"http:\/\/filariane.com\/wp-content\/uploads\/2020\/04\/15.jpg\" alt=\"&quot;cirque pour tous&quot; au centre de loisirs\" class=\"wp-image-159\" style=\"width:487px;height:319px\" srcset=\"https:\/\/filariane.com\/wp-content\/uploads\/2020\/04\/15.jpg 700w, https:\/\/filariane.com\/wp-content\/uploads\/2020\/04\/15-300x197.jpg 300w\" sizes=\"auto, (max-width: 700px) 100vw, 700px\" \/><figcaption class=\"wp-element-caption\">Cirque en centre de loisirs<\/figcaption><\/figure>\n<\/div>\n\n\n<p style=\"font-size:15px\">LE FIL D&rsquo;ARIANE s\u2019enracine sur son territoire. Nous proposons<a rel=\"noreferrer noopener\" href=\"http:\/\/filariane.com\/?page_id=44\" target=\"_blank\"> des cours hebdomadaires <\/a>et des projets mutualis\u00e9s avec d\u2019autres structures culturelles ou sportives. Ceci afin de favoriser la mixit\u00e9 sociale, culturelle et \u00e9ducative.<\/p>\n\n\n\n<p>L&rsquo;association LE FIL D&rsquo;ARIANE soutient la cr\u00e9ation d\u2019\u0153uvres. Une premi\u00e8re coproduction a eue lieu en 2022 pour le spectacle : <a href=\"http:\/\/filariane.com\/?page_id=347\" target=\"_blank\" rel=\"noreferrer noopener\">\u00ab\u00a0L&rsquo;Incroyable histoire de J\u00e9r\u00e9my Fisher\u00a0\u00bb<\/a><\/p>\n\n\n\n<figure class=\"wp-block-gallery has-nested-images columns-default is-cropped wp-block-gallery-2 is-layout-flex wp-block-gallery-is-layout-flex\">\n<figure class=\"wp-block-image size-large\"><img loading=\"lazy\" decoding=\"async\" width=\"375\" height=\"500\" data-id=\"25483\" src=\"https:\/\/filariane.com\/wp-content\/uploads\/2022\/07\/vauvban1.jpg\" alt=\"\" class=\"wp-image-25483\"\/><figcaption class=\"wp-element-caption\">quartier du Vauban \u00e0 Port St Louis du Rh\u00f4ne<\/figcaption><\/figure>\n\n\n\n<figure class=\"wp-block-image size-large\"><img loading=\"lazy\" decoding=\"async\" width=\"500\" height=\"375\" data-id=\"25484\" src=\"https:\/\/filariane.com\/wp-content\/uploads\/2022\/07\/vauvban2.jpg\" alt=\"quartier du Vauban \u00e0 Port St Louis du Rhone\" class=\"wp-image-25484\"\/><figcaption class=\"wp-element-caption\">quartier du Vauban \u00e0 Port St Louis du Rh\u00f4ne<\/figcaption><\/figure>\n<\/figure>\n","protected":false},"excerpt":{"rendered":"<p>\u00ab\u00a0Un Cirque pour Tous\u00a0\u00bb est un projet de positionnement politique et social. Nous envisageons la pratique des Arts du Cirque comme un moyen d\u2019\u00e9ducation culturelle et sociale. L&rsquo;association LE FIL d&rsquo;ARIANE s&#8217;empare des valeurs du mouvement d\u2019\u00e9ducation populaire.Les Arts du Cirque v\u00e9hiculent des valeurs de libre pens\u00e9e et d\u2019accueil de la diff\u00e9rence sans pros\u00e9lytisme.Nous ne &hellip; <\/p>\n<p class=\"link-more\"><a href=\"https:\/\/filariane.com\/\" class=\"more-link\">Continuer la lecture<span class=\"screen-reader-text\"> de &laquo;&nbsp;Un cirque pour tous&nbsp;&raquo;<\/span><\/a><\/p>\n","protected":false},"author":2,"featured_media":0,"parent":0,"menu_order":0,"comment_status":"closed","ping_status":"closed","template":"","meta":{"footnotes":""},"class_list":["post-93","page","type-page","status-publish","hentry"],"yoast_head":"<!-- This site is optimized with the Yoast SEO plugin v26.8 - https:\/\/yoast.com\/product\/yoast-seo-wordpress\/ -->\n<title>Le Fil d&#039;Ariane - Un cirque pour tous - &quot;Un cirque pour tous&quot;<\/title>\n<meta name=\"description\" content=\"Le Fil d&#039;Ariane - Un cirque pour tous - &quot;Un cirque pour tous&quot; : projet social, \u00e9ducatif et culturel \u00e0 destination de tous.\" \/>\n<meta name=\"robots\" content=\"index, follow, max-snippet:-1, max-image-preview:large, max-video-preview:-1\" \/>\n<link rel=\"canonical\" href=\"https:\/\/filariane.com\/\" \/>\n<meta property=\"og:locale\" content=\"fr_FR\" \/>\n<meta property=\"og:type\" content=\"article\" \/>\n<meta property=\"og:title\" content=\"Le Fil d&#039;Ariane - Un cirque pour tous - &quot;Un cirque pour tous&quot;\" \/>\n<meta property=\"og:description\" content=\"Le Fil d&#039;Ariane - Un cirque pour tous - &quot;Un cirque pour tous&quot; : projet social, \u00e9ducatif et culturel \u00e0 destination de tous.\" \/>\n<meta property=\"og:url\" content=\"https:\/\/filariane.com\/\" \/>\n<meta property=\"og:site_name\" content=\"Le Fil d&#039;Ariane\" \/>\n<meta property=\"article:publisher\" content=\"https:\/\/www.facebook.com\/lefildarianecirque\" \/>\n<meta property=\"article:modified_time\" content=\"2025-08-28T14:42:10+00:00\" \/>\n<meta property=\"og:image\" content=\"https:\/\/filariane.com\/wp-content\/uploads\/2025\/08\/LOGO-FIL-ARIANE-2025-en-png.png\" \/>\n\t<meta property=\"og:image:width\" content=\"2357\" \/>\n\t<meta property=\"og:image:height\" content=\"920\" \/>\n\t<meta property=\"og:image:type\" content=\"image\/png\" \/>\n<meta name=\"twitter:card\" content=\"summary_large_image\" \/>\n<meta name=\"twitter:label1\" content=\"Dur\u00e9e de lecture estim\u00e9e\" \/>\n\t<meta name=\"twitter:data1\" content=\"3 minutes\" \/>\n<script type=\"application\/ld+json\" class=\"yoast-schema-graph\">{\"@context\":\"https:\/\/schema.org\",\"@graph\":[{\"@type\":\"WebPage\",\"@id\":\"https:\/\/filariane.com\/\",\"url\":\"https:\/\/filariane.com\/\",\"name\":\"Le Fil d&#039;Ariane - Un cirque pour tous - \\\"Un cirque pour tous\\\"\",\"isPartOf\":{\"@id\":\"https:\/\/filariane.com\/#website\"},\"primaryImageOfPage\":{\"@id\":\"https:\/\/filariane.com\/#primaryimage\"},\"image\":{\"@id\":\"https:\/\/filariane.com\/#primaryimage\"},\"thumbnailUrl\":\"https:\/\/filariane.com\/wp-content\/uploads\/2025\/08\/LOGO-FIL-ARIANE-2025-en-png.png\",\"datePublished\":\"2020-04-08T15:55:16+00:00\",\"dateModified\":\"2025-08-28T14:42:10+00:00\",\"description\":\"Le Fil d&#039;Ariane - Un cirque pour tous - \\\"Un cirque pour tous\\\" : projet social, \u00e9ducatif et culturel \u00e0 destination de tous.\",\"breadcrumb\":{\"@id\":\"https:\/\/filariane.com\/#breadcrumb\"},\"inLanguage\":\"fr-FR\",\"potentialAction\":[{\"@type\":\"ReadAction\",\"target\":[\"https:\/\/filariane.com\/\"]}]},{\"@type\":\"ImageObject\",\"inLanguage\":\"fr-FR\",\"@id\":\"https:\/\/filariane.com\/#primaryimage\",\"url\":\"https:\/\/filariane.com\/wp-content\/uploads\/2025\/08\/LOGO-FIL-ARIANE-2025-en-png.png\",\"contentUrl\":\"https:\/\/filariane.com\/wp-content\/uploads\/2025\/08\/LOGO-FIL-ARIANE-2025-en-png.png\",\"width\":2357,\"height\":920,\"caption\":\"le fil d'Ariane - \u00e9cole de cirque\"},{\"@type\":\"BreadcrumbList\",\"@id\":\"https:\/\/filariane.com\/#breadcrumb\",\"itemListElement\":[{\"@type\":\"ListItem\",\"position\":1,\"name\":\"Accueil\",\"item\":\"https:\/\/filariane.com\/\"},{\"@type\":\"ListItem\",\"position\":2,\"name\":\"Un cirque pour tous\"}]},{\"@type\":\"WebSite\",\"@id\":\"https:\/\/filariane.com\/#website\",\"url\":\"https:\/\/filariane.com\/\",\"name\":\"Le Fil d&#039;Ariane\",\"description\":\"les Arts du cirque pour grandir ensemble\",\"publisher\":{\"@id\":\"https:\/\/filariane.com\/#organization\"},\"potentialAction\":[{\"@type\":\"SearchAction\",\"target\":{\"@type\":\"EntryPoint\",\"urlTemplate\":\"https:\/\/filariane.com\/?s={search_term_string}\"},\"query-input\":{\"@type\":\"PropertyValueSpecification\",\"valueRequired\":true,\"valueName\":\"search_term_string\"}}],\"inLanguage\":\"fr-FR\"},{\"@type\":\"Organization\",\"@id\":\"https:\/\/filariane.com\/#organization\",\"name\":\"Le Fil d'Ariane\",\"url\":\"https:\/\/filariane.com\/\",\"logo\":{\"@type\":\"ImageObject\",\"inLanguage\":\"fr-FR\",\"@id\":\"https:\/\/filariane.com\/#\/schema\/logo\/image\/\",\"url\":\"https:\/\/filariane.com\/wp-content\/uploads\/2020\/04\/Fichier-1@2x.png\",\"contentUrl\":\"https:\/\/filariane.com\/wp-content\/uploads\/2020\/04\/Fichier-1@2x.png\",\"width\":1103,\"height\":569,\"caption\":\"Le Fil d'Ariane\"},\"image\":{\"@id\":\"https:\/\/filariane.com\/#\/schema\/logo\/image\/\"},\"sameAs\":[\"https:\/\/www.facebook.com\/lefildarianecirque\",\"https:\/\/www.instagram.com\/filariane_cirque\/\"]}]}<\/script>\n<!-- \/ Yoast SEO plugin. -->","yoast_head_json":{"title":"Le Fil d&#039;Ariane - Un cirque pour tous - \"Un cirque pour tous\"","description":"Le Fil d&#039;Ariane - Un cirque pour tous - \"Un cirque pour tous\" : projet social, \u00e9ducatif et culturel \u00e0 destination de tous.","robots":{"index":"index","follow":"follow","max-snippet":"max-snippet:-1","max-image-preview":"max-image-preview:large","max-video-preview":"max-video-preview:-1"},"canonical":"https:\/\/filariane.com\/","og_locale":"fr_FR","og_type":"article","og_title":"Le Fil d&#039;Ariane - Un cirque pour tous - \"Un cirque pour tous\"","og_description":"Le Fil d&#039;Ariane - Un cirque pour tous - \"Un cirque pour tous\" : projet social, \u00e9ducatif et culturel \u00e0 destination de tous.","og_url":"https:\/\/filariane.com\/","og_site_name":"Le Fil d&#039;Ariane","article_publisher":"https:\/\/www.facebook.com\/lefildarianecirque","article_modified_time":"2025-08-28T14:42:10+00:00","og_image":[{"width":2357,"height":920,"url":"https:\/\/filariane.com\/wp-content\/uploads\/2025\/08\/LOGO-FIL-ARIANE-2025-en-png.png","type":"image\/png"}],"twitter_card":"summary_large_image","twitter_misc":{"Dur\u00e9e de lecture estim\u00e9e":"3 minutes"},"schema":{"@context":"https:\/\/schema.org","@graph":[{"@type":"WebPage","@id":"https:\/\/filariane.com\/","url":"https:\/\/filariane.com\/","name":"Le Fil d&#039;Ariane - Un cirque pour tous - \"Un cirque pour tous\"","isPartOf":{"@id":"https:\/\/filariane.com\/#website"},"primaryImageOfPage":{"@id":"https:\/\/filariane.com\/#primaryimage"},"image":{"@id":"https:\/\/filariane.com\/#primaryimage"},"thumbnailUrl":"https:\/\/filariane.com\/wp-content\/uploads\/2025\/08\/LOGO-FIL-ARIANE-2025-en-png.png","datePublished":"2020-04-08T15:55:16+00:00","dateModified":"2025-08-28T14:42:10+00:00","description":"Le Fil d&#039;Ariane - Un cirque pour tous - \"Un cirque pour tous\" : projet social, \u00e9ducatif et culturel \u00e0 destination de tous.","breadcrumb":{"@id":"https:\/\/filariane.com\/#breadcrumb"},"inLanguage":"fr-FR","potentialAction":[{"@type":"ReadAction","target":["https:\/\/filariane.com\/"]}]},{"@type":"ImageObject","inLanguage":"fr-FR","@id":"https:\/\/filariane.com\/#primaryimage","url":"https:\/\/filariane.com\/wp-content\/uploads\/2025\/08\/LOGO-FIL-ARIANE-2025-en-png.png","contentUrl":"https:\/\/filariane.com\/wp-content\/uploads\/2025\/08\/LOGO-FIL-ARIANE-2025-en-png.png","width":2357,"height":920,"caption":"le fil d'Ariane - \u00e9cole de cirque"},{"@type":"BreadcrumbList","@id":"https:\/\/filariane.com\/#breadcrumb","itemListElement":[{"@type":"ListItem","position":1,"name":"Accueil","item":"https:\/\/filariane.com\/"},{"@type":"ListItem","position":2,"name":"Un cirque pour tous"}]},{"@type":"WebSite","@id":"https:\/\/filariane.com\/#website","url":"https:\/\/filariane.com\/","name":"Le Fil d&#039;Ariane","description":"les Arts du cirque pour grandir ensemble","publisher":{"@id":"https:\/\/filariane.com\/#organization"},"potentialAction":[{"@type":"SearchAction","target":{"@type":"EntryPoint","urlTemplate":"https:\/\/filariane.com\/?s={search_term_string}"},"query-input":{"@type":"PropertyValueSpecification","valueRequired":true,"valueName":"search_term_string"}}],"inLanguage":"fr-FR"},{"@type":"Organization","@id":"https:\/\/filariane.com\/#organization","name":"Le Fil d'Ariane","url":"https:\/\/filariane.com\/","logo":{"@type":"ImageObject","inLanguage":"fr-FR","@id":"https:\/\/filariane.com\/#\/schema\/logo\/image\/","url":"https:\/\/filariane.com\/wp-content\/uploads\/2020\/04\/Fichier-1@2x.png","contentUrl":"https:\/\/filariane.com\/wp-content\/uploads\/2020\/04\/Fichier-1@2x.png","width":1103,"height":569,"caption":"Le Fil d'Ariane"},"image":{"@id":"https:\/\/filariane.com\/#\/schema\/logo\/image\/"},"sameAs":["https:\/\/www.facebook.com\/lefildarianecirque","https:\/\/www.instagram.com\/filariane_cirque\/"]}]}},"_links":{"self":[{"href":"https:\/\/filariane.com\/index.php?rest_route=\/wp\/v2\/pages\/93","targetHints":{"allow":["GET"]}}],"collection":[{"href":"https:\/\/filariane.com\/index.php?rest_route=\/wp\/v2\/pages"}],"about":[{"href":"https:\/\/filariane.com\/index.php?rest_route=\/wp\/v2\/types\/page"}],"author":[{"embeddable":true,"href":"https:\/\/filariane.com\/index.php?rest_route=\/wp\/v2\/users\/2"}],"replies":[{"embeddable":true,"href":"https:\/\/filariane.com\/index.php?rest_route=%2Fwp%2Fv2%2Fcomments&post=93"}],"version-history":[{"count":31,"href":"https:\/\/filariane.com\/index.php?rest_route=\/wp\/v2\/pages\/93\/revisions"}],"predecessor-version":[{"id":25992,"href":"https:\/\/filariane.com\/index.php?rest_route=\/wp\/v2\/pages\/93\/revisions\/25992"}],"wp:attachment":[{"href":"https:\/\/filariane.com\/index.php?rest_route=%2Fwp%2Fv2%2Fmedia&parent=93"}],"curies":[{"name":"wp","href":"https:\/\/api.w.org\/{rel}","templated":true}]}}